{"id":6062,"date":"2025-06-28T17:39:20","date_gmt":"2025-06-28T15:39:20","guid":{"rendered":"https:\/\/uj.adatbank.ro\/lexikon\/termek\/csedo-gergely-andras-p\/"},"modified":"2025-06-28T17:39:20","modified_gmt":"2025-06-28T15:39:20","slug":"csedo-gergely-andras-p","status":"publish","type":"product","link":"https:\/\/uj.adatbank.ro\/lexikon\/termek\/csedo-gergely-andras-p\/","title":{"rendered":"CSED\u0150 Gergely Andr\u00e1s, P."},"content":{"rendered":"<p>Cs\u00edkszentgy\u00f6rgy, 1695., \u2020 Mikh\u00e1za, 1779. jan. 2.: r. k. szerzetes, h\u00e1zf\u0151n\u00f6k. \u2013 Ferencrendi szerzetes, be\u00f6lt\u00f6z\u00f6tt (1719. j\u00fan. 20.), felszentelt\u00e9k (1725. szept. 12.). Maros-sz\u00e9ki r. k. esperes. Az els\u0151 mv.-i ferences h\u00e1zf\u0151n\u00f6k. Haller J\u00e1nos gubern\u00e1tor k\u00e9r\u00e9s\u00e9re a v\u00e1rosi tan\u00e1cs beleegyezett a ferencesek Mv.-re telep\u00edt\u00e9s\u00e9be (1735). Mv.-en feladata volt, az \u00fajonnan v\u00e1s\u00e1rolt telken \u00e9s \u00e9p\u00fcletben, k\u00e1poln\u00e1t \u00e9s cell\u00e1kat kialak\u00edtani. A Mv.-re visszatelepedett francisk\u00e1nus aty\u00e1k kezdt\u00e9k a rendh\u00e1z \u00e9p\u00edt\u00e9s\u00e9t (1735\u2013). <br \/><strong>Irod.:<\/strong> Gy\u00f6rgy: A ferencrendiek; Id\u0151t\u00e1r 1.; Lokodi Imre: A ferences rendtartom\u00e1ny v\u00e1s\u00e1rhelyi \u00fcnnepe (N\u00fa., 2002. m\u00e1j. 30.); P\u00e1l-Antal 2004<\/br><\/p>\n","protected":false},"excerpt":{"rendered":"<p>Cs\u00edkszentgy\u00f6rgy, 1695., \u2020 Mikh\u00e1za, 1779. jan. 2.: r. k. szerzetes, h\u00e1zf\u0151n\u00f6k. \u2013 Ferencrendi szerzetes, be\u00f6lt\u00f6z\u00f6tt (1719. j\u00fan. 20.), felszentelt\u00e9k (1725. szept. 12.). Maros-sz\u00e9ki r. k. esperes. Az els\u0151 mv.-i ferences h\u00e1zf\u0151n\u00f6k. Haller J\u00e1nos gubern\u00e1tor k\u00e9r\u00e9s\u00e9re a v\u00e1rosi tan\u00e1cs beleegyezett a ferencesek Mv.-re telep\u00edt\u00e9s\u00e9be (1735). Mv.-en feladata volt, az \u00fajonnan v\u00e1s\u00e1rolt telken \u00e9s \u00e9p\u00fcletben, k\u00e1poln\u00e1t \u00e9s [&hellip;]<\/p>\n","protected":false},"featured_media":0,"comment_status":"open","ping_status":"closed","template":"","meta":[],"product_brand":[],"product_cat":[137],"product_tag":[],"class_list":{"0":"post-6062","1":"product","2":"type-product","3":"status-publish","5":"product_cat-maros-megyei-eletrajzi-lexikon","7":"first","8":"instock","9":"shipping-taxable","10":"product-type-simple"},"_links":{"self":[{"href":"https:\/\/uj.adatbank.ro\/lexikon\/wp-json\/wp\/v2\/product\/6062","targetHints":{"allow":["GET"]}}],"collection":[{"href":"https:\/\/uj.adatbank.ro\/lexikon\/wp-json\/wp\/v2\/product"}],"about":[{"href":"https:\/\/uj.adatbank.ro\/lexikon\/wp-json\/wp\/v2\/types\/product"}],"replies":[{"embeddable":true,"href":"https:\/\/uj.adatbank.ro\/lexikon\/wp-json\/wp\/v2\/comments?post=6062"}],"wp:attachment":[{"href":"https:\/\/uj.adatbank.ro\/lexikon\/wp-json\/wp\/v2\/media?parent=6062"}],"wp:term":[{"taxonomy":"product_brand","embeddable":true,"href":"https:\/\/uj.adatbank.ro\/lexikon\/wp-json\/wp\/v2\/product_brand?post=6062"},{"taxonomy":"product_cat","embeddable":true,"href":"https:\/\/uj.adatbank.ro\/lexikon\/wp-json\/wp\/v2\/product_cat?post=6062"},{"taxonomy":"product_tag","embeddable":true,"href":"https:\/\/uj.adatbank.ro\/lexikon\/wp-json\/wp\/v2\/product_tag?post=6062"}],"curies":[{"name":"wp","href":"https:\/\/api.w.org\/{rel}","templated":true}]}}