{"id":6065,"date":"2025-06-28T17:39:27","date_gmt":"2025-06-28T15:39:27","guid":{"rendered":"https:\/\/uj.adatbank.ro\/lexikon\/termek\/csegezi-endre\/"},"modified":"2025-06-28T17:39:27","modified_gmt":"2025-06-28T15:39:27","slug":"csegezi-endre","status":"publish","type":"product","link":"https:\/\/uj.adatbank.ro\/lexikon\/termek\/csegezi-endre\/","title":{"rendered":"CSEGEZI Endre"},"content":{"rendered":"<p>? \u2020\u00a0Mv,. 2001. nov. 6., B\u00e1gyonban temett\u00e9k.: m\u00e9rn\u00f6k. \u2013 \u00c1llatteny\u00e9szt\u0151 m\u00e9rn\u00f6k. A Maros Megyei \u00c1llatteny\u00e9szt\u0151 \u00e9s Szaporod\u00e1s-Biol\u00f3giai Hivatal \u00e1llatteny\u00e9szt\u0151 oszt\u00e1lyvezet\u0151je. <br \/><strong>Irod.:<\/strong> [Nekrol\u00f3g] (N\u00fa., 2001. nov.?.)<\/br><\/p>\n","protected":false},"excerpt":{"rendered":"<p>? \u2020\u00a0Mv,. 2001. nov. 6., B\u00e1gyonban temett\u00e9k.: m\u00e9rn\u00f6k. \u2013 \u00c1llatteny\u00e9szt\u0151 m\u00e9rn\u00f6k. A Maros Megyei \u00c1llatteny\u00e9szt\u0151 \u00e9s Szaporod\u00e1s-Biol\u00f3giai Hivatal \u00e1llatteny\u00e9szt\u0151 oszt\u00e1lyvezet\u0151je. Irod.: [Nekrol\u00f3g] (N\u00fa., 2001. nov.?.)<\/p>\n","protected":false},"featured_media":0,"comment_status":"open","ping_status":"closed","template":"","meta":[],"product_brand":[],"product_cat":[137],"product_tag":[],"class_list":{"0":"post-6065","1":"product","2":"type-product","3":"status-publish","5":"product_cat-maros-megyei-eletrajzi-lexikon","7":"first","8":"instock","9":"shipping-taxable","10":"product-type-simple"},"_links":{"self":[{"href":"https:\/\/uj.adatbank.ro\/lexikon\/wp-json\/wp\/v2\/product\/6065","targetHints":{"allow":["GET"]}}],"collection":[{"href":"https:\/\/uj.adatbank.ro\/lexikon\/wp-json\/wp\/v2\/product"}],"about":[{"href":"https:\/\/uj.adatbank.ro\/lexikon\/wp-json\/wp\/v2\/types\/product"}],"replies":[{"embeddable":true,"href":"https:\/\/uj.adatbank.ro\/lexikon\/wp-json\/wp\/v2\/comments?post=6065"}],"wp:attachment":[{"href":"https:\/\/uj.adatbank.ro\/lexikon\/wp-json\/wp\/v2\/media?parent=6065"}],"wp:term":[{"taxonomy":"product_brand","embeddable":true,"href":"https:\/\/uj.adatbank.ro\/lexikon\/wp-json\/wp\/v2\/product_brand?post=6065"},{"taxonomy":"product_cat","embeddable":true,"href":"https:\/\/uj.adatbank.ro\/lexikon\/wp-json\/wp\/v2\/product_cat?post=6065"},{"taxonomy":"product_tag","embeddable":true,"href":"https:\/\/uj.adatbank.ro\/lexikon\/wp-json\/wp\/v2\/product_tag?post=6065"}],"curies":[{"name":"wp","href":"https:\/\/api.w.org\/{rel}","templated":true}]}}