{"id":6067,"date":"2025-06-28T17:39:33","date_gmt":"2025-06-28T15:39:33","guid":{"rendered":"https:\/\/uj.adatbank.ro\/lexikon\/termek\/csegoldi-janos\/"},"modified":"2025-06-28T17:39:33","modified_gmt":"2025-06-28T15:39:33","slug":"csegoldi-janos","status":"publish","type":"product","link":"https:\/\/uj.adatbank.ro\/lexikon\/termek\/csegoldi-janos\/","title":{"rendered":"CSEG\u00d6LDI J\u00e1nos"},"content":{"rendered":"<p>? \u2020\u00a0? : ref. lelk\u00e9sz. \u2013 Nagyenyeden subscrib\u00e1lt (1664). Tan\u00edtott K\u00fck\u00fcll\u0151v\u00e1ron, Boldogfalv\u00e1n (1669), Sz\u0151kefalv\u00e1n szolg\u00e1lt mint lelk\u00e9sz (1700). <br \/><strong>Irod.:<\/strong> K\u00fck\u00fcll\u0151i Ref. Egyh\u00e1zm. 1., 3., 4.<\/br><\/p>\n","protected":false},"excerpt":{"rendered":"<p>? \u2020\u00a0? : ref. lelk\u00e9sz. \u2013 Nagyenyeden subscrib\u00e1lt (1664). Tan\u00edtott K\u00fck\u00fcll\u0151v\u00e1ron, Boldogfalv\u00e1n (1669), Sz\u0151kefalv\u00e1n szolg\u00e1lt mint lelk\u00e9sz (1700). Irod.: K\u00fck\u00fcll\u0151i Ref. Egyh\u00e1zm. 1., 3., 4.<\/p>\n","protected":false},"featured_media":0,"comment_status":"open","ping_status":"closed","template":"","meta":[],"product_brand":[],"product_cat":[137],"product_tag":[],"class_list":{"0":"post-6067","1":"product","2":"type-product","3":"status-publish","5":"product_cat-maros-megyei-eletrajzi-lexikon","7":"first","8":"instock","9":"shipping-taxable","10":"product-type-simple"},"_links":{"self":[{"href":"https:\/\/uj.adatbank.ro\/lexikon\/wp-json\/wp\/v2\/product\/6067","targetHints":{"allow":["GET"]}}],"collection":[{"href":"https:\/\/uj.adatbank.ro\/lexikon\/wp-json\/wp\/v2\/product"}],"about":[{"href":"https:\/\/uj.adatbank.ro\/lexikon\/wp-json\/wp\/v2\/types\/product"}],"replies":[{"embeddable":true,"href":"https:\/\/uj.adatbank.ro\/lexikon\/wp-json\/wp\/v2\/comments?post=6067"}],"wp:attachment":[{"href":"https:\/\/uj.adatbank.ro\/lexikon\/wp-json\/wp\/v2\/media?parent=6067"}],"wp:term":[{"taxonomy":"product_brand","embeddable":true,"href":"https:\/\/uj.adatbank.ro\/lexikon\/wp-json\/wp\/v2\/product_brand?post=6067"},{"taxonomy":"product_cat","embeddable":true,"href":"https:\/\/uj.adatbank.ro\/lexikon\/wp-json\/wp\/v2\/product_cat?post=6067"},{"taxonomy":"product_tag","embeddable":true,"href":"https:\/\/uj.adatbank.ro\/lexikon\/wp-json\/wp\/v2\/product_tag?post=6067"}],"curies":[{"name":"wp","href":"https:\/\/api.w.org\/{rel}","templated":true}]}}