{"id":6068,"date":"2025-06-28T17:39:35","date_gmt":"2025-06-28T15:39:35","guid":{"rendered":"https:\/\/uj.adatbank.ro\/lexikon\/termek\/cseh-andor\/"},"modified":"2025-06-28T17:39:35","modified_gmt":"2025-06-28T15:39:35","slug":"cseh-andor","status":"publish","type":"product","link":"https:\/\/uj.adatbank.ro\/lexikon\/termek\/cseh-andor\/","title":{"rendered":"CSEH Andor"},"content":{"rendered":"<p>Marosludas, 1895. szept. 12., \u2020 Kerkhoflaan (Hollandia), 1979. m\u00e1rc. 9.: r. k. lelk\u00e9sz, eszperant\u00f3 nyelv\u00e9sz. \u2013 Teol. tanulm\u00e1nyainak elv\u00e9gz\u00e9se ut\u00e1n erd\u00e9lyi egyh\u00e1zmegy\u00e9s papp\u00e1 szen\u00adtelt\u00e9k (1919). Nagyszebenben r. k. pap (1919\u201324), itt dolgozta ki saj\u00e1t eszperant\u00f3 nyelvtani rendszer\u00e9t (1920), meg\u00faj\u00edtva Zamenhof nemzetk\u00f6zi nyelv\u00e9t. Nyelv\u00adtan\u00edt\u00e1si rendszer\u00e9vel, a k\u00e9s\u0151bb r\u00f3la elnevezett nyelvoktat\u00e1si m\u00f3dszerrel (\u201eCs. -metodo&#8221;) az audiovizu\u00e1lis okta\u00adt\u00e1s egyik \u00fatt\u00f6r\u0151je. T\u00f6bb tanfolyamot rendezett Mv.-n (1920\u201323), Kv.-on (1921\u201323), Buk.-ben (1922\u201324), Ploie\u015fti-ben (1921). A buk.-i Rom\u00e1n Eszperant\u00f3 K\u00f6zpont ala\u00adp\u00edt\u00f3 ig. (1922\u201324). Az egyh\u00e1z elbocs\u00e1totta az egyh\u00e1zm. -b\u0151l, hogy idej\u00e9t \u00e9s erej\u00e9t teljesen az eszperant\u00f3nak szentelhesse. Az Eszperant\u00f3 Vil\u00e1gsz\u00f6vets\u00e9g titk\u00e1ra (Genf, 1924\u2013). Az oktat\u00e1si m\u00f3dszer\u00e9t, a Cseh-m\u00f3dszert, el\u0151ad\u00e1sok keret\u00e9ben Eur\u00f3pa minden nagyobb v\u00e1ros\u00e1ban bemutatta (Edinburg, Danzig, Sv\u00e9do., Bp., Arnhem, Krakko) (1926\u201331), Hollandi\u00e1ban \u00e9lt (1930\u2013) m\u00f3dszere \u00e1pol\u00e1s\u00e1ra alakult meg a Nemzetk\u00f6zi Cseh- Int\u00e9zet (1932), ahol tan\u00edtott. Kat. \u00e9s prot. tan\u00edtv\u00e1nyai egyar\u00e1nt voltak, ezzel megszegte a korabeli egyh\u00e1zi t\u00f6rv\u00e9nyeket, ez\u00e9rt a haarlemi p\u00fcsp\u00f6k felf\u00fcggesztette papi hivat\u00e1s\u00e1b\u00f3l (1935), s az egyh\u00e1z csak 1978-ban rehabilit\u00e1lta. La Practico c\u00edmen foly\u00f3iratot szerkesztett H\u00e1g\u00e1ban (1932\u201341, 1946, 1948\u201379). Az Eszperant\u00f3 Vil\u00e1gsz\u00f6v. rom\u00e1niai f\u0151deleg\u00e1tusa (1921), a genfi Esz\u00adperant\u00f3 Vil\u00e1gsz\u00f6v. titk\u00e1ra (1924-t\u0151l), t. tagja (1934), az Eszperant\u00f3 Akad. tagja (1938\u201369). Sz\u00fcl\u0151h\u00e1z\u00e1n (Crinului u. 30) eml\u00e9kt\u00e1bl\u00e1t helyeztek el (2000). <br \/><strong>Irod.:<\/strong> Guly\u00e1s; Id\u0151t\u00e1r 3; Ludu\u015f; Maros megye; Nagy; Osv\u00e1th; RMIL; Tolok\u00e1n Jen\u0151: Korai magvet\u0151k Eur\u00f3pa mezsgy\u00e9in (N\u00fa., 1997. dec. 10.); \u00daM\u00c9L; Z\u00e1goni Jen\u0151: Saj\u00e1tos \u00e9let\u00fat (A H\u00e9t, 1979\/50)<\/br><\/p>\n","protected":false},"excerpt":{"rendered":"<p>Marosludas, 1895. szept. 12., \u2020 Kerkhoflaan (Hollandia), 1979. m\u00e1rc. 9.: r. k. lelk\u00e9sz, eszperant\u00f3 nyelv\u00e9sz. \u2013 Teol. tanulm\u00e1nyainak elv\u00e9gz\u00e9se ut\u00e1n erd\u00e9lyi egyh\u00e1zmegy\u00e9s papp\u00e1 szen\u00adtelt\u00e9k (1919). Nagyszebenben r. k. pap (1919\u201324), itt dolgozta ki saj\u00e1t eszperant\u00f3 nyelvtani rendszer\u00e9t (1920), meg\u00faj\u00edtva Zamenhof nemzetk\u00f6zi nyelv\u00e9t. Nyelv\u00adtan\u00edt\u00e1si rendszer\u00e9vel, a k\u00e9s\u0151bb r\u00f3la elnevezett nyelvoktat\u00e1si m\u00f3dszerrel (\u201eCs. -metodo&#8221;) az audiovizu\u00e1lis okta\u00adt\u00e1s [&hellip;]<\/p>\n","protected":false},"featured_media":0,"comment_status":"open","ping_status":"closed","template":"","meta":[],"product_brand":[],"product_cat":[137],"product_tag":[],"class_list":{"0":"post-6068","1":"product","2":"type-product","3":"status-publish","5":"product_cat-maros-megyei-eletrajzi-lexikon","7":"first","8":"instock","9":"shipping-taxable","10":"product-type-simple"},"_links":{"self":[{"href":"https:\/\/uj.adatbank.ro\/lexikon\/wp-json\/wp\/v2\/product\/6068","targetHints":{"allow":["GET"]}}],"collection":[{"href":"https:\/\/uj.adatbank.ro\/lexikon\/wp-json\/wp\/v2\/product"}],"about":[{"href":"https:\/\/uj.adatbank.ro\/lexikon\/wp-json\/wp\/v2\/types\/product"}],"replies":[{"embeddable":true,"href":"https:\/\/uj.adatbank.ro\/lexikon\/wp-json\/wp\/v2\/comments?post=6068"}],"wp:attachment":[{"href":"https:\/\/uj.adatbank.ro\/lexikon\/wp-json\/wp\/v2\/media?parent=6068"}],"wp:term":[{"taxonomy":"product_brand","embeddable":true,"href":"https:\/\/uj.adatbank.ro\/lexikon\/wp-json\/wp\/v2\/product_brand?post=6068"},{"taxonomy":"product_cat","embeddable":true,"href":"https:\/\/uj.adatbank.ro\/lexikon\/wp-json\/wp\/v2\/product_cat?post=6068"},{"taxonomy":"product_tag","embeddable":true,"href":"https:\/\/uj.adatbank.ro\/lexikon\/wp-json\/wp\/v2\/product_tag?post=6068"}],"curies":[{"name":"wp","href":"https:\/\/api.w.org\/{rel}","templated":true}]}}