{"id":6073,"date":"2025-06-28T17:39:55","date_gmt":"2025-06-28T15:39:55","guid":{"rendered":"https:\/\/uj.adatbank.ro\/lexikon\/termek\/cseh-istvan\/"},"modified":"2025-06-28T17:39:55","modified_gmt":"2025-06-28T15:39:55","slug":"cseh-istvan","status":"publish","type":"product","link":"https:\/\/uj.adatbank.ro\/lexikon\/termek\/cseh-istvan\/","title":{"rendered":"CSEH Istv\u00e1n"},"content":{"rendered":"<p>? \u2020\u00a0? : jegyz\u0151. \u2013 Nagykenden jegyz\u0151. R\u00e9szt vett Pesty Frigyes eg\u00e9sz Mo.-ra \u00e9s Erd\u00e9lyre kiterjedt helyn\u00e9vgy\u0171jt\u00e9s\u00e9ben (1864\u201365). <br \/><strong>Irod.:<\/strong> Pesty 2014<\/br><\/p>\n","protected":false},"excerpt":{"rendered":"<p>? \u2020\u00a0? : jegyz\u0151. \u2013 Nagykenden jegyz\u0151. R\u00e9szt vett Pesty Frigyes eg\u00e9sz Mo.-ra \u00e9s Erd\u00e9lyre kiterjedt helyn\u00e9vgy\u0171jt\u00e9s\u00e9ben (1864\u201365). Irod.: Pesty 2014<\/p>\n","protected":false},"featured_media":0,"comment_status":"open","ping_status":"closed","template":"","meta":[],"product_brand":[],"product_cat":[137],"product_tag":[],"class_list":{"0":"post-6073","1":"product","2":"type-product","3":"status-publish","5":"product_cat-maros-megyei-eletrajzi-lexikon","7":"first","8":"instock","9":"shipping-taxable","10":"product-type-simple"},"_links":{"self":[{"href":"https:\/\/uj.adatbank.ro\/lexikon\/wp-json\/wp\/v2\/product\/6073","targetHints":{"allow":["GET"]}}],"collection":[{"href":"https:\/\/uj.adatbank.ro\/lexikon\/wp-json\/wp\/v2\/product"}],"about":[{"href":"https:\/\/uj.adatbank.ro\/lexikon\/wp-json\/wp\/v2\/types\/product"}],"replies":[{"embeddable":true,"href":"https:\/\/uj.adatbank.ro\/lexikon\/wp-json\/wp\/v2\/comments?post=6073"}],"wp:attachment":[{"href":"https:\/\/uj.adatbank.ro\/lexikon\/wp-json\/wp\/v2\/media?parent=6073"}],"wp:term":[{"taxonomy":"product_brand","embeddable":true,"href":"https:\/\/uj.adatbank.ro\/lexikon\/wp-json\/wp\/v2\/product_brand?post=6073"},{"taxonomy":"product_cat","embeddable":true,"href":"https:\/\/uj.adatbank.ro\/lexikon\/wp-json\/wp\/v2\/product_cat?post=6073"},{"taxonomy":"product_tag","embeddable":true,"href":"https:\/\/uj.adatbank.ro\/lexikon\/wp-json\/wp\/v2\/product_tag?post=6073"}],"curies":[{"name":"wp","href":"https:\/\/api.w.org\/{rel}","templated":true}]}}