{"id":6074,"date":"2025-06-28T17:39:57","date_gmt":"2025-06-28T15:39:57","guid":{"rendered":"https:\/\/uj.adatbank.ro\/lexikon\/termek\/cseh-jozsefne\/"},"modified":"2025-06-28T17:39:57","modified_gmt":"2025-06-28T15:39:57","slug":"cseh-jozsefne","status":"publish","type":"product","link":"https:\/\/uj.adatbank.ro\/lexikon\/termek\/cseh-jozsefne\/","title":{"rendered":"CSEH J\u00f3zsefn\u00e9"},"content":{"rendered":"<p>19. sz. \u2020\u00a0? : f\u00f6ldbirtokos. \u2013 F\u00e9rje elesett a szabads\u00e1gharcban. H\u00e9jjasfalv\u00e1n f\u00f6ldbirtokos, aki a kezdetekt\u0151l \u00e1polta a szabads\u00e1gharc h\u0151seinek kultusz\u00e1t. Elhantoltatta a falu hat\u00e1r\u00e1n elesetteket (1849. j\u00fal. 31). <br \/><strong>Irod.:<\/strong> Mur\u00e1din Jen\u0151: A szobr\u00e1sz K\u00f6ll\u0151 Mikl\u00f3s \u00e9s a szabads\u00e1gharc kultusza (Sz\u00e9kelyf\u00f6ld, 7. sz., 2010. j\u00fal.)<\/br><\/p>\n","protected":false},"excerpt":{"rendered":"<p>19. sz. \u2020\u00a0? : f\u00f6ldbirtokos. \u2013 F\u00e9rje elesett a szabads\u00e1gharcban. H\u00e9jjasfalv\u00e1n f\u00f6ldbirtokos, aki a kezdetekt\u0151l \u00e1polta a szabads\u00e1gharc h\u0151seinek kultusz\u00e1t. Elhantoltatta a falu hat\u00e1r\u00e1n elesetteket (1849. j\u00fal. 31). Irod.: Mur\u00e1din Jen\u0151: A szobr\u00e1sz K\u00f6ll\u0151 Mikl\u00f3s \u00e9s a szabads\u00e1gharc kultusza (Sz\u00e9kelyf\u00f6ld, 7. sz., 2010. j\u00fal.)<\/p>\n","protected":false},"featured_media":0,"comment_status":"open","ping_status":"closed","template":"","meta":[],"product_brand":[],"product_cat":[137],"product_tag":[],"class_list":{"0":"post-6074","1":"product","2":"type-product","3":"status-publish","5":"product_cat-maros-megyei-eletrajzi-lexikon","7":"first","8":"instock","9":"shipping-taxable","10":"product-type-simple"},"_links":{"self":[{"href":"https:\/\/uj.adatbank.ro\/lexikon\/wp-json\/wp\/v2\/product\/6074","targetHints":{"allow":["GET"]}}],"collection":[{"href":"https:\/\/uj.adatbank.ro\/lexikon\/wp-json\/wp\/v2\/product"}],"about":[{"href":"https:\/\/uj.adatbank.ro\/lexikon\/wp-json\/wp\/v2\/types\/product"}],"replies":[{"embeddable":true,"href":"https:\/\/uj.adatbank.ro\/lexikon\/wp-json\/wp\/v2\/comments?post=6074"}],"wp:attachment":[{"href":"https:\/\/uj.adatbank.ro\/lexikon\/wp-json\/wp\/v2\/media?parent=6074"}],"wp:term":[{"taxonomy":"product_brand","embeddable":true,"href":"https:\/\/uj.adatbank.ro\/lexikon\/wp-json\/wp\/v2\/product_brand?post=6074"},{"taxonomy":"product_cat","embeddable":true,"href":"https:\/\/uj.adatbank.ro\/lexikon\/wp-json\/wp\/v2\/product_cat?post=6074"},{"taxonomy":"product_tag","embeddable":true,"href":"https:\/\/uj.adatbank.ro\/lexikon\/wp-json\/wp\/v2\/product_tag?post=6074"}],"curies":[{"name":"wp","href":"https:\/\/api.w.org\/{rel}","templated":true}]}}