{"id":6075,"date":"2025-06-28T17:39:59","date_gmt":"2025-06-28T15:39:59","guid":{"rendered":"https:\/\/uj.adatbank.ro\/lexikon\/termek\/cseh-nandor-dr\/"},"modified":"2025-06-28T17:39:59","modified_gmt":"2025-06-28T15:39:59","slug":"cseh-nandor-dr","status":"publish","type":"product","link":"https:\/\/uj.adatbank.ro\/lexikon\/termek\/cseh-nandor-dr\/","title":{"rendered":"CSEH N\u00e1ndor, dr."},"content":{"rendered":"<p>Mv., 1930., \u2020\u00a0Mv., 2020: orvos. \u2013 Mv.-en a Ref. koll.-ban \u00e9s MOGYI orvos kar\u00e1n tanult \u00e9s v\u00e9gzett (1958). Alorvos, majd sz\u00fcl\u00e9sz n\u0151gy\u00f3gy\u00e1sz szakorvos, majd f\u0151orvos. Cs\u00edkszered\u00e1ban m\u0171k\u00f6d\u00f6tt. <br \/><strong>Irod.:<\/strong> Kiss Cs. M 4.<\/br><\/p>\n","protected":false},"excerpt":{"rendered":"<p>Mv., 1930., \u2020\u00a0Mv., 2020: orvos. \u2013 Mv.-en a Ref. koll.-ban \u00e9s MOGYI orvos kar\u00e1n tanult \u00e9s v\u00e9gzett (1958). Alorvos, majd sz\u00fcl\u00e9sz n\u0151gy\u00f3gy\u00e1sz szakorvos, majd f\u0151orvos. Cs\u00edkszered\u00e1ban m\u0171k\u00f6d\u00f6tt. Irod.: Kiss Cs. M 4.<\/p>\n","protected":false},"featured_media":0,"comment_status":"open","ping_status":"closed","template":"","meta":[],"product_brand":[],"product_cat":[137],"product_tag":[],"class_list":{"0":"post-6075","1":"product","2":"type-product","3":"status-publish","5":"product_cat-maros-megyei-eletrajzi-lexikon","7":"first","8":"instock","9":"shipping-taxable","10":"product-type-simple"},"_links":{"self":[{"href":"https:\/\/uj.adatbank.ro\/lexikon\/wp-json\/wp\/v2\/product\/6075","targetHints":{"allow":["GET"]}}],"collection":[{"href":"https:\/\/uj.adatbank.ro\/lexikon\/wp-json\/wp\/v2\/product"}],"about":[{"href":"https:\/\/uj.adatbank.ro\/lexikon\/wp-json\/wp\/v2\/types\/product"}],"replies":[{"embeddable":true,"href":"https:\/\/uj.adatbank.ro\/lexikon\/wp-json\/wp\/v2\/comments?post=6075"}],"wp:attachment":[{"href":"https:\/\/uj.adatbank.ro\/lexikon\/wp-json\/wp\/v2\/media?parent=6075"}],"wp:term":[{"taxonomy":"product_brand","embeddable":true,"href":"https:\/\/uj.adatbank.ro\/lexikon\/wp-json\/wp\/v2\/product_brand?post=6075"},{"taxonomy":"product_cat","embeddable":true,"href":"https:\/\/uj.adatbank.ro\/lexikon\/wp-json\/wp\/v2\/product_cat?post=6075"},{"taxonomy":"product_tag","embeddable":true,"href":"https:\/\/uj.adatbank.ro\/lexikon\/wp-json\/wp\/v2\/product_tag?post=6075"}],"curies":[{"name":"wp","href":"https:\/\/api.w.org\/{rel}","templated":true}]}}