{"id":6077,"date":"2025-06-28T17:40:02","date_gmt":"2025-06-28T15:40:02","guid":{"rendered":"https:\/\/uj.adatbank.ro\/lexikon\/termek\/cseh-sandor-alsocsernatoni\/"},"modified":"2025-06-28T17:40:02","modified_gmt":"2025-06-28T15:40:02","slug":"cseh-sandor-alsocsernatoni","status":"publish","type":"product","link":"https:\/\/uj.adatbank.ro\/lexikon\/termek\/cseh-sandor-alsocsernatoni\/","title":{"rendered":"CSEH S\u00e1ndor, als\u00f3csern\u00e1toni"},"content":{"rendered":"<p>1793.? \u2020\u00a0Mv., 1838. m\u00e1rc. 26.: t\u00e1blab\u00edr\u00f3. \u2013 Feles\u00e9ge: F\u00fclep Anna. 8 gyermek\u00fck volt. \u2013 Marossz\u00e9k t\u00e1blab\u00edr\u00f3ja. <br \/><strong>Irod.:<\/strong> Gy\u00e1szjelent.<\/br><\/p>\n","protected":false},"excerpt":{"rendered":"<p>1793.? \u2020\u00a0Mv., 1838. m\u00e1rc. 26.: t\u00e1blab\u00edr\u00f3. \u2013 Feles\u00e9ge: F\u00fclep Anna. 8 gyermek\u00fck volt. \u2013 Marossz\u00e9k t\u00e1blab\u00edr\u00f3ja. Irod.: Gy\u00e1szjelent.<\/p>\n","protected":false},"featured_media":0,"comment_status":"open","ping_status":"closed","template":"","meta":[],"product_brand":[],"product_cat":[137],"product_tag":[],"class_list":{"0":"post-6077","1":"product","2":"type-product","3":"status-publish","5":"product_cat-maros-megyei-eletrajzi-lexikon","7":"first","8":"instock","9":"shipping-taxable","10":"product-type-simple"},"_links":{"self":[{"href":"https:\/\/uj.adatbank.ro\/lexikon\/wp-json\/wp\/v2\/product\/6077","targetHints":{"allow":["GET"]}}],"collection":[{"href":"https:\/\/uj.adatbank.ro\/lexikon\/wp-json\/wp\/v2\/product"}],"about":[{"href":"https:\/\/uj.adatbank.ro\/lexikon\/wp-json\/wp\/v2\/types\/product"}],"replies":[{"embeddable":true,"href":"https:\/\/uj.adatbank.ro\/lexikon\/wp-json\/wp\/v2\/comments?post=6077"}],"wp:attachment":[{"href":"https:\/\/uj.adatbank.ro\/lexikon\/wp-json\/wp\/v2\/media?parent=6077"}],"wp:term":[{"taxonomy":"product_brand","embeddable":true,"href":"https:\/\/uj.adatbank.ro\/lexikon\/wp-json\/wp\/v2\/product_brand?post=6077"},{"taxonomy":"product_cat","embeddable":true,"href":"https:\/\/uj.adatbank.ro\/lexikon\/wp-json\/wp\/v2\/product_cat?post=6077"},{"taxonomy":"product_tag","embeddable":true,"href":"https:\/\/uj.adatbank.ro\/lexikon\/wp-json\/wp\/v2\/product_tag?post=6077"}],"curies":[{"name":"wp","href":"https:\/\/api.w.org\/{rel}","templated":true}]}}