{"id":6078,"date":"2025-06-28T17:40:05","date_gmt":"2025-06-28T15:40:05","guid":{"rendered":"https:\/\/uj.adatbank.ro\/lexikon\/termek\/cseh-von-sterheim-friedrich-csech\/"},"modified":"2025-06-28T17:40:05","modified_gmt":"2025-06-28T15:40:05","slug":"cseh-von-sterheim-friedrich-csech","status":"publish","type":"product","link":"https:\/\/uj.adatbank.ro\/lexikon\/termek\/cseh-von-sterheim-friedrich-csech\/","title":{"rendered":"CSEH VON STERHEIM Friedrich, Csech"},"content":{"rendered":"<p>Segesv\u00e1r, 1826. m\u00e1rc. 4., \u2020\u00a01876.: jog\u00e1sz. \u2013 Segesv\u00e1r polg\u00e1rmester\u00e9nek fia. \u2013 A k\u00f6z\u00e9piskol\u00e1t Segesv\u00e1ron v\u00e9gezte, majd Szebenben jogot hallgatott; a mv.-i Kir\u00e1lyi T\u00e1bl\u00e1n\u00e1l praktiz\u00e1lt (1948). A sz\u00e1sz nemzet k\u00e9pvisel\u0151je, r\u00e9szt vett a 48-as forradalomban a cs\u00e1sz\u00e1ri csapatok \u00f6nk\u00e9ntesek\u00e9nt. Huzamosabb ideig j\u00e1r\u00e1sb\u00edr\u00f3s\u00e1gi titk\u00e1r, majd \u00fcgy\u00e9szhelyettes Mv.-en. \u2013 <strong>F. m.:<\/strong> <strong>K\u00e9ziratban:<\/strong> Peripe\u0163iile anului 1848. <br \/><strong>Irod.:<\/strong> Insemn\u0103rile unui sighi\u015forean F.C. von S. despre revolu\u0163ia de la 1848 (24 ore mure\u015fene, 1998. mart. 20); Zrinyi E.: Adatok a Makk-G\u00e1l- f\u00e9le \u00f6sszeesk\u00fcv\u00e9s t\u00f6rt\u00e9net\u00e9hez (1851\u20131854) = Mv. t\u00f6rt\u00e9net\u00e9b\u0151l<\/br><\/p>\n","protected":false},"excerpt":{"rendered":"<p>Segesv\u00e1r, 1826. m\u00e1rc. 4., \u2020\u00a01876.: jog\u00e1sz. \u2013 Segesv\u00e1r polg\u00e1rmester\u00e9nek fia. \u2013 A k\u00f6z\u00e9piskol\u00e1t Segesv\u00e1ron v\u00e9gezte, majd Szebenben jogot hallgatott; a mv.-i Kir\u00e1lyi T\u00e1bl\u00e1n\u00e1l praktiz\u00e1lt (1948). A sz\u00e1sz nemzet k\u00e9pvisel\u0151je, r\u00e9szt vett a 48-as forradalomban a cs\u00e1sz\u00e1ri csapatok \u00f6nk\u00e9ntesek\u00e9nt. Huzamosabb ideig j\u00e1r\u00e1sb\u00edr\u00f3s\u00e1gi titk\u00e1r, majd \u00fcgy\u00e9szhelyettes Mv.-en. \u2013 F. m.: K\u00e9ziratban: Peripe\u0163iile anului 1848. Irod.: Insemn\u0103rile unui [&hellip;]<\/p>\n","protected":false},"featured_media":0,"comment_status":"open","ping_status":"closed","template":"","meta":[],"product_brand":[],"product_cat":[137],"product_tag":[],"class_list":{"0":"post-6078","1":"product","2":"type-product","3":"status-publish","5":"product_cat-maros-megyei-eletrajzi-lexikon","7":"first","8":"instock","9":"shipping-taxable","10":"product-type-simple"},"_links":{"self":[{"href":"https:\/\/uj.adatbank.ro\/lexikon\/wp-json\/wp\/v2\/product\/6078","targetHints":{"allow":["GET"]}}],"collection":[{"href":"https:\/\/uj.adatbank.ro\/lexikon\/wp-json\/wp\/v2\/product"}],"about":[{"href":"https:\/\/uj.adatbank.ro\/lexikon\/wp-json\/wp\/v2\/types\/product"}],"replies":[{"embeddable":true,"href":"https:\/\/uj.adatbank.ro\/lexikon\/wp-json\/wp\/v2\/comments?post=6078"}],"wp:attachment":[{"href":"https:\/\/uj.adatbank.ro\/lexikon\/wp-json\/wp\/v2\/media?parent=6078"}],"wp:term":[{"taxonomy":"product_brand","embeddable":true,"href":"https:\/\/uj.adatbank.ro\/lexikon\/wp-json\/wp\/v2\/product_brand?post=6078"},{"taxonomy":"product_cat","embeddable":true,"href":"https:\/\/uj.adatbank.ro\/lexikon\/wp-json\/wp\/v2\/product_cat?post=6078"},{"taxonomy":"product_tag","embeddable":true,"href":"https:\/\/uj.adatbank.ro\/lexikon\/wp-json\/wp\/v2\/product_tag?post=6078"}],"curies":[{"name":"wp","href":"https:\/\/api.w.org\/{rel}","templated":true}]}}