{"id":6080,"date":"2025-06-28T17:40:09","date_gmt":"2025-06-28T15:40:09","guid":{"rendered":"https:\/\/uj.adatbank.ro\/lexikon\/termek\/cseh-zsigmond-alsocsernatoni\/"},"modified":"2025-06-28T17:40:09","modified_gmt":"2025-06-28T15:40:09","slug":"cseh-zsigmond-alsocsernatoni","status":"publish","type":"product","link":"https:\/\/uj.adatbank.ro\/lexikon\/termek\/cseh-zsigmond-alsocsernatoni\/","title":{"rendered":"CSEH Zsigmond, als\u00f3csern\u00e1toni"},"content":{"rendered":"<p>1775?, \u2020 Mv., 1831. m\u00e1j. 16.: b\u00edr\u00f3. \u2013 A Kir. T\u00e1bla egyik sz\u00e1mfeletti b\u00edr\u00e1ja. \u2013 Irod: Gy\u00e1szjelent\u0151<\/br><\/p>\n","protected":false},"excerpt":{"rendered":"<p>1775?, \u2020 Mv., 1831. m\u00e1j. 16.: b\u00edr\u00f3. \u2013 A Kir. T\u00e1bla egyik sz\u00e1mfeletti b\u00edr\u00e1ja. \u2013 Irod: Gy\u00e1szjelent\u0151<\/p>\n","protected":false},"featured_media":0,"comment_status":"open","ping_status":"closed","template":"","meta":[],"product_brand":[],"product_cat":[137],"product_tag":[],"class_list":{"0":"post-6080","1":"product","2":"type-product","3":"status-publish","5":"product_cat-maros-megyei-eletrajzi-lexikon","7":"first","8":"instock","9":"shipping-taxable","10":"product-type-simple"},"_links":{"self":[{"href":"https:\/\/uj.adatbank.ro\/lexikon\/wp-json\/wp\/v2\/product\/6080","targetHints":{"allow":["GET"]}}],"collection":[{"href":"https:\/\/uj.adatbank.ro\/lexikon\/wp-json\/wp\/v2\/product"}],"about":[{"href":"https:\/\/uj.adatbank.ro\/lexikon\/wp-json\/wp\/v2\/types\/product"}],"replies":[{"embeddable":true,"href":"https:\/\/uj.adatbank.ro\/lexikon\/wp-json\/wp\/v2\/comments?post=6080"}],"wp:attachment":[{"href":"https:\/\/uj.adatbank.ro\/lexikon\/wp-json\/wp\/v2\/media?parent=6080"}],"wp:term":[{"taxonomy":"product_brand","embeddable":true,"href":"https:\/\/uj.adatbank.ro\/lexikon\/wp-json\/wp\/v2\/product_brand?post=6080"},{"taxonomy":"product_cat","embeddable":true,"href":"https:\/\/uj.adatbank.ro\/lexikon\/wp-json\/wp\/v2\/product_cat?post=6080"},{"taxonomy":"product_tag","embeddable":true,"href":"https:\/\/uj.adatbank.ro\/lexikon\/wp-json\/wp\/v2\/product_tag?post=6080"}],"curies":[{"name":"wp","href":"https:\/\/api.w.org\/{rel}","templated":true}]}}