{"id":6081,"date":"2025-06-28T17:40:10","date_gmt":"2025-06-28T15:40:10","guid":{"rendered":"https:\/\/uj.adatbank.ro\/lexikon\/termek\/csehi-pal\/"},"modified":"2025-06-28T17:40:10","modified_gmt":"2025-06-28T15:40:10","slug":"csehi-pal","status":"publish","type":"product","link":"https:\/\/uj.adatbank.ro\/lexikon\/termek\/csehi-pal\/","title":{"rendered":"CSEHI P\u00e1l"},"content":{"rendered":"<p>? \u2020\u00a0? : unit. lelk\u00e9sz. \u2013 Apja: Szil\u00e1gycsehi P\u00e1l. \u2013 Lelk\u00e9szk\u00e9nt szolg\u00e1lt K\u00fck\u00fcll\u0151sz\u00e9plakon (1617), B\u00e1gyonban (1618\u2013), a tordai zsinaton szentelt\u00e9k fel (1619. j\u00fal. 2.), D\u00e9sfalv\u00e1n pap (1642\u201345 k.). <br \/><strong>Irod.:<\/strong> K\u00e9nosi-Uzoni 2.<\/br><\/p>\n","protected":false},"excerpt":{"rendered":"<p>? \u2020\u00a0? : unit. lelk\u00e9sz. \u2013 Apja: Szil\u00e1gycsehi P\u00e1l. \u2013 Lelk\u00e9szk\u00e9nt szolg\u00e1lt K\u00fck\u00fcll\u0151sz\u00e9plakon (1617), B\u00e1gyonban (1618\u2013), a tordai zsinaton szentelt\u00e9k fel (1619. j\u00fal. 2.), D\u00e9sfalv\u00e1n pap (1642\u201345 k.). Irod.: K\u00e9nosi-Uzoni 2.<\/p>\n","protected":false},"featured_media":0,"comment_status":"open","ping_status":"closed","template":"","meta":[],"product_brand":[],"product_cat":[137],"product_tag":[],"class_list":{"0":"post-6081","1":"product","2":"type-product","3":"status-publish","5":"product_cat-maros-megyei-eletrajzi-lexikon","7":"first","8":"instock","9":"shipping-taxable","10":"product-type-simple"},"_links":{"self":[{"href":"https:\/\/uj.adatbank.ro\/lexikon\/wp-json\/wp\/v2\/product\/6081","targetHints":{"allow":["GET"]}}],"collection":[{"href":"https:\/\/uj.adatbank.ro\/lexikon\/wp-json\/wp\/v2\/product"}],"about":[{"href":"https:\/\/uj.adatbank.ro\/lexikon\/wp-json\/wp\/v2\/types\/product"}],"replies":[{"embeddable":true,"href":"https:\/\/uj.adatbank.ro\/lexikon\/wp-json\/wp\/v2\/comments?post=6081"}],"wp:attachment":[{"href":"https:\/\/uj.adatbank.ro\/lexikon\/wp-json\/wp\/v2\/media?parent=6081"}],"wp:term":[{"taxonomy":"product_brand","embeddable":true,"href":"https:\/\/uj.adatbank.ro\/lexikon\/wp-json\/wp\/v2\/product_brand?post=6081"},{"taxonomy":"product_cat","embeddable":true,"href":"https:\/\/uj.adatbank.ro\/lexikon\/wp-json\/wp\/v2\/product_cat?post=6081"},{"taxonomy":"product_tag","embeddable":true,"href":"https:\/\/uj.adatbank.ro\/lexikon\/wp-json\/wp\/v2\/product_tag?post=6081"}],"curies":[{"name":"wp","href":"https:\/\/api.w.org\/{rel}","templated":true}]}}