{"id":6085,"date":"2025-06-28T17:40:18","date_gmt":"2025-06-28T15:40:18","guid":{"rendered":"https:\/\/uj.adatbank.ro\/lexikon\/termek\/cseke-jozsef\/"},"modified":"2025-06-28T17:40:18","modified_gmt":"2025-06-28T15:40:18","slug":"cseke-jozsef","status":"publish","type":"product","link":"https:\/\/uj.adatbank.ro\/lexikon\/termek\/cseke-jozsef\/","title":{"rendered":"CSEKE J\u00f3zsef"},"content":{"rendered":"<p>1895., \u2020 Mv., 1958: f\u0151m\u00e9rn\u00f6k. \u2013 A M\u00c1V Mv.-Parajdi oszt\u00e1lym\u00e9rn\u00f6ks\u00e9g vezet\u0151je volt (\u20131942), amikor Szombathelyre helyezt\u00e9k. <br \/><strong>Irod.:<\/strong> Csekme; Id\u0151t\u00e1r 3<\/br><\/p>\n","protected":false},"excerpt":{"rendered":"<p>1895., \u2020 Mv., 1958: f\u0151m\u00e9rn\u00f6k. \u2013 A M\u00c1V Mv.-Parajdi oszt\u00e1lym\u00e9rn\u00f6ks\u00e9g vezet\u0151je volt (\u20131942), amikor Szombathelyre helyezt\u00e9k. Irod.: Csekme; Id\u0151t\u00e1r 3<\/p>\n","protected":false},"featured_media":0,"comment_status":"open","ping_status":"closed","template":"","meta":[],"product_brand":[],"product_cat":[137],"product_tag":[],"class_list":{"0":"post-6085","1":"product","2":"type-product","3":"status-publish","5":"product_cat-maros-megyei-eletrajzi-lexikon","7":"first","8":"instock","9":"shipping-taxable","10":"product-type-simple"},"_links":{"self":[{"href":"https:\/\/uj.adatbank.ro\/lexikon\/wp-json\/wp\/v2\/product\/6085","targetHints":{"allow":["GET"]}}],"collection":[{"href":"https:\/\/uj.adatbank.ro\/lexikon\/wp-json\/wp\/v2\/product"}],"about":[{"href":"https:\/\/uj.adatbank.ro\/lexikon\/wp-json\/wp\/v2\/types\/product"}],"replies":[{"embeddable":true,"href":"https:\/\/uj.adatbank.ro\/lexikon\/wp-json\/wp\/v2\/comments?post=6085"}],"wp:attachment":[{"href":"https:\/\/uj.adatbank.ro\/lexikon\/wp-json\/wp\/v2\/media?parent=6085"}],"wp:term":[{"taxonomy":"product_brand","embeddable":true,"href":"https:\/\/uj.adatbank.ro\/lexikon\/wp-json\/wp\/v2\/product_brand?post=6085"},{"taxonomy":"product_cat","embeddable":true,"href":"https:\/\/uj.adatbank.ro\/lexikon\/wp-json\/wp\/v2\/product_cat?post=6085"},{"taxonomy":"product_tag","embeddable":true,"href":"https:\/\/uj.adatbank.ro\/lexikon\/wp-json\/wp\/v2\/product_tag?post=6085"}],"curies":[{"name":"wp","href":"https:\/\/api.w.org\/{rel}","templated":true}]}}