{"id":6086,"date":"2025-06-28T17:40:20","date_gmt":"2025-06-28T15:40:20","guid":{"rendered":"https:\/\/uj.adatbank.ro\/lexikon\/termek\/cseke-pal-istvan-p\/"},"modified":"2025-06-28T17:40:20","modified_gmt":"2025-06-28T15:40:20","slug":"cseke-pal-istvan-p","status":"publish","type":"product","link":"https:\/\/uj.adatbank.ro\/lexikon\/termek\/cseke-pal-istvan-p\/","title":{"rendered":"CSEKE P\u00e1l Istv\u00e1n, P."},"content":{"rendered":"<p>Mikh\u00e1za, 1733., \u2020 D\u00e9s, 1786. aug. 3.: r. k. szerzetes. \u2013 Ferencrendi szerzetes, be\u00f6lt\u00f6z\u00f6tt (1751. j\u00fal. 14.), felszentelt\u00e9k (1755. dec. 20.). Filoz\u00f3fiai \u00e9s teol\u00f3giai lektor. <br \/><strong>Irod.:<\/strong> Gy\u00f6rgy: A ferencrendiek<\/br><\/p>\n","protected":false},"excerpt":{"rendered":"<p>Mikh\u00e1za, 1733., \u2020 D\u00e9s, 1786. aug. 3.: r. k. szerzetes. \u2013 Ferencrendi szerzetes, be\u00f6lt\u00f6z\u00f6tt (1751. j\u00fal. 14.), felszentelt\u00e9k (1755. dec. 20.). Filoz\u00f3fiai \u00e9s teol\u00f3giai lektor. Irod.: Gy\u00f6rgy: A ferencrendiek<\/p>\n","protected":false},"featured_media":0,"comment_status":"open","ping_status":"closed","template":"","meta":[],"product_brand":[],"product_cat":[137],"product_tag":[],"class_list":{"0":"post-6086","1":"product","2":"type-product","3":"status-publish","5":"product_cat-maros-megyei-eletrajzi-lexikon","7":"first","8":"instock","9":"shipping-taxable","10":"product-type-simple"},"_links":{"self":[{"href":"https:\/\/uj.adatbank.ro\/lexikon\/wp-json\/wp\/v2\/product\/6086","targetHints":{"allow":["GET"]}}],"collection":[{"href":"https:\/\/uj.adatbank.ro\/lexikon\/wp-json\/wp\/v2\/product"}],"about":[{"href":"https:\/\/uj.adatbank.ro\/lexikon\/wp-json\/wp\/v2\/types\/product"}],"replies":[{"embeddable":true,"href":"https:\/\/uj.adatbank.ro\/lexikon\/wp-json\/wp\/v2\/comments?post=6086"}],"wp:attachment":[{"href":"https:\/\/uj.adatbank.ro\/lexikon\/wp-json\/wp\/v2\/media?parent=6086"}],"wp:term":[{"taxonomy":"product_brand","embeddable":true,"href":"https:\/\/uj.adatbank.ro\/lexikon\/wp-json\/wp\/v2\/product_brand?post=6086"},{"taxonomy":"product_cat","embeddable":true,"href":"https:\/\/uj.adatbank.ro\/lexikon\/wp-json\/wp\/v2\/product_cat?post=6086"},{"taxonomy":"product_tag","embeddable":true,"href":"https:\/\/uj.adatbank.ro\/lexikon\/wp-json\/wp\/v2\/product_tag?post=6086"}],"curies":[{"name":"wp","href":"https:\/\/api.w.org\/{rel}","templated":true}]}}