{"id":6091,"date":"2025-06-28T17:40:30","date_gmt":"2025-06-28T15:40:30","guid":{"rendered":"https:\/\/uj.adatbank.ro\/lexikon\/termek\/csekme-margit-%c2%a7-kiss-istvanne\/"},"modified":"2025-06-28T17:40:30","modified_gmt":"2025-06-28T15:40:30","slug":"csekme-margit-%c2%a7-kiss-istvanne","status":"publish","type":"product","link":"https:\/\/uj.adatbank.ro\/lexikon\/termek\/csekme-margit-%c2%a7-kiss-istvanne\/","title":{"rendered":"CSEKME Margit, \u00a7 Kiss Istv\u00e1nn\u00e9"},"content":{"rendered":"<p>1897., \u2020 Ny\u00e1r\u00e1dszentbenedek, 1978.: f\u00e9nyk\u00e9p\u00e9sz, \u00edr\u00f3, fest\u0151. \u2013 Apja Cs. Ferenc ref. lelk\u00e9sz, g\u00f6rg\u00e9nyi esperes. F\u00e9rje: Kiss Istv\u00e1n, a Toldalagi Mih\u00e1ly gr. int\u00e9z\u0151je volt Ny\u00e1r\u00e1dszentbenedeken. \u2013 Kv.-on a Dunky fiv\u00e9rek f\u00e9nyk\u00e9p\u00e9szeti iskol\u00e1j\u00e1ban tanult. A II. vh. idej\u00e9n gyakran v\u00e1llalt lelkigondoz\u00f3i szolg\u00e1latot, t\u00f6bb esetben pr\u00e9dik\u00e1lt, temet\u00e9seken, de m\u00e9g a templomban is. \u00cdrt r\u00f6vid vid\u00e1m jeleneteket, adom\u00e1kat, verseket, ezeket el\u0151 is adt\u00e1k \u00fcnnepek alkalm\u00e1val, ny\u00e1ri sz\u00fcnetekben (1930\u201370). Rendezv\u00e9nyeket, szaval\u00f3esteket, sz\u00edndarabokat tan\u00edtott be a falu n\u00e9p\u00e1nek k\u00f6zrem\u0171k\u00f6d\u00e9s\u00e9vel. Mint m\u0171kedvel\u0151 sz\u00edn\u00e9sz t\u00f6bb sz\u00ednh\u00e1zi el\u0151ad\u00e1sban is szerepelt. Lef\u00e9nyk\u00e9pezte a falu lakoss\u00e1g\u00e1nak nagy r\u00e9sz\u00e9t (1920\u201340). Mint fest\u0151 akvarelleket, ceruzarajzokat k\u00e9sz\u00edtett, a falu \u00e9p\u00fcleteit, szem\u00e9lyeit \u00f6r\u00f6k\u00edtette meg. <br \/><strong>Irod.:<\/strong> Ny\u00e1r\u00e1dszentbenedek<\/br><\/p>\n","protected":false},"excerpt":{"rendered":"<p>1897., \u2020 Ny\u00e1r\u00e1dszentbenedek, 1978.: f\u00e9nyk\u00e9p\u00e9sz, \u00edr\u00f3, fest\u0151. \u2013 Apja Cs. Ferenc ref. lelk\u00e9sz, g\u00f6rg\u00e9nyi esperes. F\u00e9rje: Kiss Istv\u00e1n, a Toldalagi Mih\u00e1ly gr. int\u00e9z\u0151je volt Ny\u00e1r\u00e1dszentbenedeken. \u2013 Kv.-on a Dunky fiv\u00e9rek f\u00e9nyk\u00e9p\u00e9szeti iskol\u00e1j\u00e1ban tanult. A II. vh. idej\u00e9n gyakran v\u00e1llalt lelkigondoz\u00f3i szolg\u00e1latot, t\u00f6bb esetben pr\u00e9dik\u00e1lt, temet\u00e9seken, de m\u00e9g a templomban is. \u00cdrt r\u00f6vid vid\u00e1m jeleneteket, adom\u00e1kat, [&hellip;]<\/p>\n","protected":false},"featured_media":0,"comment_status":"open","ping_status":"closed","template":"","meta":[],"product_brand":[],"product_cat":[137],"product_tag":[],"class_list":{"0":"post-6091","1":"product","2":"type-product","3":"status-publish","5":"product_cat-maros-megyei-eletrajzi-lexikon","7":"first","8":"instock","9":"shipping-taxable","10":"product-type-simple"},"_links":{"self":[{"href":"https:\/\/uj.adatbank.ro\/lexikon\/wp-json\/wp\/v2\/product\/6091","targetHints":{"allow":["GET"]}}],"collection":[{"href":"https:\/\/uj.adatbank.ro\/lexikon\/wp-json\/wp\/v2\/product"}],"about":[{"href":"https:\/\/uj.adatbank.ro\/lexikon\/wp-json\/wp\/v2\/types\/product"}],"replies":[{"embeddable":true,"href":"https:\/\/uj.adatbank.ro\/lexikon\/wp-json\/wp\/v2\/comments?post=6091"}],"wp:attachment":[{"href":"https:\/\/uj.adatbank.ro\/lexikon\/wp-json\/wp\/v2\/media?parent=6091"}],"wp:term":[{"taxonomy":"product_brand","embeddable":true,"href":"https:\/\/uj.adatbank.ro\/lexikon\/wp-json\/wp\/v2\/product_brand?post=6091"},{"taxonomy":"product_cat","embeddable":true,"href":"https:\/\/uj.adatbank.ro\/lexikon\/wp-json\/wp\/v2\/product_cat?post=6091"},{"taxonomy":"product_tag","embeddable":true,"href":"https:\/\/uj.adatbank.ro\/lexikon\/wp-json\/wp\/v2\/product_tag?post=6091"}],"curies":[{"name":"wp","href":"https:\/\/api.w.org\/{rel}","templated":true}]}}