{"id":6093,"date":"2025-06-28T17:40:33","date_gmt":"2025-06-28T15:40:33","guid":{"rendered":"https:\/\/uj.adatbank.ro\/lexikon\/termek\/csemiczki-ferenc-cseminczki-mihaly\/"},"modified":"2025-06-28T17:40:33","modified_gmt":"2025-06-28T15:40:33","slug":"csemiczki-ferenc-cseminczki-mihaly","status":"publish","type":"product","link":"https:\/\/uj.adatbank.ro\/lexikon\/termek\/csemiczki-ferenc-cseminczki-mihaly\/","title":{"rendered":"CSEMICZKI Ferenc, Cseminczki Mih\u00e1ly"},"content":{"rendered":"<p>?\u2020\u00a0? : ref. tan\u00edt\u00f3. \u2013 Mv.-en subscrib\u00e1lt (1748). Dedr\u00e1dsz\u00e9plakon (1753\u201363), Vajdaszentiv\u00e1nyon (1764\u201371) \u00e9s Erd\u0151csin\u00e1don (1771\u201387) volt mester. <br \/><strong>Irod.:<\/strong> Filep 2; \u0150sz<\/br><\/p>\n","protected":false},"excerpt":{"rendered":"<p>?\u2020\u00a0? : ref. tan\u00edt\u00f3. \u2013 Mv.-en subscrib\u00e1lt (1748). Dedr\u00e1dsz\u00e9plakon (1753\u201363), Vajdaszentiv\u00e1nyon (1764\u201371) \u00e9s Erd\u0151csin\u00e1don (1771\u201387) volt mester. Irod.: Filep 2; \u0150sz<\/p>\n","protected":false},"featured_media":0,"comment_status":"open","ping_status":"closed","template":"","meta":[],"product_brand":[],"product_cat":[137],"product_tag":[],"class_list":{"0":"post-6093","1":"product","2":"type-product","3":"status-publish","5":"product_cat-maros-megyei-eletrajzi-lexikon","7":"first","8":"instock","9":"shipping-taxable","10":"product-type-simple"},"_links":{"self":[{"href":"https:\/\/uj.adatbank.ro\/lexikon\/wp-json\/wp\/v2\/product\/6093","targetHints":{"allow":["GET"]}}],"collection":[{"href":"https:\/\/uj.adatbank.ro\/lexikon\/wp-json\/wp\/v2\/product"}],"about":[{"href":"https:\/\/uj.adatbank.ro\/lexikon\/wp-json\/wp\/v2\/types\/product"}],"replies":[{"embeddable":true,"href":"https:\/\/uj.adatbank.ro\/lexikon\/wp-json\/wp\/v2\/comments?post=6093"}],"wp:attachment":[{"href":"https:\/\/uj.adatbank.ro\/lexikon\/wp-json\/wp\/v2\/media?parent=6093"}],"wp:term":[{"taxonomy":"product_brand","embeddable":true,"href":"https:\/\/uj.adatbank.ro\/lexikon\/wp-json\/wp\/v2\/product_brand?post=6093"},{"taxonomy":"product_cat","embeddable":true,"href":"https:\/\/uj.adatbank.ro\/lexikon\/wp-json\/wp\/v2\/product_cat?post=6093"},{"taxonomy":"product_tag","embeddable":true,"href":"https:\/\/uj.adatbank.ro\/lexikon\/wp-json\/wp\/v2\/product_tag?post=6093"}],"curies":[{"name":"wp","href":"https:\/\/api.w.org\/{rel}","templated":true}]}}