{"id":6094,"date":"2025-06-28T17:40:34","date_gmt":"2025-06-28T15:40:34","guid":{"rendered":"https:\/\/uj.adatbank.ro\/lexikon\/termek\/csendor-jeno\/"},"modified":"2025-06-28T17:40:34","modified_gmt":"2025-06-28T15:40:34","slug":"csendor-jeno","status":"publish","type":"product","link":"https:\/\/uj.adatbank.ro\/lexikon\/termek\/csendor-jeno\/","title":{"rendered":"CSEND\u0150R Jen\u0151"},"content":{"rendered":"<p>Sz\u00e9kelyudvarhely, 1901. \u00e1pr. 26., \u2020 K\u00e9zdiv\u00e1s\u00e1rhely, 1977. j\u00fal. 8.: r. k. pap. \u2013 Sz\u00e9kelyudvarhelyen v\u00e9gezte a gimn. -ot, Gyulafeh\u00e9rv\u00e1ron a teol\u00f3gi\u00e1t, ahol papp\u00e1 szentelt\u00e9k (1935. j\u00fal. 7.). K\u00e1pl\u00e1n volt Sepsiszentgy\u00f6rgy\u00f6n (1935), Gyergy\u00f3szentmikl\u00f3son (1936), Mv.-en (1938), Kv.-on (1939). Pl\u00e9b\u00e1nos Gyergy\u00f3t\u00f6lgyesen (1942), Kv.-on (1943\u201350), Kaj\u00e1nt\u00f3n (1951). Lelkip\u00e1sztor B\u00f6z\u00f6d\u00fajfaluban (1954\u201365), pl\u00e9b\u00e1nos K\u00e9zdiv\u00e1s\u00e1rhelyen (1965\u201377), tb. kanonok. <br \/><strong>Irod.:<\/strong> Ferenczi S\u00e1ndor 2009; Ferenczi S\u00e1ndor 2012; <\/br><\/p>\n","protected":false},"excerpt":{"rendered":"<p>Sz\u00e9kelyudvarhely, 1901. \u00e1pr. 26., \u2020 K\u00e9zdiv\u00e1s\u00e1rhely, 1977. j\u00fal. 8.: r. k. pap. \u2013 Sz\u00e9kelyudvarhelyen v\u00e9gezte a gimn. -ot, Gyulafeh\u00e9rv\u00e1ron a teol\u00f3gi\u00e1t, ahol papp\u00e1 szentelt\u00e9k (1935. j\u00fal. 7.). K\u00e1pl\u00e1n volt Sepsiszentgy\u00f6rgy\u00f6n (1935), Gyergy\u00f3szentmikl\u00f3son (1936), Mv.-en (1938), Kv.-on (1939). Pl\u00e9b\u00e1nos Gyergy\u00f3t\u00f6lgyesen (1942), Kv.-on (1943\u201350), Kaj\u00e1nt\u00f3n (1951). Lelkip\u00e1sztor B\u00f6z\u00f6d\u00fajfaluban (1954\u201365), pl\u00e9b\u00e1nos K\u00e9zdiv\u00e1s\u00e1rhelyen (1965\u201377), tb. kanonok. Irod.: Ferenczi S\u00e1ndor [&hellip;]<\/p>\n","protected":false},"featured_media":0,"comment_status":"open","ping_status":"closed","template":"","meta":[],"product_brand":[],"product_cat":[137],"product_tag":[],"class_list":{"0":"post-6094","1":"product","2":"type-product","3":"status-publish","5":"product_cat-maros-megyei-eletrajzi-lexikon","7":"first","8":"instock","9":"shipping-taxable","10":"product-type-simple"},"_links":{"self":[{"href":"https:\/\/uj.adatbank.ro\/lexikon\/wp-json\/wp\/v2\/product\/6094","targetHints":{"allow":["GET"]}}],"collection":[{"href":"https:\/\/uj.adatbank.ro\/lexikon\/wp-json\/wp\/v2\/product"}],"about":[{"href":"https:\/\/uj.adatbank.ro\/lexikon\/wp-json\/wp\/v2\/types\/product"}],"replies":[{"embeddable":true,"href":"https:\/\/uj.adatbank.ro\/lexikon\/wp-json\/wp\/v2\/comments?post=6094"}],"wp:attachment":[{"href":"https:\/\/uj.adatbank.ro\/lexikon\/wp-json\/wp\/v2\/media?parent=6094"}],"wp:term":[{"taxonomy":"product_brand","embeddable":true,"href":"https:\/\/uj.adatbank.ro\/lexikon\/wp-json\/wp\/v2\/product_brand?post=6094"},{"taxonomy":"product_cat","embeddable":true,"href":"https:\/\/uj.adatbank.ro\/lexikon\/wp-json\/wp\/v2\/product_cat?post=6094"},{"taxonomy":"product_tag","embeddable":true,"href":"https:\/\/uj.adatbank.ro\/lexikon\/wp-json\/wp\/v2\/product_tag?post=6094"}],"curies":[{"name":"wp","href":"https:\/\/api.w.org\/{rel}","templated":true}]}}