{"id":6095,"date":"2025-06-28T17:40:37","date_gmt":"2025-06-28T15:40:37","guid":{"rendered":"https:\/\/uj.adatbank.ro\/lexikon\/termek\/csengeri-gusztav\/"},"modified":"2025-06-28T17:40:37","modified_gmt":"2025-06-28T15:40:37","slug":"csengeri-gusztav","status":"publish","type":"product","link":"https:\/\/uj.adatbank.ro\/lexikon\/termek\/csengeri-gusztav\/","title":{"rendered":"CSENGERI Guszt\u00e1v"},"content":{"rendered":"<p>Marosfelfalu, 1889., \u2020\u00a0? : v\u00edzimalomtulajdonos. \u2013 Sz\u00e9kely k\u00f6zs\u00e9galap\u00edt\u00f3 csal\u00e1db\u00f3l ered. \u2013 Iskol\u00e1it elv\u00e9gezve Sz\u00e1szr\u00e9genben a moln\u00e1r mesters\u00e9get tanulta \u00e9s mint seg\u00e9d az orsz\u00e1g t\u00f6bb malm\u00e1ban fejlesztette szaktud\u00e1s\u00e1t. Volt a s\u00e1romberki \u00e9s a sz\u00e1szr\u00e9geni v\u00e1rosi malom vezet\u0151je. \u00d6n\u00e1ll\u00f3 v\u00edzimalomtulajdonos mester (1913\u2013) Marosv\u00e9csen. <br \/><strong>Irod.:<\/strong> Sz\u00e9kelyf\u00f6ld \u00ed. k.<\/br><\/p>\n","protected":false},"excerpt":{"rendered":"<p>Marosfelfalu, 1889., \u2020\u00a0? : v\u00edzimalomtulajdonos. \u2013 Sz\u00e9kely k\u00f6zs\u00e9galap\u00edt\u00f3 csal\u00e1db\u00f3l ered. \u2013 Iskol\u00e1it elv\u00e9gezve Sz\u00e1szr\u00e9genben a moln\u00e1r mesters\u00e9get tanulta \u00e9s mint seg\u00e9d az orsz\u00e1g t\u00f6bb malm\u00e1ban fejlesztette szaktud\u00e1s\u00e1t. Volt a s\u00e1romberki \u00e9s a sz\u00e1szr\u00e9geni v\u00e1rosi malom vezet\u0151je. \u00d6n\u00e1ll\u00f3 v\u00edzimalomtulajdonos mester (1913\u2013) Marosv\u00e9csen. Irod.: Sz\u00e9kelyf\u00f6ld \u00ed. k.<\/p>\n","protected":false},"featured_media":0,"comment_status":"open","ping_status":"closed","template":"","meta":[],"product_brand":[],"product_cat":[137],"product_tag":[],"class_list":{"0":"post-6095","1":"product","2":"type-product","3":"status-publish","5":"product_cat-maros-megyei-eletrajzi-lexikon","7":"first","8":"instock","9":"shipping-taxable","10":"product-type-simple"},"_links":{"self":[{"href":"https:\/\/uj.adatbank.ro\/lexikon\/wp-json\/wp\/v2\/product\/6095","targetHints":{"allow":["GET"]}}],"collection":[{"href":"https:\/\/uj.adatbank.ro\/lexikon\/wp-json\/wp\/v2\/product"}],"about":[{"href":"https:\/\/uj.adatbank.ro\/lexikon\/wp-json\/wp\/v2\/types\/product"}],"replies":[{"embeddable":true,"href":"https:\/\/uj.adatbank.ro\/lexikon\/wp-json\/wp\/v2\/comments?post=6095"}],"wp:attachment":[{"href":"https:\/\/uj.adatbank.ro\/lexikon\/wp-json\/wp\/v2\/media?parent=6095"}],"wp:term":[{"taxonomy":"product_brand","embeddable":true,"href":"https:\/\/uj.adatbank.ro\/lexikon\/wp-json\/wp\/v2\/product_brand?post=6095"},{"taxonomy":"product_cat","embeddable":true,"href":"https:\/\/uj.adatbank.ro\/lexikon\/wp-json\/wp\/v2\/product_cat?post=6095"},{"taxonomy":"product_tag","embeddable":true,"href":"https:\/\/uj.adatbank.ro\/lexikon\/wp-json\/wp\/v2\/product_tag?post=6095"}],"curies":[{"name":"wp","href":"https:\/\/api.w.org\/{rel}","templated":true}]}}