{"id":6098,"date":"2025-06-28T17:40:43","date_gmt":"2025-06-28T15:40:43","guid":{"rendered":"https:\/\/uj.adatbank.ro\/lexikon\/termek\/csengeri-istvan-k-kepiro-varadi\/"},"modified":"2025-06-28T17:40:43","modified_gmt":"2025-06-28T15:40:43","slug":"csengeri-istvan-k-kepiro-varadi","status":"publish","type":"product","link":"https:\/\/uj.adatbank.ro\/lexikon\/termek\/csengeri-istvan-k-kepiro-varadi\/","title":{"rendered":"CSENGERI Istv\u00e1n, K (K\u00e9p\u00edr\u00f3), v\u00e1radi"},"content":{"rendered":"<p>1628., \u2020 Mv., 1671. j\u00fan. 10.: professzor, teol\u00f3gus, ref. pr\u00e9dik\u00e1tor. \u2013 Kv.-on, Fogarason szolg\u00e1lt, Barcsai \u00c1kos \u00e9s Kem\u00e9ny J\u00e1nos fejedelem udvari papja. A nagyenyedi Ref. Koll. tan\u00e1ra (1668), az ekl\u00e9zsia papja, esperes \u00e9s koll.-i gondnok. Mv-en a zsinaton halt meg. A cartezi\u00e1nus-coccej\u00e1nus eszm\u00e9k h\u00edve volt. \u2013 <strong>F. m.:<\/strong> Disputatio Theologica Quinquagesima secunda. (Lugd. Batavor, 1654); Disputatio Theologica Anti Sociniana. (Lugd. Batavor, 1654); Disputatio Philosophica De Usu Rationis humana in Theologia. (Lugd. Batavor, 1654); Politica eclesiastica (nem jelent meg). <br \/><strong>Irod.:<\/strong> Id\u0151t\u00e1r 1; Kraus: Erd\u00e9lyi kr\u00f3nika; Szinnyei<\/br><\/p>\n","protected":false},"excerpt":{"rendered":"<p>1628., \u2020 Mv., 1671. j\u00fan. 10.: professzor, teol\u00f3gus, ref. pr\u00e9dik\u00e1tor. \u2013 Kv.-on, Fogarason szolg\u00e1lt, Barcsai \u00c1kos \u00e9s Kem\u00e9ny J\u00e1nos fejedelem udvari papja. A nagyenyedi Ref. Koll. tan\u00e1ra (1668), az ekl\u00e9zsia papja, esperes \u00e9s koll.-i gondnok. Mv-en a zsinaton halt meg. A cartezi\u00e1nus-coccej\u00e1nus eszm\u00e9k h\u00edve volt. \u2013 F. m.: Disputatio Theologica Quinquagesima secunda. (Lugd. Batavor, 1654); [&hellip;]<\/p>\n","protected":false},"featured_media":0,"comment_status":"open","ping_status":"closed","template":"","meta":[],"product_brand":[],"product_cat":[137],"product_tag":[],"class_list":{"0":"post-6098","1":"product","2":"type-product","3":"status-publish","5":"product_cat-maros-megyei-eletrajzi-lexikon","7":"first","8":"instock","9":"shipping-taxable","10":"product-type-simple"},"_links":{"self":[{"href":"https:\/\/uj.adatbank.ro\/lexikon\/wp-json\/wp\/v2\/product\/6098","targetHints":{"allow":["GET"]}}],"collection":[{"href":"https:\/\/uj.adatbank.ro\/lexikon\/wp-json\/wp\/v2\/product"}],"about":[{"href":"https:\/\/uj.adatbank.ro\/lexikon\/wp-json\/wp\/v2\/types\/product"}],"replies":[{"embeddable":true,"href":"https:\/\/uj.adatbank.ro\/lexikon\/wp-json\/wp\/v2\/comments?post=6098"}],"wp:attachment":[{"href":"https:\/\/uj.adatbank.ro\/lexikon\/wp-json\/wp\/v2\/media?parent=6098"}],"wp:term":[{"taxonomy":"product_brand","embeddable":true,"href":"https:\/\/uj.adatbank.ro\/lexikon\/wp-json\/wp\/v2\/product_brand?post=6098"},{"taxonomy":"product_cat","embeddable":true,"href":"https:\/\/uj.adatbank.ro\/lexikon\/wp-json\/wp\/v2\/product_cat?post=6098"},{"taxonomy":"product_tag","embeddable":true,"href":"https:\/\/uj.adatbank.ro\/lexikon\/wp-json\/wp\/v2\/product_tag?post=6098"}],"curies":[{"name":"wp","href":"https:\/\/api.w.org\/{rel}","templated":true}]}}