{"id":6099,"date":"2025-06-28T17:40:44","date_gmt":"2025-06-28T15:40:44","guid":{"rendered":"https:\/\/uj.adatbank.ro\/lexikon\/termek\/csengeri-mayer\/"},"modified":"2025-06-28T17:40:44","modified_gmt":"2025-06-28T15:40:44","slug":"csengeri-mayer","status":"publish","type":"product","link":"https:\/\/uj.adatbank.ro\/lexikon\/termek\/csengeri-mayer\/","title":{"rendered":"CSENGERI Mayer"},"content":{"rendered":"<p>? \u2020\u00a0? : el\u0151lj\u00e1r\u00f3. \u2013 A mv.-i zsid\u00f3tan\u00e1cs tagja (1944). <br \/><strong>Irod.:<\/strong> Sebesty\u00e9n Mih\u00e1ly 2000<\/br><\/p>\n","protected":false},"excerpt":{"rendered":"<p>? \u2020\u00a0? : el\u0151lj\u00e1r\u00f3. \u2013 A mv.-i zsid\u00f3tan\u00e1cs tagja (1944). Irod.: Sebesty\u00e9n Mih\u00e1ly 2000<\/p>\n","protected":false},"featured_media":0,"comment_status":"open","ping_status":"closed","template":"","meta":[],"product_brand":[],"product_cat":[137],"product_tag":[],"class_list":{"0":"post-6099","1":"product","2":"type-product","3":"status-publish","5":"product_cat-maros-megyei-eletrajzi-lexikon","7":"first","8":"instock","9":"shipping-taxable","10":"product-type-simple"},"_links":{"self":[{"href":"https:\/\/uj.adatbank.ro\/lexikon\/wp-json\/wp\/v2\/product\/6099","targetHints":{"allow":["GET"]}}],"collection":[{"href":"https:\/\/uj.adatbank.ro\/lexikon\/wp-json\/wp\/v2\/product"}],"about":[{"href":"https:\/\/uj.adatbank.ro\/lexikon\/wp-json\/wp\/v2\/types\/product"}],"replies":[{"embeddable":true,"href":"https:\/\/uj.adatbank.ro\/lexikon\/wp-json\/wp\/v2\/comments?post=6099"}],"wp:attachment":[{"href":"https:\/\/uj.adatbank.ro\/lexikon\/wp-json\/wp\/v2\/media?parent=6099"}],"wp:term":[{"taxonomy":"product_brand","embeddable":true,"href":"https:\/\/uj.adatbank.ro\/lexikon\/wp-json\/wp\/v2\/product_brand?post=6099"},{"taxonomy":"product_cat","embeddable":true,"href":"https:\/\/uj.adatbank.ro\/lexikon\/wp-json\/wp\/v2\/product_cat?post=6099"},{"taxonomy":"product_tag","embeddable":true,"href":"https:\/\/uj.adatbank.ro\/lexikon\/wp-json\/wp\/v2\/product_tag?post=6099"}],"curies":[{"name":"wp","href":"https:\/\/api.w.org\/{rel}","templated":true}]}}