{"id":6100,"date":"2025-06-28T17:40:46","date_gmt":"2025-06-28T15:40:46","guid":{"rendered":"https:\/\/uj.adatbank.ro\/lexikon\/termek\/csengizade-ali\/"},"modified":"2025-06-28T17:40:46","modified_gmt":"2025-06-28T15:40:46","slug":"csengizade-ali","status":"publish","type":"product","link":"https:\/\/uj.adatbank.ro\/lexikon\/termek\/csengizade-ali\/","title":{"rendered":"CSENGIZADE Ali"},"content":{"rendered":"<p>? \u2020 1664 kiv\u00e9gezt\u00e9k: t\u00f6r\u00f6k pasa. \u2013 Csapataival t\u00f6bb h\u00f3napot tartozkodott Mv.-en (1661), Kem\u00e9ny J\u00e1nost el\u00fazte, \u0151 \u00fcltette a fejedelmi sz\u00e9kbe I. Appafi Mih\u00e1lyt. <br \/><strong>Irod.:<\/strong> Benk\u0151 K.: Mv.; P\u00e1l-Antal 2004<\/br><\/p>\n","protected":false},"excerpt":{"rendered":"<p>? \u2020 1664 kiv\u00e9gezt\u00e9k: t\u00f6r\u00f6k pasa. \u2013 Csapataival t\u00f6bb h\u00f3napot tartozkodott Mv.-en (1661), Kem\u00e9ny J\u00e1nost el\u00fazte, \u0151 \u00fcltette a fejedelmi sz\u00e9kbe I. Appafi Mih\u00e1lyt. Irod.: Benk\u0151 K.: Mv.; P\u00e1l-Antal 2004<\/p>\n","protected":false},"featured_media":0,"comment_status":"open","ping_status":"closed","template":"","meta":[],"product_brand":[],"product_cat":[137],"product_tag":[],"class_list":{"0":"post-6100","1":"product","2":"type-product","3":"status-publish","5":"product_cat-maros-megyei-eletrajzi-lexikon","7":"first","8":"instock","9":"shipping-taxable","10":"product-type-simple"},"_links":{"self":[{"href":"https:\/\/uj.adatbank.ro\/lexikon\/wp-json\/wp\/v2\/product\/6100","targetHints":{"allow":["GET"]}}],"collection":[{"href":"https:\/\/uj.adatbank.ro\/lexikon\/wp-json\/wp\/v2\/product"}],"about":[{"href":"https:\/\/uj.adatbank.ro\/lexikon\/wp-json\/wp\/v2\/types\/product"}],"replies":[{"embeddable":true,"href":"https:\/\/uj.adatbank.ro\/lexikon\/wp-json\/wp\/v2\/comments?post=6100"}],"wp:attachment":[{"href":"https:\/\/uj.adatbank.ro\/lexikon\/wp-json\/wp\/v2\/media?parent=6100"}],"wp:term":[{"taxonomy":"product_brand","embeddable":true,"href":"https:\/\/uj.adatbank.ro\/lexikon\/wp-json\/wp\/v2\/product_brand?post=6100"},{"taxonomy":"product_cat","embeddable":true,"href":"https:\/\/uj.adatbank.ro\/lexikon\/wp-json\/wp\/v2\/product_cat?post=6100"},{"taxonomy":"product_tag","embeddable":true,"href":"https:\/\/uj.adatbank.ro\/lexikon\/wp-json\/wp\/v2\/product_tag?post=6100"}],"curies":[{"name":"wp","href":"https:\/\/api.w.org\/{rel}","templated":true}]}}