{"id":6101,"date":"2025-06-28T17:40:48","date_gmt":"2025-06-28T15:40:48","guid":{"rendered":"https:\/\/uj.adatbank.ro\/lexikon\/termek\/csep-lajos\/"},"modified":"2025-06-28T17:40:48","modified_gmt":"2025-06-28T15:40:48","slug":"csep-lajos","status":"publish","type":"product","link":"https:\/\/uj.adatbank.ro\/lexikon\/termek\/csep-lajos\/","title":{"rendered":"CS\u00c9P Lajos"},"content":{"rendered":"<p>B\u00e1gyon, 1820. \u2020\u00a01888. j\u00fal. 19.: ref. lelk\u00e9sz. \u2013 Feles\u00e9ge. Szacsvai Karolina (1849\u2013). \u2013 Tord\u00e1n \u00e9s Kv.-on tanult. Lelk\u00e9sz Vadadon (1846 \u2013 ), Cs\u00f3kfalv\u00e1n (1865\u2013), itt t\u00e1mogatta az iskola l\u00e9trej\u00f6tt\u00e9t. Egyh\u00e1zi tan\u00e1csos, papisz\u00e9ki b\u00edr\u00f3i tisztet t\u00f6lt\u00f6tt be. <br \/><strong>Irod.:<\/strong> Kelemen<\/br><\/p>\n","protected":false},"excerpt":{"rendered":"<p>B\u00e1gyon, 1820. \u2020\u00a01888. j\u00fal. 19.: ref. lelk\u00e9sz. \u2013 Feles\u00e9ge. Szacsvai Karolina (1849\u2013). \u2013 Tord\u00e1n \u00e9s Kv.-on tanult. Lelk\u00e9sz Vadadon (1846 \u2013 ), Cs\u00f3kfalv\u00e1n (1865\u2013), itt t\u00e1mogatta az iskola l\u00e9trej\u00f6tt\u00e9t. Egyh\u00e1zi tan\u00e1csos, papisz\u00e9ki b\u00edr\u00f3i tisztet t\u00f6lt\u00f6tt be. Irod.: Kelemen<\/p>\n","protected":false},"featured_media":0,"comment_status":"open","ping_status":"closed","template":"","meta":[],"product_brand":[],"product_cat":[137],"product_tag":[],"class_list":{"0":"post-6101","1":"product","2":"type-product","3":"status-publish","5":"product_cat-maros-megyei-eletrajzi-lexikon","7":"first","8":"instock","9":"shipping-taxable","10":"product-type-simple"},"_links":{"self":[{"href":"https:\/\/uj.adatbank.ro\/lexikon\/wp-json\/wp\/v2\/product\/6101","targetHints":{"allow":["GET"]}}],"collection":[{"href":"https:\/\/uj.adatbank.ro\/lexikon\/wp-json\/wp\/v2\/product"}],"about":[{"href":"https:\/\/uj.adatbank.ro\/lexikon\/wp-json\/wp\/v2\/types\/product"}],"replies":[{"embeddable":true,"href":"https:\/\/uj.adatbank.ro\/lexikon\/wp-json\/wp\/v2\/comments?post=6101"}],"wp:attachment":[{"href":"https:\/\/uj.adatbank.ro\/lexikon\/wp-json\/wp\/v2\/media?parent=6101"}],"wp:term":[{"taxonomy":"product_brand","embeddable":true,"href":"https:\/\/uj.adatbank.ro\/lexikon\/wp-json\/wp\/v2\/product_brand?post=6101"},{"taxonomy":"product_cat","embeddable":true,"href":"https:\/\/uj.adatbank.ro\/lexikon\/wp-json\/wp\/v2\/product_cat?post=6101"},{"taxonomy":"product_tag","embeddable":true,"href":"https:\/\/uj.adatbank.ro\/lexikon\/wp-json\/wp\/v2\/product_tag?post=6101"}],"curies":[{"name":"wp","href":"https:\/\/api.w.org\/{rel}","templated":true}]}}