{"id":6104,"date":"2025-06-28T17:40:54","date_gmt":"2025-06-28T15:40:54","guid":{"rendered":"https:\/\/uj.adatbank.ro\/lexikon\/termek\/cserei-farkas-cserey-farkas-nagyajtai\/"},"modified":"2025-06-28T17:40:54","modified_gmt":"2025-06-28T15:40:54","slug":"cserei-farkas-cserey-farkas-nagyajtai","status":"publish","type":"product","link":"https:\/\/uj.adatbank.ro\/lexikon\/termek\/cserei-farkas-cserey-farkas-nagyajtai\/","title":{"rendered":"CSEREI Farkas, Cserey Farkas, nagyajtai"},"content":{"rendered":"<p>? \u2020\u00a0Mv., 1819?: \u00edt\u00e9l\u0151mester. \u2013 Feles\u00e9ge: gr. Bey Claudia (1781- Mv., 1831. szept. 18.). Gyermekeik: Lajos, Istv\u00e1n, Roz\u00e1lia, Katalin. \u2013 Az Erd\u00e9lyi Nagy Fejedelems\u00e9g egyik \u00edt\u00e9l\u0151mestere. Kazinczy Ferenc megrendelte Ehrlacher fest\u0151m\u0171v\u00e9szt\u0151l \u00e9s elk\u00e9sz\u00edtette maga sz\u00e1m\u00e1ra Cserei portr\u00e9j\u00e1t, amit Cserey kiv\u00e1l\u00f3nak tal\u00e1lt. <br \/><strong>Irod.:<\/strong> Gy\u00e1szjelent\u0151; Szab\u00f3\u2013K\u00e1llai<\/br><\/p>\n","protected":false},"excerpt":{"rendered":"<p>? \u2020\u00a0Mv., 1819?: \u00edt\u00e9l\u0151mester. \u2013 Feles\u00e9ge: gr. Bey Claudia (1781- Mv., 1831. szept. 18.). Gyermekeik: Lajos, Istv\u00e1n, Roz\u00e1lia, Katalin. \u2013 Az Erd\u00e9lyi Nagy Fejedelems\u00e9g egyik \u00edt\u00e9l\u0151mestere. Kazinczy Ferenc megrendelte Ehrlacher fest\u0151m\u0171v\u00e9szt\u0151l \u00e9s elk\u00e9sz\u00edtette maga sz\u00e1m\u00e1ra Cserei portr\u00e9j\u00e1t, amit Cserey kiv\u00e1l\u00f3nak tal\u00e1lt. Irod.: Gy\u00e1szjelent\u0151; Szab\u00f3\u2013K\u00e1llai<\/p>\n","protected":false},"featured_media":0,"comment_status":"open","ping_status":"closed","template":"","meta":[],"product_brand":[],"product_cat":[137],"product_tag":[],"class_list":{"0":"post-6104","1":"product","2":"type-product","3":"status-publish","5":"product_cat-maros-megyei-eletrajzi-lexikon","7":"first","8":"instock","9":"shipping-taxable","10":"product-type-simple"},"_links":{"self":[{"href":"https:\/\/uj.adatbank.ro\/lexikon\/wp-json\/wp\/v2\/product\/6104","targetHints":{"allow":["GET"]}}],"collection":[{"href":"https:\/\/uj.adatbank.ro\/lexikon\/wp-json\/wp\/v2\/product"}],"about":[{"href":"https:\/\/uj.adatbank.ro\/lexikon\/wp-json\/wp\/v2\/types\/product"}],"replies":[{"embeddable":true,"href":"https:\/\/uj.adatbank.ro\/lexikon\/wp-json\/wp\/v2\/comments?post=6104"}],"wp:attachment":[{"href":"https:\/\/uj.adatbank.ro\/lexikon\/wp-json\/wp\/v2\/media?parent=6104"}],"wp:term":[{"taxonomy":"product_brand","embeddable":true,"href":"https:\/\/uj.adatbank.ro\/lexikon\/wp-json\/wp\/v2\/product_brand?post=6104"},{"taxonomy":"product_cat","embeddable":true,"href":"https:\/\/uj.adatbank.ro\/lexikon\/wp-json\/wp\/v2\/product_cat?post=6104"},{"taxonomy":"product_tag","embeddable":true,"href":"https:\/\/uj.adatbank.ro\/lexikon\/wp-json\/wp\/v2\/product_tag?post=6104"}],"curies":[{"name":"wp","href":"https:\/\/api.w.org\/{rel}","templated":true}]}}