{"id":6106,"date":"2025-06-28T17:40:57","date_gmt":"2025-06-28T15:40:57","guid":{"rendered":"https:\/\/uj.adatbank.ro\/lexikon\/termek\/cserei-gyorgy\/"},"modified":"2025-06-28T17:40:57","modified_gmt":"2025-06-28T15:40:57","slug":"cserei-gyorgy","status":"publish","type":"product","link":"https:\/\/uj.adatbank.ro\/lexikon\/termek\/cserei-gyorgy\/","title":{"rendered":"CSEREI Gy\u00f6rgy"},"content":{"rendered":"<p>1715., \u2020 1775: f\u00f6ldbirtokos, napl\u00f3\u00edr\u00f3. \u2013 Cserei Mih\u00e1ly \u00e9s Ka\u00e1li K\u00fan Ilona fia. \u2013 A mv.-i Kir. T\u00e1bla tagja (1750-es \u00e9vekben). Sz\u00e9kelyk\u00e1lban volt birtokos nemes. Birtok\u00e1t udvarb\u00edr\u00f3ja Dobos Gy\u00f6rgy vezette (1742). Napl\u00f3\u00edr\u00f3 volt \u0151 is, mint apja. <br \/><strong>Irod.:<\/strong> Orb\u00e1n J\u00e1nos: T\u00e1blab\u00edr\u00e1k, f\u0151nemesek, pall\u00e9rok \u00e9s h\u00e1zak: V\u00e1rosk\u00e9p \u00e9s t\u00e1rsadalom v\u00e1ltoz\u00e1sai Mv.-en a Kir\u00e1lyi T\u00e1bla bek\u00f6lt\u00f6z\u00e9se ut\u00e1n [1754] =  K\u00f6nyvek \u00e1ltal \u2026, Sz\u00e9kelyk\u00e1l 800 \u00e9ves t\u00f6rt\u00e9net\u00e9b\u0151l<\/br><\/p>\n","protected":false},"excerpt":{"rendered":"<p>1715., \u2020 1775: f\u00f6ldbirtokos, napl\u00f3\u00edr\u00f3. \u2013 Cserei Mih\u00e1ly \u00e9s Ka\u00e1li K\u00fan Ilona fia. \u2013 A mv.-i Kir. T\u00e1bla tagja (1750-es \u00e9vekben). Sz\u00e9kelyk\u00e1lban volt birtokos nemes. Birtok\u00e1t udvarb\u00edr\u00f3ja Dobos Gy\u00f6rgy vezette (1742). Napl\u00f3\u00edr\u00f3 volt \u0151 is, mint apja. Irod.: Orb\u00e1n J\u00e1nos: T\u00e1blab\u00edr\u00e1k, f\u0151nemesek, pall\u00e9rok \u00e9s h\u00e1zak: V\u00e1rosk\u00e9p \u00e9s t\u00e1rsadalom v\u00e1ltoz\u00e1sai Mv.-en a Kir\u00e1lyi T\u00e1bla bek\u00f6lt\u00f6z\u00e9se ut\u00e1n [&hellip;]<\/p>\n","protected":false},"featured_media":0,"comment_status":"open","ping_status":"closed","template":"","meta":[],"product_brand":[],"product_cat":[137],"product_tag":[],"class_list":{"0":"post-6106","1":"product","2":"type-product","3":"status-publish","5":"product_cat-maros-megyei-eletrajzi-lexikon","7":"first","8":"instock","9":"shipping-taxable","10":"product-type-simple"},"_links":{"self":[{"href":"https:\/\/uj.adatbank.ro\/lexikon\/wp-json\/wp\/v2\/product\/6106","targetHints":{"allow":["GET"]}}],"collection":[{"href":"https:\/\/uj.adatbank.ro\/lexikon\/wp-json\/wp\/v2\/product"}],"about":[{"href":"https:\/\/uj.adatbank.ro\/lexikon\/wp-json\/wp\/v2\/types\/product"}],"replies":[{"embeddable":true,"href":"https:\/\/uj.adatbank.ro\/lexikon\/wp-json\/wp\/v2\/comments?post=6106"}],"wp:attachment":[{"href":"https:\/\/uj.adatbank.ro\/lexikon\/wp-json\/wp\/v2\/media?parent=6106"}],"wp:term":[{"taxonomy":"product_brand","embeddable":true,"href":"https:\/\/uj.adatbank.ro\/lexikon\/wp-json\/wp\/v2\/product_brand?post=6106"},{"taxonomy":"product_cat","embeddable":true,"href":"https:\/\/uj.adatbank.ro\/lexikon\/wp-json\/wp\/v2\/product_cat?post=6106"},{"taxonomy":"product_tag","embeddable":true,"href":"https:\/\/uj.adatbank.ro\/lexikon\/wp-json\/wp\/v2\/product_tag?post=6106"}],"curies":[{"name":"wp","href":"https:\/\/api.w.org\/{rel}","templated":true}]}}