{"id":6108,"date":"2025-06-28T17:41:02","date_gmt":"2025-06-28T15:41:02","guid":{"rendered":"https:\/\/uj.adatbank.ro\/lexikon\/termek\/cserei-imre-nagyajtai-cserey-emericus\/"},"modified":"2025-06-28T17:41:02","modified_gmt":"2025-06-28T15:41:02","slug":"cserei-imre-nagyajtai-cserey-emericus","status":"publish","type":"product","link":"https:\/\/uj.adatbank.ro\/lexikon\/termek\/cserei-imre-nagyajtai-cserey-emericus\/","title":{"rendered":"CSEREI Imre, nagyajtai; Cserey Emericus"},"content":{"rendered":"<p>Torda, 1752. \u2020 Gyulafeh\u00e9rv\u00e1r, 1815. m\u00e1rc. 6. A pl\u00e9b\u00e1niatemplom alatti s\u00edrboltaba temett\u00e9k testv\u00e9rb\u00e1tyja mell\u00e9: f\u0151esperes, tan\u00e1r. \u2013 Testv\u00e9rei: Cs. J\u00f3zsef, ap\u00e1t \u00e9s c. kanonok, Farkas \u00e9s Mih\u00e1ly. \u2013 Papi tanulm\u00e1nyait Kv.-on a Jezsuita Gimn. \u00e9s Akad. -\u00e1n (1764\u201368), Nagyszombaton (1769) \u00e9s B\u00e9csben a P\u00e1zm\u00e1neumban v\u00e9gezte (1769\u201370, 1773\u201375). Szebenben tan\u00e1r (1779); a gyulafeh\u00e9rv\u00e1ri papneveld\u00e9ben az egyh\u00e1zt\u00f6rt\u00e9nelem \u00e9s a szertart\u00e1s tan\u00e1ra (1782\u20131800); Nagyszebenben esperes\u2013pl\u00e9b\u00e1nos \u00e9s gimn. igazgat\u00f3 (1800\u201310); testv\u00e9rb\u00e1tja Cs. J\u00f3zsef hal\u00e1la ut\u00e1n (1809\u2013), mv.-i r. k. esperes-pl\u00e9b\u00e1nos (1810\u201315), ap\u00e1t-f\u0151esperes (1810 v. 1812) \u00e9s a r. k. tanoda prefektusa, igazgat\u00f3ja lett. A meszesi boldog szt. Margit ap\u00e1ts\u00e1g ap\u00e1tja, az erd\u00e9lyi gyulafeh\u00e9rv\u00e1ri sz\u00e9kesegyh\u00e1z kanonokja, a Maros ker\u00fclet \u00e9s Mv. sz. kir. v\u00e1ros f\u0151esperese. Az \u0151 idej\u00e9ben (1812\u2013) mutatkozik a k\u00f6zs\u00e9gi auton\u00f3mia m\u0171k\u00f6d\u00e9se. A hitk\u00f6zs\u00e9g \u00fcgyeit f\u0151gondnokok, algondnokok, tan\u00e1csosok, egyh\u00e1zfiak vezett\u00e9k. Felekezeti k\u00e9rd\u00e9sekben a v\u00e9t\u0151ket p\u00e9nzbeli, testi \u00e9s egy\u00e9b egyh\u00e1zi b\u0171ntet\u00e9sben r\u00e9szes\u00edtette. \u2013 <strong>F. m.:<\/strong> Gemina laus domus Pazmaneae auditoribus dum annuos honores divis suis tutelaribus Petro et Paulo persolveret exhibita oratore (Vindobonae, 1772). <br \/><strong>Irod.:<\/strong> Ferenczi S\u00e1ndor 2009; Gy\u00e1szjelent; Id\u0151t\u00e1r 1.; Kr\u00f3n. F\u00fcz. (1939. 4\/9); M\u00e1th\u00e9 \u00c9va: Besz\u00e9des s\u00edrfel\u00edratok (Kr\u00f3nika, 2010. nov. 5\u20137.); MKL; Mv.-i Pl\u00e9b\u00e1niatemplom kript\u00e1ja; P\u00e1l-Antal 2003; P\u00e1l-Antal 2004; P\u00e1l-Antal 2009; Pusk\u00e1s Attila \u2013 s\u00edrfeliratok; RMK III\/18. sz.<\/br><\/p>\n","protected":false},"excerpt":{"rendered":"<p>Torda, 1752. \u2020 Gyulafeh\u00e9rv\u00e1r, 1815. m\u00e1rc. 6. A pl\u00e9b\u00e1niatemplom alatti s\u00edrboltaba temett\u00e9k testv\u00e9rb\u00e1tyja mell\u00e9: f\u0151esperes, tan\u00e1r. \u2013 Testv\u00e9rei: Cs. J\u00f3zsef, ap\u00e1t \u00e9s c. kanonok, Farkas \u00e9s Mih\u00e1ly. \u2013 Papi tanulm\u00e1nyait Kv.-on a Jezsuita Gimn. \u00e9s Akad. -\u00e1n (1764\u201368), Nagyszombaton (1769) \u00e9s B\u00e9csben a P\u00e1zm\u00e1neumban v\u00e9gezte (1769\u201370, 1773\u201375). Szebenben tan\u00e1r (1779); a gyulafeh\u00e9rv\u00e1ri papneveld\u00e9ben az egyh\u00e1zt\u00f6rt\u00e9nelem [&hellip;]<\/p>\n","protected":false},"featured_media":0,"comment_status":"open","ping_status":"closed","template":"","meta":[],"product_brand":[],"product_cat":[137],"product_tag":[],"class_list":{"0":"post-6108","1":"product","2":"type-product","3":"status-publish","5":"product_cat-maros-megyei-eletrajzi-lexikon","7":"first","8":"instock","9":"shipping-taxable","10":"product-type-simple"},"_links":{"self":[{"href":"https:\/\/uj.adatbank.ro\/lexikon\/wp-json\/wp\/v2\/product\/6108","targetHints":{"allow":["GET"]}}],"collection":[{"href":"https:\/\/uj.adatbank.ro\/lexikon\/wp-json\/wp\/v2\/product"}],"about":[{"href":"https:\/\/uj.adatbank.ro\/lexikon\/wp-json\/wp\/v2\/types\/product"}],"replies":[{"embeddable":true,"href":"https:\/\/uj.adatbank.ro\/lexikon\/wp-json\/wp\/v2\/comments?post=6108"}],"wp:attachment":[{"href":"https:\/\/uj.adatbank.ro\/lexikon\/wp-json\/wp\/v2\/media?parent=6108"}],"wp:term":[{"taxonomy":"product_brand","embeddable":true,"href":"https:\/\/uj.adatbank.ro\/lexikon\/wp-json\/wp\/v2\/product_brand?post=6108"},{"taxonomy":"product_cat","embeddable":true,"href":"https:\/\/uj.adatbank.ro\/lexikon\/wp-json\/wp\/v2\/product_cat?post=6108"},{"taxonomy":"product_tag","embeddable":true,"href":"https:\/\/uj.adatbank.ro\/lexikon\/wp-json\/wp\/v2\/product_tag?post=6108"}],"curies":[{"name":"wp","href":"https:\/\/api.w.org\/{rel}","templated":true}]}}