{"id":6113,"date":"2025-06-28T17:41:09","date_gmt":"2025-06-28T15:41:09","guid":{"rendered":"https:\/\/uj.adatbank.ro\/lexikon\/termek\/cserei-lajos-nagyajtai\/"},"modified":"2025-06-28T17:41:09","modified_gmt":"2025-06-28T15:41:09","slug":"cserei-lajos-nagyajtai","status":"publish","type":"product","link":"https:\/\/uj.adatbank.ro\/lexikon\/termek\/cserei-lajos-nagyajtai\/","title":{"rendered":"CSEREI Lajos, nagyajtai"},"content":{"rendered":"<p>1813.? \u2020 Mv., 1846. \u00e1pr. 30.: b\u00edr\u00f3. \u2013 Marossz\u00e9k\u00a0der\u00e9ksz\u00e9k\u00e9nek b\u00edr\u00e1ja. <br \/><strong>Irod.:<\/strong> Gy\u00e1szjelent\u0151<\/br><\/p>\n","protected":false},"excerpt":{"rendered":"<p>1813.? \u2020 Mv., 1846. \u00e1pr. 30.: b\u00edr\u00f3. \u2013 Marossz\u00e9k\u00a0der\u00e9ksz\u00e9k\u00e9nek b\u00edr\u00e1ja. Irod.: Gy\u00e1szjelent\u0151<\/p>\n","protected":false},"featured_media":0,"comment_status":"open","ping_status":"closed","template":"","meta":[],"product_brand":[],"product_cat":[137],"product_tag":[],"class_list":{"0":"post-6113","1":"product","2":"type-product","3":"status-publish","5":"product_cat-maros-megyei-eletrajzi-lexikon","7":"first","8":"instock","9":"shipping-taxable","10":"product-type-simple"},"_links":{"self":[{"href":"https:\/\/uj.adatbank.ro\/lexikon\/wp-json\/wp\/v2\/product\/6113","targetHints":{"allow":["GET"]}}],"collection":[{"href":"https:\/\/uj.adatbank.ro\/lexikon\/wp-json\/wp\/v2\/product"}],"about":[{"href":"https:\/\/uj.adatbank.ro\/lexikon\/wp-json\/wp\/v2\/types\/product"}],"replies":[{"embeddable":true,"href":"https:\/\/uj.adatbank.ro\/lexikon\/wp-json\/wp\/v2\/comments?post=6113"}],"wp:attachment":[{"href":"https:\/\/uj.adatbank.ro\/lexikon\/wp-json\/wp\/v2\/media?parent=6113"}],"wp:term":[{"taxonomy":"product_brand","embeddable":true,"href":"https:\/\/uj.adatbank.ro\/lexikon\/wp-json\/wp\/v2\/product_brand?post=6113"},{"taxonomy":"product_cat","embeddable":true,"href":"https:\/\/uj.adatbank.ro\/lexikon\/wp-json\/wp\/v2\/product_cat?post=6113"},{"taxonomy":"product_tag","embeddable":true,"href":"https:\/\/uj.adatbank.ro\/lexikon\/wp-json\/wp\/v2\/product_tag?post=6113"}],"curies":[{"name":"wp","href":"https:\/\/api.w.org\/{rel}","templated":true}]}}