{"id":6115,"date":"2025-06-28T17:41:15","date_gmt":"2025-06-28T15:41:15","guid":{"rendered":"https:\/\/uj.adatbank.ro\/lexikon\/termek\/cserei-mihaly\/"},"modified":"2025-06-28T17:41:15","modified_gmt":"2025-06-28T15:41:15","slug":"cserei-mihaly","status":"publish","type":"product","link":"https:\/\/uj.adatbank.ro\/lexikon\/termek\/cserei-mihaly\/","title":{"rendered":"CSEREI Mih\u00e1ly"},"content":{"rendered":"<p>? \u2020\u00a0? : p\u00e9nzt\u00e1rnok, f\u0151szolgab\u00edr\u00f3. \u2013 S\u00e1msond j\u00e1r\u00e1si f\u0151szolgab\u00edr\u00f3ja (dull\u00f3biztos), aki k\u00f6teles volt biztos\u00edtani a nemes emberek megjelen\u00e9s\u00e9t a f\u0151kir\u00e1lyb\u00edr\u00f3, Toldalagi Ferenc, beiktat\u00e1si cerem\u00f3ni\u00e1j\u00e1ra. <br \/><strong>Irod.:<\/strong> 1848\u20131849 Marossz\u00e9k<\/br><\/p>\n","protected":false},"excerpt":{"rendered":"<p>? \u2020\u00a0? : p\u00e9nzt\u00e1rnok, f\u0151szolgab\u00edr\u00f3. \u2013 S\u00e1msond j\u00e1r\u00e1si f\u0151szolgab\u00edr\u00f3ja (dull\u00f3biztos), aki k\u00f6teles volt biztos\u00edtani a nemes emberek megjelen\u00e9s\u00e9t a f\u0151kir\u00e1lyb\u00edr\u00f3, Toldalagi Ferenc, beiktat\u00e1si cerem\u00f3ni\u00e1j\u00e1ra. Irod.: 1848\u20131849 Marossz\u00e9k<\/p>\n","protected":false},"featured_media":0,"comment_status":"open","ping_status":"closed","template":"","meta":[],"product_brand":[],"product_cat":[137],"product_tag":[],"class_list":{"0":"post-6115","1":"product","2":"type-product","3":"status-publish","5":"product_cat-maros-megyei-eletrajzi-lexikon","7":"first","8":"instock","9":"shipping-taxable","10":"product-type-simple"},"_links":{"self":[{"href":"https:\/\/uj.adatbank.ro\/lexikon\/wp-json\/wp\/v2\/product\/6115","targetHints":{"allow":["GET"]}}],"collection":[{"href":"https:\/\/uj.adatbank.ro\/lexikon\/wp-json\/wp\/v2\/product"}],"about":[{"href":"https:\/\/uj.adatbank.ro\/lexikon\/wp-json\/wp\/v2\/types\/product"}],"replies":[{"embeddable":true,"href":"https:\/\/uj.adatbank.ro\/lexikon\/wp-json\/wp\/v2\/comments?post=6115"}],"wp:attachment":[{"href":"https:\/\/uj.adatbank.ro\/lexikon\/wp-json\/wp\/v2\/media?parent=6115"}],"wp:term":[{"taxonomy":"product_brand","embeddable":true,"href":"https:\/\/uj.adatbank.ro\/lexikon\/wp-json\/wp\/v2\/product_brand?post=6115"},{"taxonomy":"product_cat","embeddable":true,"href":"https:\/\/uj.adatbank.ro\/lexikon\/wp-json\/wp\/v2\/product_cat?post=6115"},{"taxonomy":"product_tag","embeddable":true,"href":"https:\/\/uj.adatbank.ro\/lexikon\/wp-json\/wp\/v2\/product_tag?post=6115"}],"curies":[{"name":"wp","href":"https:\/\/api.w.org\/{rel}","templated":true}]}}