{"id":6118,"date":"2025-06-28T17:41:19","date_gmt":"2025-06-28T15:41:19","guid":{"rendered":"https:\/\/uj.adatbank.ro\/lexikon\/termek\/cserei-mihaly-miklosvarszeki-nagyajtai-cserey-mihaly\/"},"modified":"2025-06-28T17:41:19","modified_gmt":"2025-06-28T15:41:19","slug":"cserei-mihaly-miklosvarszeki-nagyajtai-cserey-mihaly","status":"publish","type":"product","link":"https:\/\/uj.adatbank.ro\/lexikon\/termek\/cserei-mihaly-miklosvarszeki-nagyajtai-cserey-mihaly\/","title":{"rendered":"CSEREI Mih\u00e1ly, mikl\u00f3sv\u00e1rsz\u00e9ki, nagyajtai, Cserey Mih\u00e1ly"},"content":{"rendered":"<p>Cs\u00edkr\u00e1kos, 1667. okt. 21., \u2020 Nagyajta, 1756. \u00e1pr. 22.: kr\u00f3nika\u00edr\u00f3, t\u00f6rt\u00e9net\u00edr\u00f3, birtokos K\u00e1lban. \u2013 Cs. J\u00e1nos \u00e9s Cs. Judit fia. Feles\u00e9ge: 1. Ka\u00e1li Kun Ilona, Maroslekenc\u00e9n az Apor-kast\u00e9lyban tartotta esk\u00fcv\u0151j\u00e9t (1696). Fi\u00fak: Gy\u00f6rgy. 2. Sz\u00e9ki Zsuzsanna. \u2013 Fogarason (1674\u2013), majd a sz\u00e9kelyudvarhelyi ref. koll.-ban tanult (1678\u2013). Csal\u00e1dja anyagi \u00e9s t\u00e1rs. hanyatl\u00e1sa miatt f\u00e9lbeszak\u00edtotta tanulm\u00e1nyait, s apja fogs\u00e1gb\u00f3l val\u00f3 kiszabad\u00edt\u00e1sa \u00e9rdek\u00e9ben gr. Teleki Mih\u00e1ly kancell\u00e1r szolg\u00e1lat\u00e1ba l\u00e9pett (1685\u2013). Ka\u00e1li K\u00fan Ilona f\u00e9rjek\u00e9nt Sz\u00e9kelyk\u00e1l kedves tart\u00f3zkod\u00e1si helye volt. A zernyesti csata ut\u00e1n Th\u00f6k\u00f6ly h\u00edve (1690), azut\u00e1n a Habsburgok oldal\u00e1n viselt tiszts\u00e9geket (1691\u2013). Nagyb\u00e1tyja, Apor Ist\u00adv\u00e1n, titk\u00e1ra volt (1692\u2013). K\u00f6vetk\u00e9nt vettr\u00e9szt a Mv.-en tartott ogy.-en (1694); a kincst\u00e1r szekret\u00e1riusa lett (1695); \u00e1llami szolg\u00e1latba l\u00e9\u00adpett (1697\u2013). G\u00f6rg\u00e9nyben tartozkodott (1703\u20131704), a R\u00e1k\u00f3czi-szabads\u00e1gharc mell\u00e9 \u00e1llt (1705\u2013); Mv.-en j\u00e1rt hogy a labancok \u00e1ltal elvitt kincseit, amit Mikh\u00e1z\u00e1n \u0151r\u00edztetett, visszaszerezze (1706); a zsib\u00f3i csata (1705. nov.) ut\u00e1n a cs\u00e1sz\u00e1riakhoz p\u00e1rtolt. Sz\u00e1mos kisebb csat\u00e1ban vett r\u00e9sz a kurucok ellen, miut\u00e1n a kurucok elfoglalt\u00e1k G\u00f6rg\u00e9nyi birtok\u00e1t, azt kirabolt\u00e1k, saj\u00e1t \u00e9lete \u00e9s csal\u00e1dj\u00e1\u00e9 egyar\u00e1nt vesz\u00e9lyben forgott Brass\u00f3ba menek\u00fclt ahol 7 \u00e9vig maradt. Cs\u00edki f\u0151kir\u00e1lyb\u00edr\u00f3 (1707\u201310), majd tartom\u00e1nyi biztos, Brass\u00f3 sz\u00e9ki albiztos (1713\u2013), ahol megkezdte eml\u00e9kiratait \u00edrni (1709), majd visszavonult Nagyajt\u00e1ra, ahol az 1661\u20131712 id\u0151szak Erd\u00e9ly t\u00f6rt\u00e9net\u00e9t \u00edrta meg protest\u00e1ns, Habsburg-bar\u00e1t szemsz\u00f6gb\u0151l. Als\u00f3k\u00f6h\u00e9r-en volt birtoka amit elkoboztak t\u0151le, majd B\u00e1toson volt (1711) tartom\u00e1nybiztos; sok\u00e1ig Sz\u00e9kelyk\u00e1lban \u00e9lt az \u0151si udvarh\u00e1zban. A ref. templom r\u00e9sz\u00e9re adom\u00e1nyt tett: \u201everes skarl\u00e1t persiai dufla sz\u0151nyeget, ez\u00fcst t\u00e1ny\u00e9rt t\u00edz latb\u00f3l val\u00f3t, egy karmasin selyemmel varrott ez\u00fcst sk\u00f3fiomos keszken\u0151t\u201d (1701. jan. 1). \u2013 <strong>F. m.:<\/strong> Vera Historia transilvanica ab anno millesimo sex-centesimo sexagesimo primo, incipiendo elaborata per Tserei Michael in exilio Coronensi 1709. \u2013 Tom. 1\u20132. (Mv., 1767); Nagyajtai Cs. M. hist\u00f3ri\u00e1ja (kiad.: Kazinczy G\u00e1bor, Pest, 1852; kiad. Angyal D\u00e1vid, Bp., 1899); P\u00f3tl\u00e9k-megjegyz\u00e9sei Altorjai b. Apor Metamorphosis-\u00e1hoz (Pest, 1863); Erd\u00e9ly hist\u00f3ri\u00e1ja, 1661\u20131711(Bp., 1883), Cs. M. hist\u00f3ri\u00e1j\u00e1b\u00f3l = Erd\u00e9ly \u00f6r\u00f6ks\u00e9ge, 6.; Haldokl\u00f3 Erd\u00e9ly, 1662\u20131703. (Bev. Makkai S\u00e1ndor; Bp., 1941; repr. 1994); Erd\u00e9ly hist\u00f3ri\u00e1ja. Kiad. B\u00e1nkuti Imre (Bp., 1983); Id\u0151t\u00e1r 1.; Kem\u00e9ny J\u00e1nos fejedelem hal\u00e1la = Kov\u00e1cs Attila Zolt\u00e1n. Erd\u00e9ly szolg\u00e1lat\u00e1ban: Eml\u00e9k\u00edr\u00f3k k\u00f6nyve (Pom\u00e1z, 2007). <br \/><strong>Irod.:<\/strong> \u00c1rva Bethlen K.; Benk\u0151 K.: Mv.; Erd\u00e9lyi eml\u00e9kirat = F\u00e9ja G\u00e9za Erd\u00e9ly eml\u00e9kezete (Gyula, 2011); Ferenczi S\u00e1ndor 2012; Ga\u00e1l 2001; Guly\u00e1s; Gyallay; Id\u0151t\u00e1r 1; Kelemen Lajos 2009; Keresztes Gyula: \u00d6r\u00f6ks\u00e9g\u00fcnk 67.: Udvarh\u00e1zak a Maros v\u00f6lgy\u00e9ben (N\u00fa., 1994. nov. 12.); Kov\u00e1cs Ferenc: Cserei Mih\u00e1ly hist\u00f3ri\u00e1ja = Penna historiae; K\u00f6nyvek \u00e1ltal; MAM\u0170L; M\u00c9L\u00a0; MNBK; P\u00e1l-Antal S\u00e1ndor: Pestisj\u00e1rv\u00e1ny a Sz\u00e9kelyf\u00f6ld\u00f6n 1708\u20131711 k\u00f6z\u00f6tt = P\u00e1l-Antal \u2013 Simon; Sz\u00e9kelys\u00e9g t\u00f6rt.; Szinnyei; T\u00f3th Zsombor: Cs. M. \u00e9s \u00e9lett\u00f6rt\u00e9netei = Mv. t\u00f6rt. 2.; \u00daIL; \u00daM\u00c9L<\/br><\/p>\n","protected":false},"excerpt":{"rendered":"<p>Cs\u00edkr\u00e1kos, 1667. okt. 21., \u2020 Nagyajta, 1756. \u00e1pr. 22.: kr\u00f3nika\u00edr\u00f3, t\u00f6rt\u00e9net\u00edr\u00f3, birtokos K\u00e1lban. \u2013 Cs. J\u00e1nos \u00e9s Cs. Judit fia. Feles\u00e9ge: 1. Ka\u00e1li Kun Ilona, Maroslekenc\u00e9n az Apor-kast\u00e9lyban tartotta esk\u00fcv\u0151j\u00e9t (1696). Fi\u00fak: Gy\u00f6rgy. 2. Sz\u00e9ki Zsuzsanna. \u2013 Fogarason (1674\u2013), majd a sz\u00e9kelyudvarhelyi ref. koll.-ban tanult (1678\u2013). Csal\u00e1dja anyagi \u00e9s t\u00e1rs. hanyatl\u00e1sa miatt f\u00e9lbeszak\u00edtotta tanulm\u00e1nyait, s [&hellip;]<\/p>\n","protected":false},"featured_media":0,"comment_status":"open","ping_status":"closed","template":"","meta":[],"product_brand":[],"product_cat":[137],"product_tag":[],"class_list":{"0":"post-6118","1":"product","2":"type-product","3":"status-publish","5":"product_cat-maros-megyei-eletrajzi-lexikon","7":"first","8":"instock","9":"shipping-taxable","10":"product-type-simple"},"_links":{"self":[{"href":"https:\/\/uj.adatbank.ro\/lexikon\/wp-json\/wp\/v2\/product\/6118","targetHints":{"allow":["GET"]}}],"collection":[{"href":"https:\/\/uj.adatbank.ro\/lexikon\/wp-json\/wp\/v2\/product"}],"about":[{"href":"https:\/\/uj.adatbank.ro\/lexikon\/wp-json\/wp\/v2\/types\/product"}],"replies":[{"embeddable":true,"href":"https:\/\/uj.adatbank.ro\/lexikon\/wp-json\/wp\/v2\/comments?post=6118"}],"wp:attachment":[{"href":"https:\/\/uj.adatbank.ro\/lexikon\/wp-json\/wp\/v2\/media?parent=6118"}],"wp:term":[{"taxonomy":"product_brand","embeddable":true,"href":"https:\/\/uj.adatbank.ro\/lexikon\/wp-json\/wp\/v2\/product_brand?post=6118"},{"taxonomy":"product_cat","embeddable":true,"href":"https:\/\/uj.adatbank.ro\/lexikon\/wp-json\/wp\/v2\/product_cat?post=6118"},{"taxonomy":"product_tag","embeddable":true,"href":"https:\/\/uj.adatbank.ro\/lexikon\/wp-json\/wp\/v2\/product_tag?post=6118"}],"curies":[{"name":"wp","href":"https:\/\/api.w.org\/{rel}","templated":true}]}}