{"id":6120,"date":"2025-06-28T17:41:24","date_gmt":"2025-06-28T15:41:24","guid":{"rendered":"https:\/\/uj.adatbank.ro\/lexikon\/termek\/cserei-samuel\/"},"modified":"2025-06-28T17:41:24","modified_gmt":"2025-06-28T15:41:24","slug":"cserei-samuel","status":"publish","type":"product","link":"https:\/\/uj.adatbank.ro\/lexikon\/termek\/cserei-samuel\/","title":{"rendered":"CSEREI S\u00e1muel"},"content":{"rendered":"<p>? \u2020\u00a0? : unit. lelk\u00e9sz. \u2013 Nagyerny\u00e9ben volt lelk\u00e9sz (1729\u201337). A jezsuit\u00e1k karhatalommal elvett\u00e9k az unit. -ok templom\u00e1t a haranggal egy\u00fctt (1729). A kissz\u00e1m\u00fa hith\u0171 gy\u00fclekezet templom n\u00e9lk\u00fcl maradt, Ikland le\u00e1nyegys\u00e9ge lett. <br \/><strong>Irod.:<\/strong> Nagyernye<\/br><\/p>\n","protected":false},"excerpt":{"rendered":"<p>? \u2020\u00a0? : unit. lelk\u00e9sz. \u2013 Nagyerny\u00e9ben volt lelk\u00e9sz (1729\u201337). A jezsuit\u00e1k karhatalommal elvett\u00e9k az unit. -ok templom\u00e1t a haranggal egy\u00fctt (1729). A kissz\u00e1m\u00fa hith\u0171 gy\u00fclekezet templom n\u00e9lk\u00fcl maradt, Ikland le\u00e1nyegys\u00e9ge lett. Irod.: Nagyernye<\/p>\n","protected":false},"featured_media":0,"comment_status":"open","ping_status":"closed","template":"","meta":[],"product_brand":[],"product_cat":[137],"product_tag":[],"class_list":{"0":"post-6120","1":"product","2":"type-product","3":"status-publish","5":"product_cat-maros-megyei-eletrajzi-lexikon","7":"first","8":"instock","9":"shipping-taxable","10":"product-type-simple"},"_links":{"self":[{"href":"https:\/\/uj.adatbank.ro\/lexikon\/wp-json\/wp\/v2\/product\/6120","targetHints":{"allow":["GET"]}}],"collection":[{"href":"https:\/\/uj.adatbank.ro\/lexikon\/wp-json\/wp\/v2\/product"}],"about":[{"href":"https:\/\/uj.adatbank.ro\/lexikon\/wp-json\/wp\/v2\/types\/product"}],"replies":[{"embeddable":true,"href":"https:\/\/uj.adatbank.ro\/lexikon\/wp-json\/wp\/v2\/comments?post=6120"}],"wp:attachment":[{"href":"https:\/\/uj.adatbank.ro\/lexikon\/wp-json\/wp\/v2\/media?parent=6120"}],"wp:term":[{"taxonomy":"product_brand","embeddable":true,"href":"https:\/\/uj.adatbank.ro\/lexikon\/wp-json\/wp\/v2\/product_brand?post=6120"},{"taxonomy":"product_cat","embeddable":true,"href":"https:\/\/uj.adatbank.ro\/lexikon\/wp-json\/wp\/v2\/product_cat?post=6120"},{"taxonomy":"product_tag","embeddable":true,"href":"https:\/\/uj.adatbank.ro\/lexikon\/wp-json\/wp\/v2\/product_tag?post=6120"}],"curies":[{"name":"wp","href":"https:\/\/api.w.org\/{rel}","templated":true}]}}