{"id":6122,"date":"2025-06-28T17:41:27","date_gmt":"2025-06-28T15:41:27","guid":{"rendered":"https:\/\/uj.adatbank.ro\/lexikon\/termek\/cseresnyes-bela\/"},"modified":"2025-06-28T17:41:27","modified_gmt":"2025-06-28T15:41:27","slug":"cseresnyes-bela","status":"publish","type":"product","link":"https:\/\/uj.adatbank.ro\/lexikon\/termek\/cseresnyes-bela\/","title":{"rendered":"CSERESNY\u00c9S B\u00e9la"},"content":{"rendered":"<p>? \u2020\u00a0?: K\u00f6z\u00e9piskolai tanulm\u00e1nyait a mv.-i R. K. Gimn.-ban v\u00e9gezte (1941\u201348). A MMAT Mez\u0151gazdas\u00e1gi Tan\u00e1cs\u00e1nak aleln\u00f6ke (1965), a Mez\u0151gazdas\u00e1gi F\u0151tan\u00e1cs aleln\u00f6ke (1966. febr. 5. \u2013 1969. okt. 15.), a Termel\u0151 \u00e9s Mez\u0151gazdas\u00e1gi Sz\u00f6vetkezetek Orsz\u00e1gos Tan\u00e1cs\u00e1nak aleln\u00f6ke (1976\u2013). <br \/><strong>Irod.:<\/strong> Cri\u015fan; R. K. Okt. \u2013 1<\/br><\/p>\n","protected":false},"excerpt":{"rendered":"<p>? \u2020\u00a0?: K\u00f6z\u00e9piskolai tanulm\u00e1nyait a mv.-i R. K. Gimn.-ban v\u00e9gezte (1941\u201348). A MMAT Mez\u0151gazdas\u00e1gi Tan\u00e1cs\u00e1nak aleln\u00f6ke (1965), a Mez\u0151gazdas\u00e1gi F\u0151tan\u00e1cs aleln\u00f6ke (1966. febr. 5. \u2013 1969. okt. 15.), a Termel\u0151 \u00e9s Mez\u0151gazdas\u00e1gi Sz\u00f6vetkezetek Orsz\u00e1gos Tan\u00e1cs\u00e1nak aleln\u00f6ke (1976\u2013). Irod.: Cri\u015fan; R. K. Okt. \u2013 1<\/p>\n","protected":false},"featured_media":0,"comment_status":"open","ping_status":"closed","template":"","meta":[],"product_brand":[],"product_cat":[137],"product_tag":[],"class_list":{"0":"post-6122","1":"product","2":"type-product","3":"status-publish","5":"product_cat-maros-megyei-eletrajzi-lexikon","7":"first","8":"instock","9":"shipping-taxable","10":"product-type-simple"},"_links":{"self":[{"href":"https:\/\/uj.adatbank.ro\/lexikon\/wp-json\/wp\/v2\/product\/6122","targetHints":{"allow":["GET"]}}],"collection":[{"href":"https:\/\/uj.adatbank.ro\/lexikon\/wp-json\/wp\/v2\/product"}],"about":[{"href":"https:\/\/uj.adatbank.ro\/lexikon\/wp-json\/wp\/v2\/types\/product"}],"replies":[{"embeddable":true,"href":"https:\/\/uj.adatbank.ro\/lexikon\/wp-json\/wp\/v2\/comments?post=6122"}],"wp:attachment":[{"href":"https:\/\/uj.adatbank.ro\/lexikon\/wp-json\/wp\/v2\/media?parent=6122"}],"wp:term":[{"taxonomy":"product_brand","embeddable":true,"href":"https:\/\/uj.adatbank.ro\/lexikon\/wp-json\/wp\/v2\/product_brand?post=6122"},{"taxonomy":"product_cat","embeddable":true,"href":"https:\/\/uj.adatbank.ro\/lexikon\/wp-json\/wp\/v2\/product_cat?post=6122"},{"taxonomy":"product_tag","embeddable":true,"href":"https:\/\/uj.adatbank.ro\/lexikon\/wp-json\/wp\/v2\/product_tag?post=6122"}],"curies":[{"name":"wp","href":"https:\/\/api.w.org\/{rel}","templated":true}]}}