{"id":6125,"date":"2025-06-28T17:41:32","date_gmt":"2025-06-28T15:41:32","guid":{"rendered":"https:\/\/uj.adatbank.ro\/lexikon\/termek\/cserey-endre\/"},"modified":"2025-06-28T17:41:32","modified_gmt":"2025-06-28T15:41:32","slug":"cserey-endre","status":"publish","type":"product","link":"https:\/\/uj.adatbank.ro\/lexikon\/termek\/cserey-endre\/","title":{"rendered":"CSEREY Endre"},"content":{"rendered":"<p>? \u2020 ?: ap\u00e1tpl\u00e9b\u00e1nos. \u2013 A R. K. Gimn. tan\u00e1ra (a 19. sz. elej\u00e9n). <br \/><strong>Irod.:<\/strong> P\u00e1l-Antal 2004<\/br><\/p>\n","protected":false},"excerpt":{"rendered":"<p>? \u2020 ?: ap\u00e1tpl\u00e9b\u00e1nos. \u2013 A R. K. Gimn. tan\u00e1ra (a 19. sz. elej\u00e9n). Irod.: P\u00e1l-Antal 2004<\/p>\n","protected":false},"featured_media":0,"comment_status":"open","ping_status":"closed","template":"","meta":[],"product_brand":[],"product_cat":[137],"product_tag":[],"class_list":{"0":"post-6125","1":"product","2":"type-product","3":"status-publish","5":"product_cat-maros-megyei-eletrajzi-lexikon","7":"first","8":"instock","9":"shipping-taxable","10":"product-type-simple"},"_links":{"self":[{"href":"https:\/\/uj.adatbank.ro\/lexikon\/wp-json\/wp\/v2\/product\/6125","targetHints":{"allow":["GET"]}}],"collection":[{"href":"https:\/\/uj.adatbank.ro\/lexikon\/wp-json\/wp\/v2\/product"}],"about":[{"href":"https:\/\/uj.adatbank.ro\/lexikon\/wp-json\/wp\/v2\/types\/product"}],"replies":[{"embeddable":true,"href":"https:\/\/uj.adatbank.ro\/lexikon\/wp-json\/wp\/v2\/comments?post=6125"}],"wp:attachment":[{"href":"https:\/\/uj.adatbank.ro\/lexikon\/wp-json\/wp\/v2\/media?parent=6125"}],"wp:term":[{"taxonomy":"product_brand","embeddable":true,"href":"https:\/\/uj.adatbank.ro\/lexikon\/wp-json\/wp\/v2\/product_brand?post=6125"},{"taxonomy":"product_cat","embeddable":true,"href":"https:\/\/uj.adatbank.ro\/lexikon\/wp-json\/wp\/v2\/product_cat?post=6125"},{"taxonomy":"product_tag","embeddable":true,"href":"https:\/\/uj.adatbank.ro\/lexikon\/wp-json\/wp\/v2\/product_tag?post=6125"}],"curies":[{"name":"wp","href":"https:\/\/api.w.org\/{rel}","templated":true}]}}