{"id":6126,"date":"2025-06-28T17:41:35","date_gmt":"2025-06-28T15:41:35","guid":{"rendered":"https:\/\/uj.adatbank.ro\/lexikon\/termek\/cserey-ferenc\/"},"modified":"2025-06-28T17:41:35","modified_gmt":"2025-06-28T15:41:35","slug":"cserey-ferenc","status":"publish","type":"product","link":"https:\/\/uj.adatbank.ro\/lexikon\/termek\/cserey-ferenc\/","title":{"rendered":"CSEREY Ferenc"},"content":{"rendered":"<p>? \u2020 ?: sz\u00e1zados. \u2013 A 70\/1 z\u00e1szl\u00f3alj \u00e9s a 17. sz\u00e9kely hat\u00e1r\u0151r-z\u00e1szl\u00f3alj f\u0151hadnagya, parancsnoka. \u2013<\/br><\/p>\n","protected":false},"excerpt":{"rendered":"<p>? \u2020 ?: sz\u00e1zados. \u2013 A 70\/1 z\u00e1szl\u00f3alj \u00e9s a 17. sz\u00e9kely hat\u00e1r\u0151r-z\u00e1szl\u00f3alj f\u0151hadnagya, parancsnoka. \u2013<\/p>\n","protected":false},"featured_media":0,"comment_status":"open","ping_status":"closed","template":"","meta":[],"product_brand":[],"product_cat":[137],"product_tag":[],"class_list":{"0":"post-6126","1":"product","2":"type-product","3":"status-publish","5":"product_cat-maros-megyei-eletrajzi-lexikon","7":"first","8":"instock","9":"shipping-taxable","10":"product-type-simple"},"_links":{"self":[{"href":"https:\/\/uj.adatbank.ro\/lexikon\/wp-json\/wp\/v2\/product\/6126","targetHints":{"allow":["GET"]}}],"collection":[{"href":"https:\/\/uj.adatbank.ro\/lexikon\/wp-json\/wp\/v2\/product"}],"about":[{"href":"https:\/\/uj.adatbank.ro\/lexikon\/wp-json\/wp\/v2\/types\/product"}],"replies":[{"embeddable":true,"href":"https:\/\/uj.adatbank.ro\/lexikon\/wp-json\/wp\/v2\/comments?post=6126"}],"wp:attachment":[{"href":"https:\/\/uj.adatbank.ro\/lexikon\/wp-json\/wp\/v2\/media?parent=6126"}],"wp:term":[{"taxonomy":"product_brand","embeddable":true,"href":"https:\/\/uj.adatbank.ro\/lexikon\/wp-json\/wp\/v2\/product_brand?post=6126"},{"taxonomy":"product_cat","embeddable":true,"href":"https:\/\/uj.adatbank.ro\/lexikon\/wp-json\/wp\/v2\/product_cat?post=6126"},{"taxonomy":"product_tag","embeddable":true,"href":"https:\/\/uj.adatbank.ro\/lexikon\/wp-json\/wp\/v2\/product_tag?post=6126"}],"curies":[{"name":"wp","href":"https:\/\/api.w.org\/{rel}","templated":true}]}}