{"id":6127,"date":"2025-06-28T17:41:37","date_gmt":"2025-06-28T15:41:37","guid":{"rendered":"https:\/\/uj.adatbank.ro\/lexikon\/termek\/csergedi-janos-joodi\/"},"modified":"2025-06-28T17:41:37","modified_gmt":"2025-06-28T15:41:37","slug":"csergedi-janos-joodi","status":"publish","type":"product","link":"https:\/\/uj.adatbank.ro\/lexikon\/termek\/csergedi-janos-joodi\/","title":{"rendered":"CSERGEDI J\u00e1nos, joodi"},"content":{"rendered":"<p>1826.? \u2020\u00a0Mv., 1889. dec. 12.: b\u00edr\u00f3. \u2013 Feles\u00e9ge: Csat\u00f3 Anna\/Nina. Le\u00e1nyuk: Anna (\u2020 Mv., 1888. m\u00e1rc. 27.). \u2013 A kir. it\u00e9l\u0151 t\u00e1blai b\u00edr\u00f3. <br \/><strong>Irod.:<\/strong> Gy\u00e1szjelent\u0151<\/br><\/p>\n","protected":false},"excerpt":{"rendered":"<p>1826.? \u2020\u00a0Mv., 1889. dec. 12.: b\u00edr\u00f3. \u2013 Feles\u00e9ge: Csat\u00f3 Anna\/Nina. Le\u00e1nyuk: Anna (\u2020 Mv., 1888. m\u00e1rc. 27.). \u2013 A kir. it\u00e9l\u0151 t\u00e1blai b\u00edr\u00f3. Irod.: Gy\u00e1szjelent\u0151<\/p>\n","protected":false},"featured_media":0,"comment_status":"open","ping_status":"closed","template":"","meta":[],"product_brand":[],"product_cat":[137],"product_tag":[],"class_list":{"0":"post-6127","1":"product","2":"type-product","3":"status-publish","5":"product_cat-maros-megyei-eletrajzi-lexikon","7":"first","8":"instock","9":"shipping-taxable","10":"product-type-simple"},"_links":{"self":[{"href":"https:\/\/uj.adatbank.ro\/lexikon\/wp-json\/wp\/v2\/product\/6127","targetHints":{"allow":["GET"]}}],"collection":[{"href":"https:\/\/uj.adatbank.ro\/lexikon\/wp-json\/wp\/v2\/product"}],"about":[{"href":"https:\/\/uj.adatbank.ro\/lexikon\/wp-json\/wp\/v2\/types\/product"}],"replies":[{"embeddable":true,"href":"https:\/\/uj.adatbank.ro\/lexikon\/wp-json\/wp\/v2\/comments?post=6127"}],"wp:attachment":[{"href":"https:\/\/uj.adatbank.ro\/lexikon\/wp-json\/wp\/v2\/media?parent=6127"}],"wp:term":[{"taxonomy":"product_brand","embeddable":true,"href":"https:\/\/uj.adatbank.ro\/lexikon\/wp-json\/wp\/v2\/product_brand?post=6127"},{"taxonomy":"product_cat","embeddable":true,"href":"https:\/\/uj.adatbank.ro\/lexikon\/wp-json\/wp\/v2\/product_cat?post=6127"},{"taxonomy":"product_tag","embeddable":true,"href":"https:\/\/uj.adatbank.ro\/lexikon\/wp-json\/wp\/v2\/product_tag?post=6127"}],"curies":[{"name":"wp","href":"https:\/\/api.w.org\/{rel}","templated":true}]}}