{"id":6129,"date":"2025-06-28T17:41:39","date_gmt":"2025-06-28T15:41:39","guid":{"rendered":"https:\/\/uj.adatbank.ro\/lexikon\/termek\/csergo-albert\/"},"modified":"2025-06-28T17:41:39","modified_gmt":"2025-06-28T15:41:39","slug":"csergo-albert","status":"publish","type":"product","link":"https:\/\/uj.adatbank.ro\/lexikon\/termek\/csergo-albert\/","title":{"rendered":"CSERG\u0150 Albert"},"content":{"rendered":"<p>G\u00f6demesterh\u00e1za, 1925. aug. 12. \u2020 Gy\u00f6ngy\u00f6s, 1944. nov. 5.: honv\u00e9d. \u2013 Anyja Sz\u00e1sz Anna. \u2013 A 70. gyalogezred honv\u00e9dje. <br \/><strong>Irod.:<\/strong> Berekm\u00e9ri 2015<\/br><\/p>\n","protected":false},"excerpt":{"rendered":"<p>G\u00f6demesterh\u00e1za, 1925. aug. 12. \u2020 Gy\u00f6ngy\u00f6s, 1944. nov. 5.: honv\u00e9d. \u2013 Anyja Sz\u00e1sz Anna. \u2013 A 70. gyalogezred honv\u00e9dje. Irod.: Berekm\u00e9ri 2015<\/p>\n","protected":false},"featured_media":0,"comment_status":"open","ping_status":"closed","template":"","meta":[],"product_brand":[],"product_cat":[137],"product_tag":[],"class_list":{"0":"post-6129","1":"product","2":"type-product","3":"status-publish","5":"product_cat-maros-megyei-eletrajzi-lexikon","7":"first","8":"instock","9":"shipping-taxable","10":"product-type-simple"},"_links":{"self":[{"href":"https:\/\/uj.adatbank.ro\/lexikon\/wp-json\/wp\/v2\/product\/6129","targetHints":{"allow":["GET"]}}],"collection":[{"href":"https:\/\/uj.adatbank.ro\/lexikon\/wp-json\/wp\/v2\/product"}],"about":[{"href":"https:\/\/uj.adatbank.ro\/lexikon\/wp-json\/wp\/v2\/types\/product"}],"replies":[{"embeddable":true,"href":"https:\/\/uj.adatbank.ro\/lexikon\/wp-json\/wp\/v2\/comments?post=6129"}],"wp:attachment":[{"href":"https:\/\/uj.adatbank.ro\/lexikon\/wp-json\/wp\/v2\/media?parent=6129"}],"wp:term":[{"taxonomy":"product_brand","embeddable":true,"href":"https:\/\/uj.adatbank.ro\/lexikon\/wp-json\/wp\/v2\/product_brand?post=6129"},{"taxonomy":"product_cat","embeddable":true,"href":"https:\/\/uj.adatbank.ro\/lexikon\/wp-json\/wp\/v2\/product_cat?post=6129"},{"taxonomy":"product_tag","embeddable":true,"href":"https:\/\/uj.adatbank.ro\/lexikon\/wp-json\/wp\/v2\/product_tag?post=6129"}],"curies":[{"name":"wp","href":"https:\/\/api.w.org\/{rel}","templated":true}]}}