{"id":6130,"date":"2025-06-28T17:41:41","date_gmt":"2025-06-28T15:41:41","guid":{"rendered":"https:\/\/uj.adatbank.ro\/lexikon\/termek\/csergo-alexandru-csergo-sandor\/"},"modified":"2025-06-28T17:41:41","modified_gmt":"2025-06-28T15:41:41","slug":"csergo-alexandru-csergo-sandor","status":"publish","type":"product","link":"https:\/\/uj.adatbank.ro\/lexikon\/termek\/csergo-alexandru-csergo-sandor\/","title":{"rendered":"CSERG\u0150 Alexandru, Cserg\u0151 S\u00e1ndor"},"content":{"rendered":"<p>Marosh\u00e9v\u00edz, 1927. dec. 9., \u2020\u00a0Brass\u00f3, 1975.: sz\u00e1zados. \u2013 Alhadnagy (1951), f\u0151hadnagy (1957), sz\u00e1zados (1960). Maros megyei securitate-n (1949\u201350), alhadnagy (1951\u2013), MAT securitate-n (1950\u201352), Marosludas Rajon Securitate-n (1951\u201352); a Gyergy\u00f3 rajon securitate-n (1952\u2013); Kolozs tartom\u00e1ny securitate-n (1955\u201362): Nagys\u00e1rm\u00e1s rajoni securitate f\u0151n\u0151ke (1955\u201358), Zilah rajon securitate f\u0151n\u0151ke (1960\u201361); Brass\u00f3 tartom\u00e1ny securitate-n (1962\u201368); Brass\u00f3 megyei securitate fel\u00fcgyel\u0151s\u00e9g\u00e9n dolgozott (1968\u201369). Tartal\u00e9kba helyezt\u00e9k (1969. szept. 30). <br \/><strong>Irod.:<\/strong> Bartos 2012; http: \/\/www. cnsas. ro\/documente\/cadrele_securitatii\/CSERGO_ALEXANDRU. pdf<\/br><\/p>\n","protected":false},"excerpt":{"rendered":"<p>Marosh\u00e9v\u00edz, 1927. dec. 9., \u2020\u00a0Brass\u00f3, 1975.: sz\u00e1zados. \u2013 Alhadnagy (1951), f\u0151hadnagy (1957), sz\u00e1zados (1960). Maros megyei securitate-n (1949\u201350), alhadnagy (1951\u2013), MAT securitate-n (1950\u201352), Marosludas Rajon Securitate-n (1951\u201352); a Gyergy\u00f3 rajon securitate-n (1952\u2013); Kolozs tartom\u00e1ny securitate-n (1955\u201362): Nagys\u00e1rm\u00e1s rajoni securitate f\u0151n\u0151ke (1955\u201358), Zilah rajon securitate f\u0151n\u0151ke (1960\u201361); Brass\u00f3 tartom\u00e1ny securitate-n (1962\u201368); Brass\u00f3 megyei securitate fel\u00fcgyel\u0151s\u00e9g\u00e9n dolgozott [&hellip;]<\/p>\n","protected":false},"featured_media":0,"comment_status":"open","ping_status":"closed","template":"","meta":[],"product_brand":[],"product_cat":[137],"product_tag":[],"class_list":{"0":"post-6130","1":"product","2":"type-product","3":"status-publish","5":"product_cat-maros-megyei-eletrajzi-lexikon","7":"first","8":"instock","9":"shipping-taxable","10":"product-type-simple"},"_links":{"self":[{"href":"https:\/\/uj.adatbank.ro\/lexikon\/wp-json\/wp\/v2\/product\/6130","targetHints":{"allow":["GET"]}}],"collection":[{"href":"https:\/\/uj.adatbank.ro\/lexikon\/wp-json\/wp\/v2\/product"}],"about":[{"href":"https:\/\/uj.adatbank.ro\/lexikon\/wp-json\/wp\/v2\/types\/product"}],"replies":[{"embeddable":true,"href":"https:\/\/uj.adatbank.ro\/lexikon\/wp-json\/wp\/v2\/comments?post=6130"}],"wp:attachment":[{"href":"https:\/\/uj.adatbank.ro\/lexikon\/wp-json\/wp\/v2\/media?parent=6130"}],"wp:term":[{"taxonomy":"product_brand","embeddable":true,"href":"https:\/\/uj.adatbank.ro\/lexikon\/wp-json\/wp\/v2\/product_brand?post=6130"},{"taxonomy":"product_cat","embeddable":true,"href":"https:\/\/uj.adatbank.ro\/lexikon\/wp-json\/wp\/v2\/product_cat?post=6130"},{"taxonomy":"product_tag","embeddable":true,"href":"https:\/\/uj.adatbank.ro\/lexikon\/wp-json\/wp\/v2\/product_tag?post=6130"}],"curies":[{"name":"wp","href":"https:\/\/api.w.org\/{rel}","templated":true}]}}