{"id":6132,"date":"2025-06-28T17:41:46","date_gmt":"2025-06-28T15:41:46","guid":{"rendered":"https:\/\/uj.adatbank.ro\/lexikon\/termek\/csergo-tamas\/"},"modified":"2025-06-28T17:41:46","modified_gmt":"2025-06-28T15:41:46","slug":"csergo-tamas","status":"publish","type":"product","link":"https:\/\/uj.adatbank.ro\/lexikon\/termek\/csergo-tamas\/","title":{"rendered":"CSERG\u0150 Tam\u00e1s"},"content":{"rendered":"<p>Gyergy\u00f3sz\u00e1rhegy, 1888. dec. 28., \u2020 Kv., 1946. \u00e1pr. 17.: szerk., \u00edr\u00f3, tan\u00e1r, k\u00f6lt\u0151. \u2013 A gimn. -ot Sz\u00e9kelyudvarhelyen, az egyetemet Kv.-on v\u00e9gezte. Tan\u00e1r Sz\u00e9kelyudvarhelyen (1911\u2013), Nagyk\u00e1rolyban, Mv.-en a K\u00f6zs\u00e9gi Le\u00e1nygimn.-ban (1917\u201324), de az iskola \u00e1llamos\u00edt\u00e1sa miatt elvesztette tan\u00e1ri \u00e1ll\u00e1s\u00e1t \u00e9s \u00fajs\u00e1g\u00edr\u00f3 lett. A mv.-i Nemzeti Tan\u00e1cs tagja (1918). A mv.-i Sz\u00e9kelyf\u00f6ld (1924\u201325) \u00e9s a T\u00fczek (1925) szerk.-je; a KZST tagja (1920\u2013). Els\u0151 irodalmi kis\u00e9rletei a Z\u00e1szl\u00f3nk c. ifj\u00fas\u00e1gi lapban jelentek meg (1905). Mv.-en t\u00f6bbsz\u00f6r fell\u00e9pett irodalmi esteken (1920, 1927). Kezdem\u00e9nyezte, hogy a Petelei Istv\u00e1n egykori lak\u00f3h\u00e1z\u00e1n a Szentgy\u00f6rgy t\u00e9ren, a KZST eml\u00e9kt\u00e1bl\u00e1t helyezzen el (1928). K\u00e9s\u0151bb cikkeit, verseit, novell\u00e1it a Zord Id\u0151, P\u00e1sztort\u0171z, Hirn\u00f6k, a kv.-i Egyetemi Lapok, a gyulafeh\u00e9rv\u00e1ri K\u00f6zm\u0171vel\u0151d\u00e9s, Erd\u00e9lyi K\u00f6zgazdas\u00e1g, a k\u00e9zdivh.-i Sz\u00e9kely H\u00edrlap, a nagyk\u00e1rolyi K\u00f6z\u00e9rdek, a mv.-i Sz\u00e9kelyf\u00f6ld k\u00f6z\u00f6lte. Pet\u0151fi Albumot adott ki a k\u00f6lt\u0151 sz\u00fclet\u00e9s\u00e9nek 100. \u00e9vfordul\u00f3j\u00e1n. \u2013 <strong>F. m.:<\/strong> Pet\u0151fi: Eml\u00e9kbesz\u00e9d (Tg. M. -Mv., 1922; 1925); J\u00f3kai: Eml\u00e9kbesz\u00e9d (Mv., 1925); <strong>antol\u00f3g.:<\/strong> Zord Id\u0151 antol\u00f3gia (Mv., 1998); <strong>szerk.:<\/strong> Pet\u0151fi- eml\u00e9ksorok. 1923. jan. 1. Erd\u00e9ly (Mv., 1923); Pet\u0151fi- eml\u00e9ksorok \u00d6tven erd\u00e9lyi m. \u00edr\u00f3, tud\u00f3s \u00e9s m\u0171v\u00e9sz vallom\u00e1sa Pet\u0151fir\u0151l: album (Mv., 1925). Ithaka fel\u00e9 = \u00dcnnepi konyv. <br \/><strong>Irod.:<\/strong> Chinezu; Guly\u00e1s; Gy\u00f6rgy; Gy\u00f6rgy 1926; Gy\u00f6rgy 1927; Id\u0151t\u00e1r 3; Id\u0151t\u00e1r 4. KZST1930; Lexiconul vie\u0163ii publice; Marosi Ildik\u00f3; MIL; Molter 1., 3.; \u00d6kr\u00f6s; Pomog\u00e1ts 1.; Popt\u0103ma\u015f\u2013M\u00f3zes; RMIL; \u00dcnnepi k\u00f6nyv; Zord Id\u0151<\/br><\/p>\n","protected":false},"excerpt":{"rendered":"<p>Gyergy\u00f3sz\u00e1rhegy, 1888. dec. 28., \u2020 Kv., 1946. \u00e1pr. 17.: szerk., \u00edr\u00f3, tan\u00e1r, k\u00f6lt\u0151. \u2013 A gimn. -ot Sz\u00e9kelyudvarhelyen, az egyetemet Kv.-on v\u00e9gezte. Tan\u00e1r Sz\u00e9kelyudvarhelyen (1911\u2013), Nagyk\u00e1rolyban, Mv.-en a K\u00f6zs\u00e9gi Le\u00e1nygimn.-ban (1917\u201324), de az iskola \u00e1llamos\u00edt\u00e1sa miatt elvesztette tan\u00e1ri \u00e1ll\u00e1s\u00e1t \u00e9s \u00fajs\u00e1g\u00edr\u00f3 lett. A mv.-i Nemzeti Tan\u00e1cs tagja (1918). A mv.-i Sz\u00e9kelyf\u00f6ld (1924\u201325) \u00e9s a T\u00fczek [&hellip;]<\/p>\n","protected":false},"featured_media":0,"comment_status":"open","ping_status":"closed","template":"","meta":[],"product_brand":[],"product_cat":[137],"product_tag":[],"class_list":{"0":"post-6132","1":"product","2":"type-product","3":"status-publish","5":"product_cat-maros-megyei-eletrajzi-lexikon","7":"first","8":"instock","9":"shipping-taxable","10":"product-type-simple"},"_links":{"self":[{"href":"https:\/\/uj.adatbank.ro\/lexikon\/wp-json\/wp\/v2\/product\/6132","targetHints":{"allow":["GET"]}}],"collection":[{"href":"https:\/\/uj.adatbank.ro\/lexikon\/wp-json\/wp\/v2\/product"}],"about":[{"href":"https:\/\/uj.adatbank.ro\/lexikon\/wp-json\/wp\/v2\/types\/product"}],"replies":[{"embeddable":true,"href":"https:\/\/uj.adatbank.ro\/lexikon\/wp-json\/wp\/v2\/comments?post=6132"}],"wp:attachment":[{"href":"https:\/\/uj.adatbank.ro\/lexikon\/wp-json\/wp\/v2\/media?parent=6132"}],"wp:term":[{"taxonomy":"product_brand","embeddable":true,"href":"https:\/\/uj.adatbank.ro\/lexikon\/wp-json\/wp\/v2\/product_brand?post=6132"},{"taxonomy":"product_cat","embeddable":true,"href":"https:\/\/uj.adatbank.ro\/lexikon\/wp-json\/wp\/v2\/product_cat?post=6132"},{"taxonomy":"product_tag","embeddable":true,"href":"https:\/\/uj.adatbank.ro\/lexikon\/wp-json\/wp\/v2\/product_tag?post=6132"}],"curies":[{"name":"wp","href":"https:\/\/api.w.org\/{rel}","templated":true}]}}