{"id":6134,"date":"2025-06-28T17:41:49","date_gmt":"2025-06-28T15:41:49","guid":{"rendered":"https:\/\/uj.adatbank.ro\/lexikon\/termek\/csergoffy-jozsef-rauschman-jozsef\/"},"modified":"2025-06-28T17:41:49","modified_gmt":"2025-06-28T15:41:49","slug":"csergoffy-jozsef-rauschman-jozsef","status":"publish","type":"product","link":"https:\/\/uj.adatbank.ro\/lexikon\/termek\/csergoffy-jozsef-rauschman-jozsef\/","title":{"rendered":"CSERG\u0150FFY J\u00f3zsef, Rauschm\u00e1n J\u00f3zsef"},"content":{"rendered":"<p>Sz\u00e9pv\u00edz, 1837. j\u00fan. 8., \u2020 Ny\u00e1r\u00e1dszereda, 1908.: \u00f6rm\u00e9ny keresked\u0151. \u2013 Rauschm\u00e1n J\u00f3zsef \u00e9s \u00d6tv\u00f6s Kata fia. Feles\u00e9ge Jakab Katalin (1855\u20131912). 6 gyermek\u00fck sz\u00fcletett, k\u00f6z\u00fcl\u00fck J\u00f3zsef (1878\u20131963) ny\u00e1r\u00e1dszered\u00e1n volt keresked\u0151-\u00fczletes; tisztvisel\u0151; Ir\u00e9n dr. P\u00e9terffyn\u00e9 (1882-Ny\u00e1r\u00e1dszereda, ?); Mariska So\u00f3s N. feles\u00e9ge Mv.-en (1884- ?). \u00dczletet ny\u00edtott Ny\u00e1r\u00e1dszered\u00e1ban. <br \/><strong>Irod.:<\/strong> Sz\u00e1va 2012<\/br><\/p>\n","protected":false},"excerpt":{"rendered":"<p>Sz\u00e9pv\u00edz, 1837. j\u00fan. 8., \u2020 Ny\u00e1r\u00e1dszereda, 1908.: \u00f6rm\u00e9ny keresked\u0151. \u2013 Rauschm\u00e1n J\u00f3zsef \u00e9s \u00d6tv\u00f6s Kata fia. Feles\u00e9ge Jakab Katalin (1855\u20131912). 6 gyermek\u00fck sz\u00fcletett, k\u00f6z\u00fcl\u00fck J\u00f3zsef (1878\u20131963) ny\u00e1r\u00e1dszered\u00e1n volt keresked\u0151-\u00fczletes; tisztvisel\u0151; Ir\u00e9n dr. P\u00e9terffyn\u00e9 (1882-Ny\u00e1r\u00e1dszereda, ?); Mariska So\u00f3s N. feles\u00e9ge Mv.-en (1884- ?). \u00dczletet ny\u00edtott Ny\u00e1r\u00e1dszered\u00e1ban. Irod.: Sz\u00e1va 2012<\/p>\n","protected":false},"featured_media":0,"comment_status":"open","ping_status":"closed","template":"","meta":[],"product_brand":[],"product_cat":[137],"product_tag":[],"class_list":{"0":"post-6134","1":"product","2":"type-product","3":"status-publish","5":"product_cat-maros-megyei-eletrajzi-lexikon","7":"first","8":"instock","9":"shipping-taxable","10":"product-type-simple"},"_links":{"self":[{"href":"https:\/\/uj.adatbank.ro\/lexikon\/wp-json\/wp\/v2\/product\/6134","targetHints":{"allow":["GET"]}}],"collection":[{"href":"https:\/\/uj.adatbank.ro\/lexikon\/wp-json\/wp\/v2\/product"}],"about":[{"href":"https:\/\/uj.adatbank.ro\/lexikon\/wp-json\/wp\/v2\/types\/product"}],"replies":[{"embeddable":true,"href":"https:\/\/uj.adatbank.ro\/lexikon\/wp-json\/wp\/v2\/comments?post=6134"}],"wp:attachment":[{"href":"https:\/\/uj.adatbank.ro\/lexikon\/wp-json\/wp\/v2\/media?parent=6134"}],"wp:term":[{"taxonomy":"product_brand","embeddable":true,"href":"https:\/\/uj.adatbank.ro\/lexikon\/wp-json\/wp\/v2\/product_brand?post=6134"},{"taxonomy":"product_cat","embeddable":true,"href":"https:\/\/uj.adatbank.ro\/lexikon\/wp-json\/wp\/v2\/product_cat?post=6134"},{"taxonomy":"product_tag","embeddable":true,"href":"https:\/\/uj.adatbank.ro\/lexikon\/wp-json\/wp\/v2\/product_tag?post=6134"}],"curies":[{"name":"wp","href":"https:\/\/api.w.org\/{rel}","templated":true}]}}