{"id":6135,"date":"2025-06-28T17:41:50","date_gmt":"2025-06-28T15:41:50","guid":{"rendered":"https:\/\/uj.adatbank.ro\/lexikon\/termek\/csergoffy-laszlo-kalman\/"},"modified":"2025-06-28T17:41:50","modified_gmt":"2025-06-28T15:41:50","slug":"csergoffy-laszlo-kalman","status":"publish","type":"product","link":"https:\/\/uj.adatbank.ro\/lexikon\/termek\/csergoffy-laszlo-kalman\/","title":{"rendered":"CSERG\u0150FFY L\u00e1szl\u00f3 K\u00e1lm\u00e1n"},"content":{"rendered":"<p>Ny\u00e1r\u00e1dszereda, 1915., \u2020\u00a0Mv., 1978.: \u00f6rm\u00e9ny keresked\u0151. \u2013 Cs. J\u00f3zsef \u00e9s Nov\u00e1k Anna fia. Feles\u00e9ge: Sz\u0151cs Olga (1923\u20131997). 3 gyermek\u00fck k\u00f6z\u00fcl L\u00e1szl\u00f3 \/ J\u00f3zsef (1944\u2013) sz\u00ednm\u0171v\u00e9sz Mv.-en. \u2013 Keresked\u0151 volt Ny\u00e1r\u00e1dszered\u00e1ban, k\u00f6z\u00f6sen az apj\u00e1val vezett\u00e9k az \u00fczletet, \u00e1llamos\u00edt\u00e1skor (1948) minden\u00fcket elvett\u00e9k. Mv.-re k\u00f6lt\u00f6z\u00f6tt \u00e9s \u00e1llami munk\u00e1b\u00f3l tartotta fent csal\u00e1dj\u00e1t (1952\u2013). <br \/><strong>Irod.:<\/strong> Sz\u00e1va 2012<\/br><\/p>\n","protected":false},"excerpt":{"rendered":"<p>Ny\u00e1r\u00e1dszereda, 1915., \u2020\u00a0Mv., 1978.: \u00f6rm\u00e9ny keresked\u0151. \u2013 Cs. J\u00f3zsef \u00e9s Nov\u00e1k Anna fia. Feles\u00e9ge: Sz\u0151cs Olga (1923\u20131997). 3 gyermek\u00fck k\u00f6z\u00fcl L\u00e1szl\u00f3 \/ J\u00f3zsef (1944\u2013) sz\u00ednm\u0171v\u00e9sz Mv.-en. \u2013 Keresked\u0151 volt Ny\u00e1r\u00e1dszered\u00e1ban, k\u00f6z\u00f6sen az apj\u00e1val vezett\u00e9k az \u00fczletet, \u00e1llamos\u00edt\u00e1skor (1948) minden\u00fcket elvett\u00e9k. Mv.-re k\u00f6lt\u00f6z\u00f6tt \u00e9s \u00e1llami munk\u00e1b\u00f3l tartotta fent csal\u00e1dj\u00e1t (1952\u2013). Irod.: Sz\u00e1va 2012<\/p>\n","protected":false},"featured_media":0,"comment_status":"open","ping_status":"closed","template":"","meta":[],"product_brand":[],"product_cat":[137],"product_tag":[],"class_list":{"0":"post-6135","1":"product","2":"type-product","3":"status-publish","5":"product_cat-maros-megyei-eletrajzi-lexikon","7":"first","8":"instock","9":"shipping-taxable","10":"product-type-simple"},"_links":{"self":[{"href":"https:\/\/uj.adatbank.ro\/lexikon\/wp-json\/wp\/v2\/product\/6135","targetHints":{"allow":["GET"]}}],"collection":[{"href":"https:\/\/uj.adatbank.ro\/lexikon\/wp-json\/wp\/v2\/product"}],"about":[{"href":"https:\/\/uj.adatbank.ro\/lexikon\/wp-json\/wp\/v2\/types\/product"}],"replies":[{"embeddable":true,"href":"https:\/\/uj.adatbank.ro\/lexikon\/wp-json\/wp\/v2\/comments?post=6135"}],"wp:attachment":[{"href":"https:\/\/uj.adatbank.ro\/lexikon\/wp-json\/wp\/v2\/media?parent=6135"}],"wp:term":[{"taxonomy":"product_brand","embeddable":true,"href":"https:\/\/uj.adatbank.ro\/lexikon\/wp-json\/wp\/v2\/product_brand?post=6135"},{"taxonomy":"product_cat","embeddable":true,"href":"https:\/\/uj.adatbank.ro\/lexikon\/wp-json\/wp\/v2\/product_cat?post=6135"},{"taxonomy":"product_tag","embeddable":true,"href":"https:\/\/uj.adatbank.ro\/lexikon\/wp-json\/wp\/v2\/product_tag?post=6135"}],"curies":[{"name":"wp","href":"https:\/\/api.w.org\/{rel}","templated":true}]}}