{"id":6136,"date":"2025-06-28T17:41:51","date_gmt":"2025-06-28T15:41:51","guid":{"rendered":"https:\/\/uj.adatbank.ro\/lexikon\/termek\/csergoffy-tibor\/"},"modified":"2025-06-28T17:41:51","modified_gmt":"2025-06-28T15:41:51","slug":"csergoffy-tibor","status":"publish","type":"product","link":"https:\/\/uj.adatbank.ro\/lexikon\/termek\/csergoffy-tibor\/","title":{"rendered":"CSERG\u0150FFY Tibor"},"content":{"rendered":"<p>Ny\u00e1r\u00e1dszereda, 1913., \u2020\u00a0Szombathely, 1994.: orvos. \u2013 Cs. J\u00f3zsef \u00e9s Nov\u00e1k Anna fia. Feles\u00e9ge: \u00c9li\u00e1s Vera (1924-?). \u2013 Kv.-on a piarisra gimn.-ban \u00e9retts\u00e9gizett (1930). A Iasi TE \u2013n kapott orvosi diplom\u00e1t (1936). Szombathelyen telepedett le \u00e9s Cs\u00e1k\u00e1nydoroszl\u00f3n volt k\u00f6rzeti orvos. <br \/><strong>Irod.:<\/strong> Sz\u00e1va 2012<\/br><\/p>\n","protected":false},"excerpt":{"rendered":"<p>Ny\u00e1r\u00e1dszereda, 1913., \u2020\u00a0Szombathely, 1994.: orvos. \u2013 Cs. J\u00f3zsef \u00e9s Nov\u00e1k Anna fia. Feles\u00e9ge: \u00c9li\u00e1s Vera (1924-?). \u2013 Kv.-on a piarisra gimn.-ban \u00e9retts\u00e9gizett (1930). A Iasi TE \u2013n kapott orvosi diplom\u00e1t (1936). Szombathelyen telepedett le \u00e9s Cs\u00e1k\u00e1nydoroszl\u00f3n volt k\u00f6rzeti orvos. Irod.: Sz\u00e1va 2012<\/p>\n","protected":false},"featured_media":0,"comment_status":"open","ping_status":"closed","template":"","meta":[],"product_brand":[],"product_cat":[137],"product_tag":[],"class_list":{"0":"post-6136","1":"product","2":"type-product","3":"status-publish","5":"product_cat-maros-megyei-eletrajzi-lexikon","7":"first","8":"instock","9":"shipping-taxable","10":"product-type-simple"},"_links":{"self":[{"href":"https:\/\/uj.adatbank.ro\/lexikon\/wp-json\/wp\/v2\/product\/6136","targetHints":{"allow":["GET"]}}],"collection":[{"href":"https:\/\/uj.adatbank.ro\/lexikon\/wp-json\/wp\/v2\/product"}],"about":[{"href":"https:\/\/uj.adatbank.ro\/lexikon\/wp-json\/wp\/v2\/types\/product"}],"replies":[{"embeddable":true,"href":"https:\/\/uj.adatbank.ro\/lexikon\/wp-json\/wp\/v2\/comments?post=6136"}],"wp:attachment":[{"href":"https:\/\/uj.adatbank.ro\/lexikon\/wp-json\/wp\/v2\/media?parent=6136"}],"wp:term":[{"taxonomy":"product_brand","embeddable":true,"href":"https:\/\/uj.adatbank.ro\/lexikon\/wp-json\/wp\/v2\/product_brand?post=6136"},{"taxonomy":"product_cat","embeddable":true,"href":"https:\/\/uj.adatbank.ro\/lexikon\/wp-json\/wp\/v2\/product_cat?post=6136"},{"taxonomy":"product_tag","embeddable":true,"href":"https:\/\/uj.adatbank.ro\/lexikon\/wp-json\/wp\/v2\/product_tag?post=6136"}],"curies":[{"name":"wp","href":"https:\/\/api.w.org\/{rel}","templated":true}]}}