{"id":6137,"date":"2025-06-28T17:41:53","date_gmt":"2025-06-28T15:41:53","guid":{"rendered":"https:\/\/uj.adatbank.ro\/lexikon\/termek\/cserhati-ferenc\/"},"modified":"2025-06-28T17:41:53","modified_gmt":"2025-06-28T15:41:53","slug":"cserhati-ferenc","status":"publish","type":"product","link":"https:\/\/uj.adatbank.ro\/lexikon\/termek\/cserhati-ferenc\/","title":{"rendered":"CSERH\u00c1TI Ferenc"},"content":{"rendered":"<p>1904, \u2020\u00a0Mv., 1992. m\u00e1rc. 17.: evez\u0151s, edz\u0151. \u2013 Mv.-i sportol\u00f3, evez\u0151s, edz\u0151. <br \/><strong>Irod.:<\/strong> [Nekrol\u00f3g] (N\u00fa., 1992. m\u00e1rc. 18.)<\/br><\/p>\n","protected":false},"excerpt":{"rendered":"<p>1904, \u2020\u00a0Mv., 1992. m\u00e1rc. 17.: evez\u0151s, edz\u0151. \u2013 Mv.-i sportol\u00f3, evez\u0151s, edz\u0151. Irod.: [Nekrol\u00f3g] (N\u00fa., 1992. m\u00e1rc. 18.)<\/p>\n","protected":false},"featured_media":0,"comment_status":"open","ping_status":"closed","template":"","meta":[],"product_brand":[],"product_cat":[137],"product_tag":[],"class_list":{"0":"post-6137","1":"product","2":"type-product","3":"status-publish","5":"product_cat-maros-megyei-eletrajzi-lexikon","7":"first","8":"instock","9":"shipping-taxable","10":"product-type-simple"},"_links":{"self":[{"href":"https:\/\/uj.adatbank.ro\/lexikon\/wp-json\/wp\/v2\/product\/6137","targetHints":{"allow":["GET"]}}],"collection":[{"href":"https:\/\/uj.adatbank.ro\/lexikon\/wp-json\/wp\/v2\/product"}],"about":[{"href":"https:\/\/uj.adatbank.ro\/lexikon\/wp-json\/wp\/v2\/types\/product"}],"replies":[{"embeddable":true,"href":"https:\/\/uj.adatbank.ro\/lexikon\/wp-json\/wp\/v2\/comments?post=6137"}],"wp:attachment":[{"href":"https:\/\/uj.adatbank.ro\/lexikon\/wp-json\/wp\/v2\/media?parent=6137"}],"wp:term":[{"taxonomy":"product_brand","embeddable":true,"href":"https:\/\/uj.adatbank.ro\/lexikon\/wp-json\/wp\/v2\/product_brand?post=6137"},{"taxonomy":"product_cat","embeddable":true,"href":"https:\/\/uj.adatbank.ro\/lexikon\/wp-json\/wp\/v2\/product_cat?post=6137"},{"taxonomy":"product_tag","embeddable":true,"href":"https:\/\/uj.adatbank.ro\/lexikon\/wp-json\/wp\/v2\/product_tag?post=6137"}],"curies":[{"name":"wp","href":"https:\/\/api.w.org\/{rel}","templated":true}]}}