{"id":6138,"date":"2025-06-28T17:41:57","date_gmt":"2025-06-28T15:41:57","guid":{"rendered":"https:\/\/uj.adatbank.ro\/lexikon\/termek\/cserna-karoly\/"},"modified":"2025-06-28T17:41:57","modified_gmt":"2025-06-28T15:41:57","slug":"cserna-karoly","status":"publish","type":"product","link":"https:\/\/uj.adatbank.ro\/lexikon\/termek\/cserna-karoly\/","title":{"rendered":"CSERNA K\u00e1roly"},"content":{"rendered":"<p>1867. \u2020\u00a0? : fest\u0151. \u2013 A Vas\u00e1rnapi \u00dajs\u00e1g rajzol\u00f3ja, sok v\u00e1rosr\u00e9szr\u0151l, m\u0171eml\u00e9kr\u0151l k\u00e9sz\u00edtett pontos rajzokat. Az Osztr\u00e1k-M. Monarchia \u00edr\u00e1sban \u00e9s K\u00e9pben c. nagy m\u0171 sz\u00e1m\u00e1ra. <br \/><strong>Irod.:<\/strong> \u00daIL<\/br><\/p>\n","protected":false},"excerpt":{"rendered":"<p>1867. \u2020\u00a0? : fest\u0151. \u2013 A Vas\u00e1rnapi \u00dajs\u00e1g rajzol\u00f3ja, sok v\u00e1rosr\u00e9szr\u0151l, m\u0171eml\u00e9kr\u0151l k\u00e9sz\u00edtett pontos rajzokat. Az Osztr\u00e1k-M. Monarchia \u00edr\u00e1sban \u00e9s K\u00e9pben c. nagy m\u0171 sz\u00e1m\u00e1ra. Irod.: \u00daIL<\/p>\n","protected":false},"featured_media":0,"comment_status":"open","ping_status":"closed","template":"","meta":[],"product_brand":[],"product_cat":[137],"product_tag":[],"class_list":{"0":"post-6138","1":"product","2":"type-product","3":"status-publish","5":"product_cat-maros-megyei-eletrajzi-lexikon","7":"first","8":"instock","9":"shipping-taxable","10":"product-type-simple"},"_links":{"self":[{"href":"https:\/\/uj.adatbank.ro\/lexikon\/wp-json\/wp\/v2\/product\/6138","targetHints":{"allow":["GET"]}}],"collection":[{"href":"https:\/\/uj.adatbank.ro\/lexikon\/wp-json\/wp\/v2\/product"}],"about":[{"href":"https:\/\/uj.adatbank.ro\/lexikon\/wp-json\/wp\/v2\/types\/product"}],"replies":[{"embeddable":true,"href":"https:\/\/uj.adatbank.ro\/lexikon\/wp-json\/wp\/v2\/comments?post=6138"}],"wp:attachment":[{"href":"https:\/\/uj.adatbank.ro\/lexikon\/wp-json\/wp\/v2\/media?parent=6138"}],"wp:term":[{"taxonomy":"product_brand","embeddable":true,"href":"https:\/\/uj.adatbank.ro\/lexikon\/wp-json\/wp\/v2\/product_brand?post=6138"},{"taxonomy":"product_cat","embeddable":true,"href":"https:\/\/uj.adatbank.ro\/lexikon\/wp-json\/wp\/v2\/product_cat?post=6138"},{"taxonomy":"product_tag","embeddable":true,"href":"https:\/\/uj.adatbank.ro\/lexikon\/wp-json\/wp\/v2\/product_tag?post=6138"}],"curies":[{"name":"wp","href":"https:\/\/api.w.org\/{rel}","templated":true}]}}