{"id":6143,"date":"2025-06-28T17:42:09","date_gmt":"2025-06-28T15:42:09","guid":{"rendered":"https:\/\/uj.adatbank.ro\/lexikon\/termek\/csernath-istvan\/"},"modified":"2025-06-28T17:42:09","modified_gmt":"2025-06-28T15:42:09","slug":"csernath-istvan","status":"publish","type":"product","link":"https:\/\/uj.adatbank.ro\/lexikon\/termek\/csernath-istvan\/","title":{"rendered":"CSERN\u00c1TH Istv\u00e1n"},"content":{"rendered":"<p>1845.? \u2020 Mv., 1919. febr. 3.: hivatalnok. \u2013 Cs. J\u00f3zsef (\u20201876.?) \u00e9s Dab\u00f3czi Anna (1823\u20131882) fia. Feles\u00e9ge: Dab\u00f3czi R\u00f3z\u00e1lia. \u2013 A t\u00f6rv\u00e9nyhat\u00f3s\u00e1gi bizotts\u00e1g tagja Mv.-en, a ref. egyh\u00e1zk\u00f6zs\u00e9g presbitere. <br \/><strong>Irod.:<\/strong> Gy\u00e1szjelent\u0151; Mv. m\u0171v. v\u00e1r.<\/br><\/p>\n","protected":false},"excerpt":{"rendered":"<p>1845.? \u2020 Mv., 1919. febr. 3.: hivatalnok. \u2013 Cs. J\u00f3zsef (\u20201876.?) \u00e9s Dab\u00f3czi Anna (1823\u20131882) fia. Feles\u00e9ge: Dab\u00f3czi R\u00f3z\u00e1lia. \u2013 A t\u00f6rv\u00e9nyhat\u00f3s\u00e1gi bizotts\u00e1g tagja Mv.-en, a ref. egyh\u00e1zk\u00f6zs\u00e9g presbitere. Irod.: Gy\u00e1szjelent\u0151; Mv. m\u0171v. v\u00e1r.<\/p>\n","protected":false},"featured_media":0,"comment_status":"open","ping_status":"closed","template":"","meta":[],"product_brand":[],"product_cat":[137],"product_tag":[],"class_list":{"0":"post-6143","1":"product","2":"type-product","3":"status-publish","5":"product_cat-maros-megyei-eletrajzi-lexikon","7":"first","8":"instock","9":"shipping-taxable","10":"product-type-simple"},"_links":{"self":[{"href":"https:\/\/uj.adatbank.ro\/lexikon\/wp-json\/wp\/v2\/product\/6143","targetHints":{"allow":["GET"]}}],"collection":[{"href":"https:\/\/uj.adatbank.ro\/lexikon\/wp-json\/wp\/v2\/product"}],"about":[{"href":"https:\/\/uj.adatbank.ro\/lexikon\/wp-json\/wp\/v2\/types\/product"}],"replies":[{"embeddable":true,"href":"https:\/\/uj.adatbank.ro\/lexikon\/wp-json\/wp\/v2\/comments?post=6143"}],"wp:attachment":[{"href":"https:\/\/uj.adatbank.ro\/lexikon\/wp-json\/wp\/v2\/media?parent=6143"}],"wp:term":[{"taxonomy":"product_brand","embeddable":true,"href":"https:\/\/uj.adatbank.ro\/lexikon\/wp-json\/wp\/v2\/product_brand?post=6143"},{"taxonomy":"product_cat","embeddable":true,"href":"https:\/\/uj.adatbank.ro\/lexikon\/wp-json\/wp\/v2\/product_cat?post=6143"},{"taxonomy":"product_tag","embeddable":true,"href":"https:\/\/uj.adatbank.ro\/lexikon\/wp-json\/wp\/v2\/product_tag?post=6143"}],"curies":[{"name":"wp","href":"https:\/\/api.w.org\/{rel}","templated":true}]}}