{"id":6144,"date":"2025-06-28T17:42:10","date_gmt":"2025-06-28T15:42:10","guid":{"rendered":"https:\/\/uj.adatbank.ro\/lexikon\/termek\/csernath-jozsef\/"},"modified":"2025-06-28T17:42:10","modified_gmt":"2025-06-28T15:42:10","slug":"csernath-jozsef","status":"publish","type":"product","link":"https:\/\/uj.adatbank.ro\/lexikon\/termek\/csernath-jozsef\/","title":{"rendered":"CSERN\u00c1TH J\u00f3zsef"},"content":{"rendered":"<p>? \u2020\u00a0? : dr., \u00e1rvasz\u00e9ki \u00fcln\u00f6k, lapszerkeszt\u0151. \u2013 \u00c1rvasz\u00e9ki \u00fcln\u00f6ki tiszts\u00e9g\u00e9b\u0151l az imperium v\u00e1ltoz\u00e1skor mondott le (1919). Szerkesztette a Sz\u00e9kelyf\u00f6ld. c. lapot. Letart\u00f3ztatta a Siguran\u0163a \u00e9s h\u00e1zkutat\u00e1st tartottak n\u00e1la (1921), Kv.-on hadb\u00edr\u00f3s\u00e1g el\u00e9 \u00e1ll\u00edtott\u00e1k 67 t\u00e1rs\u00e1val egy\u00fctt, \u00f6sszeesk\u00fcv\u00e9s \u00e9s k\u00e9mked\u00e9s v\u00e1dj\u00e1val, majd Buk. -be sz\u00e1ll\u00edtott\u00e1k \u0151ket. <br \/><strong>Irod.:<\/strong> Id\u0151t\u00e1r 3<\/br><\/p>\n","protected":false},"excerpt":{"rendered":"<p>? \u2020\u00a0? : dr., \u00e1rvasz\u00e9ki \u00fcln\u00f6k, lapszerkeszt\u0151. \u2013 \u00c1rvasz\u00e9ki \u00fcln\u00f6ki tiszts\u00e9g\u00e9b\u0151l az imperium v\u00e1ltoz\u00e1skor mondott le (1919). Szerkesztette a Sz\u00e9kelyf\u00f6ld. c. lapot. Letart\u00f3ztatta a Siguran\u0163a \u00e9s h\u00e1zkutat\u00e1st tartottak n\u00e1la (1921), Kv.-on hadb\u00edr\u00f3s\u00e1g el\u00e9 \u00e1ll\u00edtott\u00e1k 67 t\u00e1rs\u00e1val egy\u00fctt, \u00f6sszeesk\u00fcv\u00e9s \u00e9s k\u00e9mked\u00e9s v\u00e1dj\u00e1val, majd Buk. -be sz\u00e1ll\u00edtott\u00e1k \u0151ket. Irod.: Id\u0151t\u00e1r 3<\/p>\n","protected":false},"featured_media":0,"comment_status":"open","ping_status":"closed","template":"","meta":[],"product_brand":[],"product_cat":[137],"product_tag":[],"class_list":{"0":"post-6144","1":"product","2":"type-product","3":"status-publish","5":"product_cat-maros-megyei-eletrajzi-lexikon","7":"first","8":"instock","9":"shipping-taxable","10":"product-type-simple"},"_links":{"self":[{"href":"https:\/\/uj.adatbank.ro\/lexikon\/wp-json\/wp\/v2\/product\/6144","targetHints":{"allow":["GET"]}}],"collection":[{"href":"https:\/\/uj.adatbank.ro\/lexikon\/wp-json\/wp\/v2\/product"}],"about":[{"href":"https:\/\/uj.adatbank.ro\/lexikon\/wp-json\/wp\/v2\/types\/product"}],"replies":[{"embeddable":true,"href":"https:\/\/uj.adatbank.ro\/lexikon\/wp-json\/wp\/v2\/comments?post=6144"}],"wp:attachment":[{"href":"https:\/\/uj.adatbank.ro\/lexikon\/wp-json\/wp\/v2\/media?parent=6144"}],"wp:term":[{"taxonomy":"product_brand","embeddable":true,"href":"https:\/\/uj.adatbank.ro\/lexikon\/wp-json\/wp\/v2\/product_brand?post=6144"},{"taxonomy":"product_cat","embeddable":true,"href":"https:\/\/uj.adatbank.ro\/lexikon\/wp-json\/wp\/v2\/product_cat?post=6144"},{"taxonomy":"product_tag","embeddable":true,"href":"https:\/\/uj.adatbank.ro\/lexikon\/wp-json\/wp\/v2\/product_tag?post=6144"}],"curies":[{"name":"wp","href":"https:\/\/api.w.org\/{rel}","templated":true}]}}