{"id":6146,"date":"2025-06-28T17:42:13","date_gmt":"2025-06-28T15:42:13","guid":{"rendered":"https:\/\/uj.adatbank.ro\/lexikon\/termek\/csernatoni-arpad\/"},"modified":"2025-06-28T17:42:13","modified_gmt":"2025-06-28T15:42:13","slug":"csernatoni-arpad","status":"publish","type":"product","link":"https:\/\/uj.adatbank.ro\/lexikon\/termek\/csernatoni-arpad\/","title":{"rendered":"CSERN\u00c1TONI \u00c1rp\u00e1d"},"content":{"rendered":"<p>Nagyernye, 1896., \u2020\u00a0? : birtokos. \u2013 Feles\u00e9ge: Moln\u00e1r M\u00e1ria. \u2013 Az \u0151si bortokon gazd\u00e1lkodott Nagyerny\u00e9ben. 40 h\u00f3napon \u00e1t az olasz, szerb, orosz \u00e9s francia fronton harcolt, t\u00f6bbsz\u00f6r kit\u00fcntett\u00e9k, megsebes\u00fclt. Vit\u00e9zz\u00e9 avatt\u00e1k (1942). <br \/><strong>Irod.:<\/strong> Erd\u00e9lyi v\u00e1rmegy\u00e9k<\/br><\/p>\n","protected":false},"excerpt":{"rendered":"<p>Nagyernye, 1896., \u2020\u00a0? : birtokos. \u2013 Feles\u00e9ge: Moln\u00e1r M\u00e1ria. \u2013 Az \u0151si bortokon gazd\u00e1lkodott Nagyerny\u00e9ben. 40 h\u00f3napon \u00e1t az olasz, szerb, orosz \u00e9s francia fronton harcolt, t\u00f6bbsz\u00f6r kit\u00fcntett\u00e9k, megsebes\u00fclt. Vit\u00e9zz\u00e9 avatt\u00e1k (1942). Irod.: Erd\u00e9lyi v\u00e1rmegy\u00e9k<\/p>\n","protected":false},"featured_media":0,"comment_status":"open","ping_status":"closed","template":"","meta":[],"product_brand":[],"product_cat":[137],"product_tag":[],"class_list":{"0":"post-6146","1":"product","2":"type-product","3":"status-publish","5":"product_cat-maros-megyei-eletrajzi-lexikon","7":"first","8":"instock","9":"shipping-taxable","10":"product-type-simple"},"_links":{"self":[{"href":"https:\/\/uj.adatbank.ro\/lexikon\/wp-json\/wp\/v2\/product\/6146","targetHints":{"allow":["GET"]}}],"collection":[{"href":"https:\/\/uj.adatbank.ro\/lexikon\/wp-json\/wp\/v2\/product"}],"about":[{"href":"https:\/\/uj.adatbank.ro\/lexikon\/wp-json\/wp\/v2\/types\/product"}],"replies":[{"embeddable":true,"href":"https:\/\/uj.adatbank.ro\/lexikon\/wp-json\/wp\/v2\/comments?post=6146"}],"wp:attachment":[{"href":"https:\/\/uj.adatbank.ro\/lexikon\/wp-json\/wp\/v2\/media?parent=6146"}],"wp:term":[{"taxonomy":"product_brand","embeddable":true,"href":"https:\/\/uj.adatbank.ro\/lexikon\/wp-json\/wp\/v2\/product_brand?post=6146"},{"taxonomy":"product_cat","embeddable":true,"href":"https:\/\/uj.adatbank.ro\/lexikon\/wp-json\/wp\/v2\/product_cat?post=6146"},{"taxonomy":"product_tag","embeddable":true,"href":"https:\/\/uj.adatbank.ro\/lexikon\/wp-json\/wp\/v2\/product_tag?post=6146"}],"curies":[{"name":"wp","href":"https:\/\/api.w.org\/{rel}","templated":true}]}}