{"id":6147,"date":"2025-06-28T17:42:15","date_gmt":"2025-06-28T15:42:15","guid":{"rendered":"https:\/\/uj.adatbank.ro\/lexikon\/termek\/csernatoni-csiki-gyorgy-csiki-gyorgy-csernatoni\/"},"modified":"2025-06-28T17:42:15","modified_gmt":"2025-06-28T15:42:15","slug":"csernatoni-csiki-gyorgy-csiki-gyorgy-csernatoni","status":"publish","type":"product","link":"https:\/\/uj.adatbank.ro\/lexikon\/termek\/csernatoni-csiki-gyorgy-csiki-gyorgy-csernatoni\/","title":{"rendered":"CSERN\u00c1TONI CS\u00cdKI Gy\u00f6rgy, Cs\u00edki Gy\u00f6rgy, csern\u00e1toni"},"content":{"rendered":"<p>1770 k., \u2020 Marosj\u00e1ra, 1828. dec. : ref. lelk\u00e9sz. \u2013 Apja Cs. J\u00e1kob lelk\u00e9sz (?, \u2020 1789). Testv\u00e9re S\u00e1muel. Feles\u00e9ge Moln\u00e1r \u00c1gnes. \u2013 A mv.-i matricola szerint Marburgban peregrin\u00e1lt, de ennek a vonatkoz\u00f3 adatt\u00e1rban nincs nyoma. Utrechtben peregrin\u00e1lt (1792\u201393). Lelk\u00e9sz Marosj\u00e1r\u00e1ban az \u00fajonnan \u00e9p\u00fclt (1773\u201384) ref. templomban \u00e9s lakott az \u00faj (1767\u201368) lelk\u00e9szi lak\u00e1sban. Itt lelk\u00e9sz hal\u00e1l\u00e1ig (1793 nyar\u00e1n v\u00e1lasztott\u00e1k meg\u20131828), tract. tan\u00e1csb\u00edr\u00f3 (assessor) (1805\u2013), tract. jegyz\u0151 (not\u00e1r) (1812\u2013), g\u00f6rg\u00e9nyi egyh\u00e1zmegye esperese (1821\u201328). A papi \u00e9s tan\u00edt\u00f3i lak\u00e1s, a templom le\u00e9gett (1801. m\u00e1j. 6.). ezek \u00fajra\u00e9p\u00edt\u00e9s\u00e9\u00e9rt megindult a gy\u0171jt\u00e9s m\u00e1r az \u0151 idej\u00e9ben. Ut\u00f3da Cs. Gy. (1801\u201370). <br \/><strong>Irod.:<\/strong> B\u00f6jthe Andor; \u0150sz<\/br><\/p>\n","protected":false},"excerpt":{"rendered":"<p>1770 k., \u2020 Marosj\u00e1ra, 1828. dec. : ref. lelk\u00e9sz. \u2013 Apja Cs. J\u00e1kob lelk\u00e9sz (?, \u2020 1789). Testv\u00e9re S\u00e1muel. Feles\u00e9ge Moln\u00e1r \u00c1gnes. \u2013 A mv.-i matricola szerint Marburgban peregrin\u00e1lt, de ennek a vonatkoz\u00f3 adatt\u00e1rban nincs nyoma. Utrechtben peregrin\u00e1lt (1792\u201393). Lelk\u00e9sz Marosj\u00e1r\u00e1ban az \u00fajonnan \u00e9p\u00fclt (1773\u201384) ref. templomban \u00e9s lakott az \u00faj (1767\u201368) lelk\u00e9szi lak\u00e1sban. Itt [&hellip;]<\/p>\n","protected":false},"featured_media":0,"comment_status":"open","ping_status":"closed","template":"","meta":[],"product_brand":[],"product_cat":[137],"product_tag":[],"class_list":{"0":"post-6147","1":"product","2":"type-product","3":"status-publish","5":"product_cat-maros-megyei-eletrajzi-lexikon","7":"first","8":"instock","9":"shipping-taxable","10":"product-type-simple"},"_links":{"self":[{"href":"https:\/\/uj.adatbank.ro\/lexikon\/wp-json\/wp\/v2\/product\/6147","targetHints":{"allow":["GET"]}}],"collection":[{"href":"https:\/\/uj.adatbank.ro\/lexikon\/wp-json\/wp\/v2\/product"}],"about":[{"href":"https:\/\/uj.adatbank.ro\/lexikon\/wp-json\/wp\/v2\/types\/product"}],"replies":[{"embeddable":true,"href":"https:\/\/uj.adatbank.ro\/lexikon\/wp-json\/wp\/v2\/comments?post=6147"}],"wp:attachment":[{"href":"https:\/\/uj.adatbank.ro\/lexikon\/wp-json\/wp\/v2\/media?parent=6147"}],"wp:term":[{"taxonomy":"product_brand","embeddable":true,"href":"https:\/\/uj.adatbank.ro\/lexikon\/wp-json\/wp\/v2\/product_brand?post=6147"},{"taxonomy":"product_cat","embeddable":true,"href":"https:\/\/uj.adatbank.ro\/lexikon\/wp-json\/wp\/v2\/product_cat?post=6147"},{"taxonomy":"product_tag","embeddable":true,"href":"https:\/\/uj.adatbank.ro\/lexikon\/wp-json\/wp\/v2\/product_tag?post=6147"}],"curies":[{"name":"wp","href":"https:\/\/api.w.org\/{rel}","templated":true}]}}