{"id":6148,"date":"2025-06-28T17:42:19","date_gmt":"2025-06-28T15:42:19","guid":{"rendered":"https:\/\/uj.adatbank.ro\/lexikon\/termek\/csernatoni-csiki-jakob-csernatoni-cernatoni-csiki-jakab-csiki-jakab-csernatoni\/"},"modified":"2025-06-28T17:42:19","modified_gmt":"2025-06-28T15:42:19","slug":"csernatoni-csiki-jakob-csernatoni-cernatoni-csiki-jakab-csiki-jakab-csernatoni","status":"publish","type":"product","link":"https:\/\/uj.adatbank.ro\/lexikon\/termek\/csernatoni-csiki-jakob-csernatoni-cernatoni-csiki-jakab-csiki-jakab-csernatoni\/","title":{"rendered":"CSERN\u00c1TONI CS\u00cdKI J\u00e1kob, csern\u00e1toni, Cern\u00e1toni Csiki Jakab, Csiki Jakab, csern\u00e1toni"},"content":{"rendered":"<p>? \u2020 Erd\u0151csin\u00e1d, 1789. jan.: ref. lelk\u00e9sz. \u2013 Fiai: S\u00e1muel, Gy\u00f6rgy lelk\u00e9szek. \u2013 Kv.-on subscrib\u00e1lt (1750 k.). A g\u00f6rg\u00e9nyi egyh\u00e1zmegy\u00e9hez ker\u00fclt (1760. j\u00fan. 4.): Mez\u0151k\u00f6b\u00f6lk\u00faton (1761\u201364), Magyarr\u00e9genben (1764\u201372) volt lp. \u00e9s tan\u00edt\u00f3, abban a templomban, amelyet az elapadt evang\u00e9likus sz\u00e1szokt\u00f3l vettek el (1673). Erd\u0151csin\u00e1don folytatta tev\u00e9kenys\u00e9g\u00e9t (1773\u201389), fia volt a k\u00e1pl\u00e1n mellette (1787\u201389). Az \u00faj ref. templom \u00e9p\u00edt\u00e9s\u00e9ben j\u00e1tszott szerepet (1783\u201389). <br \/><strong>Irod.:<\/strong> B\u00f6jthe Andor; \u0150sz<\/br><\/p>\n","protected":false},"excerpt":{"rendered":"<p>? \u2020 Erd\u0151csin\u00e1d, 1789. jan.: ref. lelk\u00e9sz. \u2013 Fiai: S\u00e1muel, Gy\u00f6rgy lelk\u00e9szek. \u2013 Kv.-on subscrib\u00e1lt (1750 k.). A g\u00f6rg\u00e9nyi egyh\u00e1zmegy\u00e9hez ker\u00fclt (1760. j\u00fan. 4.): Mez\u0151k\u00f6b\u00f6lk\u00faton (1761\u201364), Magyarr\u00e9genben (1764\u201372) volt lp. \u00e9s tan\u00edt\u00f3, abban a templomban, amelyet az elapadt evang\u00e9likus sz\u00e1szokt\u00f3l vettek el (1673). Erd\u0151csin\u00e1don folytatta tev\u00e9kenys\u00e9g\u00e9t (1773\u201389), fia volt a k\u00e1pl\u00e1n mellette (1787\u201389). Az \u00faj [&hellip;]<\/p>\n","protected":false},"featured_media":0,"comment_status":"open","ping_status":"closed","template":"","meta":[],"product_brand":[],"product_cat":[137],"product_tag":[],"class_list":{"0":"post-6148","1":"product","2":"type-product","3":"status-publish","5":"product_cat-maros-megyei-eletrajzi-lexikon","7":"first","8":"instock","9":"shipping-taxable","10":"product-type-simple"},"_links":{"self":[{"href":"https:\/\/uj.adatbank.ro\/lexikon\/wp-json\/wp\/v2\/product\/6148","targetHints":{"allow":["GET"]}}],"collection":[{"href":"https:\/\/uj.adatbank.ro\/lexikon\/wp-json\/wp\/v2\/product"}],"about":[{"href":"https:\/\/uj.adatbank.ro\/lexikon\/wp-json\/wp\/v2\/types\/product"}],"replies":[{"embeddable":true,"href":"https:\/\/uj.adatbank.ro\/lexikon\/wp-json\/wp\/v2\/comments?post=6148"}],"wp:attachment":[{"href":"https:\/\/uj.adatbank.ro\/lexikon\/wp-json\/wp\/v2\/media?parent=6148"}],"wp:term":[{"taxonomy":"product_brand","embeddable":true,"href":"https:\/\/uj.adatbank.ro\/lexikon\/wp-json\/wp\/v2\/product_brand?post=6148"},{"taxonomy":"product_cat","embeddable":true,"href":"https:\/\/uj.adatbank.ro\/lexikon\/wp-json\/wp\/v2\/product_cat?post=6148"},{"taxonomy":"product_tag","embeddable":true,"href":"https:\/\/uj.adatbank.ro\/lexikon\/wp-json\/wp\/v2\/product_tag?post=6148"}],"curies":[{"name":"wp","href":"https:\/\/api.w.org\/{rel}","templated":true}]}}