{"id":6149,"date":"2025-06-28T17:42:20","date_gmt":"2025-06-28T15:42:20","guid":{"rendered":"https:\/\/uj.adatbank.ro\/lexikon\/termek\/csernatoni-csiki-samuel-csernatoni-csiki-samuel-csernatoni\/"},"modified":"2025-06-28T17:42:20","modified_gmt":"2025-06-28T15:42:20","slug":"csernatoni-csiki-samuel-csernatoni-csiki-samuel-csernatoni","status":"publish","type":"product","link":"https:\/\/uj.adatbank.ro\/lexikon\/termek\/csernatoni-csiki-samuel-csernatoni-csiki-samuel-csernatoni\/","title":{"rendered":"CSERN\u00c1TONI CS\u00cdKI S\u00e1muel, csern\u00e1toni, Csiki S\u00e1muel, csern\u00e1toni"},"content":{"rendered":"<p>? \u2020 1837: ref. lelk\u00e9sz. \u2013 Apja: Cs. J\u00e1kob \/ Jakab. Testv\u00e9re: Gy\u00f6rgy. Feles\u00e9ge P\u00e9terfi Zsuzs\u00e1nna. \u2013 Kv.-on subscrib\u00e1lt (1780 k.). A sz\u00e9kelyudvarhelyi zsinaton szentelt\u00e9k papp\u00e1 (1788). Erd\u0151csin\u00e1don apja mellett volt k\u00e1pl\u00e1n (1787\u201389), majd lelk\u00e9szk\u00e9nt szolg\u00e1lt ott hal\u00e1l\u00e1ig (1789\u20131837). Az \u00faj ref. templom \u00e9p\u00edt\u00e9s\u00e9t apj\u00e1val kis\u00e9rt\u00e9k figyelemmel (1783\u201389). Az erd\u0151csin\u00e1di fili\u00e1lisban, Kisilly\u00e9n lp. (1787\u20131837), \u00e1tj\u00e1rt szolg\u00e1lni Marosj\u00e1r\u00e1ba (1793 els\u0151 fel\u00e9ben), amikor ott lelk\u00e9sz hi\u00e1ny volt, de nem \u0151t, hanem \u00f6ccs\u00e9t Cs. Gy\u00f6rgy\u00f6t, a lp. k\u00e9pz\u0151b\u0151l, v\u00e1lasztotta meg a j\u00e1rai gy\u00fclekezet (1793). <br \/><strong>Irod.:<\/strong> B\u00f6jthe Andor; \u0150sz<\/br><\/p>\n","protected":false},"excerpt":{"rendered":"<p>? \u2020 1837: ref. lelk\u00e9sz. \u2013 Apja: Cs. J\u00e1kob \/ Jakab. Testv\u00e9re: Gy\u00f6rgy. Feles\u00e9ge P\u00e9terfi Zsuzs\u00e1nna. \u2013 Kv.-on subscrib\u00e1lt (1780 k.). A sz\u00e9kelyudvarhelyi zsinaton szentelt\u00e9k papp\u00e1 (1788). Erd\u0151csin\u00e1don apja mellett volt k\u00e1pl\u00e1n (1787\u201389), majd lelk\u00e9szk\u00e9nt szolg\u00e1lt ott hal\u00e1l\u00e1ig (1789\u20131837). Az \u00faj ref. templom \u00e9p\u00edt\u00e9s\u00e9t apj\u00e1val kis\u00e9rt\u00e9k figyelemmel (1783\u201389). Az erd\u0151csin\u00e1di fili\u00e1lisban, Kisilly\u00e9n lp. (1787\u20131837), \u00e1tj\u00e1rt [&hellip;]<\/p>\n","protected":false},"featured_media":0,"comment_status":"open","ping_status":"closed","template":"","meta":[],"product_brand":[],"product_cat":[137],"product_tag":[],"class_list":{"0":"post-6149","1":"product","2":"type-product","3":"status-publish","5":"product_cat-maros-megyei-eletrajzi-lexikon","7":"first","8":"instock","9":"shipping-taxable","10":"product-type-simple"},"_links":{"self":[{"href":"https:\/\/uj.adatbank.ro\/lexikon\/wp-json\/wp\/v2\/product\/6149","targetHints":{"allow":["GET"]}}],"collection":[{"href":"https:\/\/uj.adatbank.ro\/lexikon\/wp-json\/wp\/v2\/product"}],"about":[{"href":"https:\/\/uj.adatbank.ro\/lexikon\/wp-json\/wp\/v2\/types\/product"}],"replies":[{"embeddable":true,"href":"https:\/\/uj.adatbank.ro\/lexikon\/wp-json\/wp\/v2\/comments?post=6149"}],"wp:attachment":[{"href":"https:\/\/uj.adatbank.ro\/lexikon\/wp-json\/wp\/v2\/media?parent=6149"}],"wp:term":[{"taxonomy":"product_brand","embeddable":true,"href":"https:\/\/uj.adatbank.ro\/lexikon\/wp-json\/wp\/v2\/product_brand?post=6149"},{"taxonomy":"product_cat","embeddable":true,"href":"https:\/\/uj.adatbank.ro\/lexikon\/wp-json\/wp\/v2\/product_cat?post=6149"},{"taxonomy":"product_tag","embeddable":true,"href":"https:\/\/uj.adatbank.ro\/lexikon\/wp-json\/wp\/v2\/product_tag?post=6149"}],"curies":[{"name":"wp","href":"https:\/\/api.w.org\/{rel}","templated":true}]}}