{"id":6150,"date":"2025-06-28T17:42:21","date_gmt":"2025-06-28T15:42:21","guid":{"rendered":"https:\/\/uj.adatbank.ro\/lexikon\/termek\/csernatoni-ferenc-alsocsernatoni\/"},"modified":"2025-06-28T17:42:21","modified_gmt":"2025-06-28T15:42:21","slug":"csernatoni-ferenc-alsocsernatoni","status":"publish","type":"product","link":"https:\/\/uj.adatbank.ro\/lexikon\/termek\/csernatoni-ferenc-alsocsernatoni\/","title":{"rendered":"CSERN\u00c1TONI Ferenc, als\u00f3csern\u00e1toni"},"content":{"rendered":"<p>1735.? \u2020\u00a0Mv., 1798. A mv.-i Keresztel\u0151 Szent J\u00e1nos-pl\u00e9b\u00e1nia kript\u00e1j\u00e1ba temett\u00e9k: csend\u0151rbiztos, protonot\u00e1rius. \u2013 M\u00e1ria Ter\u00e9zia idej\u00e9n a test\u0151rs\u00e9gi lovasszakaszn\u00e1l szolg\u00e1lt, majd a provincia els\u0151 csend\u0151rbiztosa, h\u00e1rom \u00e9vvel k\u00e9s\u0151bb az Erd\u00e9lyi Nagyfejedelems\u00e9gben \u00edt\u00e9l\u0151mester. <br \/><strong>Irod.:<\/strong> Mv.-i Pl\u00e9b\u00e1niatemplom kript\u00e1ja; Pusk\u00e1s Attila \u2013 s\u00edrfeliratok<\/br><\/p>\n","protected":false},"excerpt":{"rendered":"<p>1735.? \u2020\u00a0Mv., 1798. A mv.-i Keresztel\u0151 Szent J\u00e1nos-pl\u00e9b\u00e1nia kript\u00e1j\u00e1ba temett\u00e9k: csend\u0151rbiztos, protonot\u00e1rius. \u2013 M\u00e1ria Ter\u00e9zia idej\u00e9n a test\u0151rs\u00e9gi lovasszakaszn\u00e1l szolg\u00e1lt, majd a provincia els\u0151 csend\u0151rbiztosa, h\u00e1rom \u00e9vvel k\u00e9s\u0151bb az Erd\u00e9lyi Nagyfejedelems\u00e9gben \u00edt\u00e9l\u0151mester. Irod.: Mv.-i Pl\u00e9b\u00e1niatemplom kript\u00e1ja; Pusk\u00e1s Attila \u2013 s\u00edrfeliratok<\/p>\n","protected":false},"featured_media":0,"comment_status":"open","ping_status":"closed","template":"","meta":[],"product_brand":[],"product_cat":[137],"product_tag":[],"class_list":{"0":"post-6150","1":"product","2":"type-product","3":"status-publish","5":"product_cat-maros-megyei-eletrajzi-lexikon","7":"first","8":"instock","9":"shipping-taxable","10":"product-type-simple"},"_links":{"self":[{"href":"https:\/\/uj.adatbank.ro\/lexikon\/wp-json\/wp\/v2\/product\/6150","targetHints":{"allow":["GET"]}}],"collection":[{"href":"https:\/\/uj.adatbank.ro\/lexikon\/wp-json\/wp\/v2\/product"}],"about":[{"href":"https:\/\/uj.adatbank.ro\/lexikon\/wp-json\/wp\/v2\/types\/product"}],"replies":[{"embeddable":true,"href":"https:\/\/uj.adatbank.ro\/lexikon\/wp-json\/wp\/v2\/comments?post=6150"}],"wp:attachment":[{"href":"https:\/\/uj.adatbank.ro\/lexikon\/wp-json\/wp\/v2\/media?parent=6150"}],"wp:term":[{"taxonomy":"product_brand","embeddable":true,"href":"https:\/\/uj.adatbank.ro\/lexikon\/wp-json\/wp\/v2\/product_brand?post=6150"},{"taxonomy":"product_cat","embeddable":true,"href":"https:\/\/uj.adatbank.ro\/lexikon\/wp-json\/wp\/v2\/product_cat?post=6150"},{"taxonomy":"product_tag","embeddable":true,"href":"https:\/\/uj.adatbank.ro\/lexikon\/wp-json\/wp\/v2\/product_tag?post=6150"}],"curies":[{"name":"wp","href":"https:\/\/api.w.org\/{rel}","templated":true}]}}