{"id":6153,"date":"2025-06-28T17:42:26","date_gmt":"2025-06-28T15:42:26","guid":{"rendered":"https:\/\/uj.adatbank.ro\/lexikon\/termek\/csernatoni-gyorgy\/"},"modified":"2025-06-28T17:42:26","modified_gmt":"2025-06-28T15:42:26","slug":"csernatoni-gyorgy","status":"publish","type":"product","link":"https:\/\/uj.adatbank.ro\/lexikon\/termek\/csernatoni-gyorgy\/","title":{"rendered":"CSERN\u00c1TONI Gy\u00f6rgy"},"content":{"rendered":"<p>Radn\u00f3tf\u00e1ja, 1889., \u2020\u00a0? : k\u00f6zs\u00e9gi b\u00edr\u00f3. \u2013Sz\u00fcl\u0151faluja b\u00edr\u00e1ja (1940\u2013), a Hangya \u00e9s a Hitelsz\u00f6vetkezet, valamint a Gazdak\u00f6r \u00fcgyvezet\u0151 eln\u00f6ke, a f\u00fav\u00f3szenekar aleln\u00f6ke. <br \/><strong>Irod.:<\/strong> Sz\u00e9kelyf\u00f6ld \u00ed. k<\/br><\/p>\n","protected":false},"excerpt":{"rendered":"<p>Radn\u00f3tf\u00e1ja, 1889., \u2020\u00a0? : k\u00f6zs\u00e9gi b\u00edr\u00f3. \u2013Sz\u00fcl\u0151faluja b\u00edr\u00e1ja (1940\u2013), a Hangya \u00e9s a Hitelsz\u00f6vetkezet, valamint a Gazdak\u00f6r \u00fcgyvezet\u0151 eln\u00f6ke, a f\u00fav\u00f3szenekar aleln\u00f6ke. Irod.: Sz\u00e9kelyf\u00f6ld \u00ed. k<\/p>\n","protected":false},"featured_media":0,"comment_status":"open","ping_status":"closed","template":"","meta":[],"product_brand":[],"product_cat":[137],"product_tag":[],"class_list":{"0":"post-6153","1":"product","2":"type-product","3":"status-publish","5":"product_cat-maros-megyei-eletrajzi-lexikon","7":"first","8":"instock","9":"shipping-taxable","10":"product-type-simple"},"_links":{"self":[{"href":"https:\/\/uj.adatbank.ro\/lexikon\/wp-json\/wp\/v2\/product\/6153","targetHints":{"allow":["GET"]}}],"collection":[{"href":"https:\/\/uj.adatbank.ro\/lexikon\/wp-json\/wp\/v2\/product"}],"about":[{"href":"https:\/\/uj.adatbank.ro\/lexikon\/wp-json\/wp\/v2\/types\/product"}],"replies":[{"embeddable":true,"href":"https:\/\/uj.adatbank.ro\/lexikon\/wp-json\/wp\/v2\/comments?post=6153"}],"wp:attachment":[{"href":"https:\/\/uj.adatbank.ro\/lexikon\/wp-json\/wp\/v2\/media?parent=6153"}],"wp:term":[{"taxonomy":"product_brand","embeddable":true,"href":"https:\/\/uj.adatbank.ro\/lexikon\/wp-json\/wp\/v2\/product_brand?post=6153"},{"taxonomy":"product_cat","embeddable":true,"href":"https:\/\/uj.adatbank.ro\/lexikon\/wp-json\/wp\/v2\/product_cat?post=6153"},{"taxonomy":"product_tag","embeddable":true,"href":"https:\/\/uj.adatbank.ro\/lexikon\/wp-json\/wp\/v2\/product_tag?post=6153"}],"curies":[{"name":"wp","href":"https:\/\/api.w.org\/{rel}","templated":true}]}}