{"id":6157,"date":"2025-06-28T17:42:33","date_gmt":"2025-06-28T15:42:33","guid":{"rendered":"https:\/\/uj.adatbank.ro\/lexikon\/termek\/csernatoni-samuel\/"},"modified":"2025-06-28T17:42:33","modified_gmt":"2025-06-28T15:42:33","slug":"csernatoni-samuel","status":"publish","type":"product","link":"https:\/\/uj.adatbank.ro\/lexikon\/termek\/csernatoni-samuel\/","title":{"rendered":"CSERN\u00c1TONI S\u00e1muel"},"content":{"rendered":"<p>? \u2020 ?\u00a0: tan\u00e1r, k\u00f6nyvt\u00e1ros. \u2013 A mv.-i Ref. Koll.-ban tan\u00e1r, k\u00f6nyvt\u00e1ros (1804. jan. 1. \u2013 1807. j\u00fal. 16.). <br \/><strong>Irod.:<\/strong> Koncz 1879; Nemes Gyula: Szakr\u00e1lis eml\u00e9kek. = P\u00e1l-Antal \u2013 Simon<\/br><\/p>\n","protected":false},"excerpt":{"rendered":"<p>? \u2020 ?\u00a0: tan\u00e1r, k\u00f6nyvt\u00e1ros. \u2013 A mv.-i Ref. Koll.-ban tan\u00e1r, k\u00f6nyvt\u00e1ros (1804. jan. 1. \u2013 1807. j\u00fal. 16.). Irod.: Koncz 1879; Nemes Gyula: Szakr\u00e1lis eml\u00e9kek. = P\u00e1l-Antal \u2013 Simon<\/p>\n","protected":false},"featured_media":0,"comment_status":"open","ping_status":"closed","template":"","meta":[],"product_brand":[],"product_cat":[137],"product_tag":[],"class_list":{"0":"post-6157","1":"product","2":"type-product","3":"status-publish","5":"product_cat-maros-megyei-eletrajzi-lexikon","7":"first","8":"instock","9":"shipping-taxable","10":"product-type-simple"},"_links":{"self":[{"href":"https:\/\/uj.adatbank.ro\/lexikon\/wp-json\/wp\/v2\/product\/6157","targetHints":{"allow":["GET"]}}],"collection":[{"href":"https:\/\/uj.adatbank.ro\/lexikon\/wp-json\/wp\/v2\/product"}],"about":[{"href":"https:\/\/uj.adatbank.ro\/lexikon\/wp-json\/wp\/v2\/types\/product"}],"replies":[{"embeddable":true,"href":"https:\/\/uj.adatbank.ro\/lexikon\/wp-json\/wp\/v2\/comments?post=6157"}],"wp:attachment":[{"href":"https:\/\/uj.adatbank.ro\/lexikon\/wp-json\/wp\/v2\/media?parent=6157"}],"wp:term":[{"taxonomy":"product_brand","embeddable":true,"href":"https:\/\/uj.adatbank.ro\/lexikon\/wp-json\/wp\/v2\/product_brand?post=6157"},{"taxonomy":"product_cat","embeddable":true,"href":"https:\/\/uj.adatbank.ro\/lexikon\/wp-json\/wp\/v2\/product_cat?post=6157"},{"taxonomy":"product_tag","embeddable":true,"href":"https:\/\/uj.adatbank.ro\/lexikon\/wp-json\/wp\/v2\/product_tag?post=6157"}],"curies":[{"name":"wp","href":"https:\/\/api.w.org\/{rel}","templated":true}]}}