{"id":6160,"date":"2025-06-28T17:42:42","date_gmt":"2025-06-28T15:42:42","guid":{"rendered":"https:\/\/uj.adatbank.ro\/lexikon\/termek\/csernatoni-vajda-samuel-alsocsernatoni\/"},"modified":"2025-06-28T17:42:42","modified_gmt":"2025-06-28T15:42:42","slug":"csernatoni-vajda-samuel-alsocsernatoni","status":"publish","type":"product","link":"https:\/\/uj.adatbank.ro\/lexikon\/termek\/csernatoni-vajda-samuel-alsocsernatoni\/","title":{"rendered":"CSERN\u00c1TONI VAJDA S\u00e1muel, als\u00f3csern\u00e1toni"},"content":{"rendered":"<p>1820.?, \u2020\u00a0Kv., 1889. \u00e1pr. 22. : b\u00edr\u00f3. \u2013 Kir alj\u00e1r\u00e1sb\u00edr\u00f3. 1848\u201349-es honv\u00e9dtiszt. <br \/><strong>Irod.:<\/strong> Gy\u00e1szjelent\u0151<\/br><\/p>\n","protected":false},"excerpt":{"rendered":"<p>1820.?, \u2020\u00a0Kv., 1889. \u00e1pr. 22. : b\u00edr\u00f3. \u2013 Kir alj\u00e1r\u00e1sb\u00edr\u00f3. 1848\u201349-es honv\u00e9dtiszt. Irod.: Gy\u00e1szjelent\u0151<\/p>\n","protected":false},"featured_media":0,"comment_status":"open","ping_status":"closed","template":"","meta":[],"product_brand":[],"product_cat":[137],"product_tag":[],"class_list":{"0":"post-6160","1":"product","2":"type-product","3":"status-publish","5":"product_cat-maros-megyei-eletrajzi-lexikon","7":"first","8":"instock","9":"shipping-taxable","10":"product-type-simple"},"_links":{"self":[{"href":"https:\/\/uj.adatbank.ro\/lexikon\/wp-json\/wp\/v2\/product\/6160","targetHints":{"allow":["GET"]}}],"collection":[{"href":"https:\/\/uj.adatbank.ro\/lexikon\/wp-json\/wp\/v2\/product"}],"about":[{"href":"https:\/\/uj.adatbank.ro\/lexikon\/wp-json\/wp\/v2\/types\/product"}],"replies":[{"embeddable":true,"href":"https:\/\/uj.adatbank.ro\/lexikon\/wp-json\/wp\/v2\/comments?post=6160"}],"wp:attachment":[{"href":"https:\/\/uj.adatbank.ro\/lexikon\/wp-json\/wp\/v2\/media?parent=6160"}],"wp:term":[{"taxonomy":"product_brand","embeddable":true,"href":"https:\/\/uj.adatbank.ro\/lexikon\/wp-json\/wp\/v2\/product_brand?post=6160"},{"taxonomy":"product_cat","embeddable":true,"href":"https:\/\/uj.adatbank.ro\/lexikon\/wp-json\/wp\/v2\/product_cat?post=6160"},{"taxonomy":"product_tag","embeddable":true,"href":"https:\/\/uj.adatbank.ro\/lexikon\/wp-json\/wp\/v2\/product_tag?post=6160"}],"curies":[{"name":"wp","href":"https:\/\/api.w.org\/{rel}","templated":true}]}}